{"id":1807341,"date":"2025-03-28T18:02:30","date_gmt":"2025-03-28T16:02:30","guid":{"rendered":"https:\/\/liquidmaster.pl\/kovax-chargema-x-31-3o-kit\/"},"modified":"2026-04-18T04:40:14","modified_gmt":"2026-04-18T02:40:14","slug":"kovax-chargema-x-31-3o-kit","status":"publish","type":"product","link":"https:\/\/liquidmaster.pl\/en\/kovax-chargema-x-313o-kit\/","title":{"rendered":"Kovax ChargeMa-X 31\/3O KIT"},"content":{"rendered":"<p>Szlifierka akumulatorowa o \u015brednicy 31 mm to doskona\u0142e narz\u0119dzie, kt\u00f3re umo\u017cliwia precyzyjne i skuteczne usuwanie wtr\u0105ce\u0144 lakierniczych, pozwalaj\u0105c Ci uzyska\u0107 profesjonalny efekt wyko\u0144czenia powierzchni. Dzi\u0119ki akumulatorowi mo\u017cna pracowa\u0107 w miejscach bez dost\u0119pu do \u017ar\u00f3d\u0142a zasilania i unikn\u0105\u0107 uci\u0105\u017cliwych kabli.<\/p>\n<p>Szlifierka zapewnia precyzj\u0119, efektywno\u015b\u0107 i mobilno\u015b\u0107 w procesie naprawy lakieru.<\/p>\n<p>Characteristics:<\/p>\n<ul>\n<li>Doskona\u0142a harmonia z systemem Kovax: Specjalnie zaprojektowany jako uzupe\u0142nienie kr\u0105\u017ck\u00f3w Tolecut \u00f834 mm, zapewniaj\u0105cy p\u0142ynne i bezpieczne szlifowanie. Dost\u0119pne gradacje: K800, K1200, K1500, K2000, K2500, K3000.<\/li>\n<li>Ergonomiczny Design: Specjalnie zaprojektowany uchwyt i ergonomiczna konstrukcja sprawiaj\u0105, \u017ce narz\u0119dzie jest \u0142atwe w obs\u0142udze, zapewniaj\u0105c wygod\u0119 podczas u\u017cytkowania nawet w trudno dost\u0119pnych miejscach.<\/li>\n<li>\u0141atwa Obs\u0142uga: Prosta obs\u0142uga i wymiana akumulatora sprawiaj\u0105, \u017ce nasza szlifierka jest idealnym narz\u0119dziem zar\u00f3wno dla profesjonalist\u00f3w, jak i hobbyst\u00f3w.<\/li>\n<li>Szybkie \u0142adowanie, trwa\u0142a wydajno\u015b\u0107: Szybka \u0142adowarka i trwa\u0142a bateria, zapewniaj\u0105 ci\u0105g\u0142\u0105 prac\u0119.<\/li>\n<li>Wygoda: Swoboda pracy w dowolnym miejscu, bez ogranicze\u0144 zwi\u0105zanych z kablem czy przewodem<\/li>\n<\/ul>\n<p>Specification:<\/p>\n<p>Model 31\/3O<\/p>\n<ul>\n<li>Numer katalogowy: 910-0790<\/li>\n<li>\u015arednica tarczy: 31 mm<\/li>\n<li>Waga (bez baterii): 0,495 kg<\/li>\n<li>Napi\u0119cie wej\u015bciowe: 10.8 V pr\u0105du sta\u0142ego<\/li>\n<li>Warranty: 2 years<\/li>\n<\/ul>\n<p>Aby jeszcze bardziej u\u0142atwi\u0107 zakup tej szlifierki, po\u0142\u0105czyli\u015bmy wszystkie niezb\u0119dne produkty w jednym wygodnym zestawie. A to wszystko w wygodnej torbie, kt\u00f3ra dzi\u0119ki przegrodom w \u015brodku idealnie sprawdza si\u0119 jako organizer na system do usuwania wtr\u0105ce\u0144 oraz na pasty polerskie i pady.<\/p>\n<p>Set contains:<\/p>\n<ul>\n<li>ChargeMa-X 31\/3 Akumulatorowa szlifierka orbitalna Touch-Up 31mm<\/li>\n<li>ChargeMa-X Akumulator 2,5AH \u2013 10.8V<\/li>\n<li>ChargeMa-X Stacja do \u0142adowania akumulator\u00f3w 10.8V<\/li>\n<li>Torba Kovax<\/li>\n<li>Tarcze do szlifierki na rzep i na klej oraz przek\u0142adka Stick-On<\/li>\n<\/ul>","protected":false},"excerpt":{"rendered":"<p>Szlifierka akumulatorowa o \u015brednicy 31 mm to doskona\u0142e narz\u0119dzie, kt\u00f3re umo\u017cliwia precyzyjne i skuteczne usuwanie wtr\u0105ce\u0144 lakierniczych, pozwalaj\u0105c Ci uzyska\u0107 profesjonalny efekt wyko\u0144czenia powierzchni. Dzi\u0119ki akumulatorowi mo\u017cna pracowa\u0107 w miejscach bez dost\u0119pu do \u017ar\u00f3d\u0142a zasilania i unikn\u0105\u0107 uci\u0105\u017cliwych kabli. Szlifierka zapewnia precyzj\u0119, efektywno\u015b\u0107 i mobilno\u015b\u0107 w procesie naprawy lakieru. Cechy: Doskona\u0142a harmonia z systemem Kovax:&hellip;&nbsp;<a href=\"https:\/\/liquidmaster.pl\/en\/kovax-chargema-x-313o-kit\/\" rel=\"bookmark\">Read More \u00bb<span class=\"screen-reader-text\">Kovax ChargeMa-X 31\/3O KIT<\/span><\/a><\/p>","protected":false},"featured_media":1850339,"comment_status":"open","ping_status":"open","template":"","meta":{"neve_meta_sidebar":"","neve_meta_container":"","neve_meta_enable_content_width":"","neve_meta_content_width":0,"neve_meta_title_alignment":"","neve_meta_author_avatar":"","neve_post_elements_order":"","neve_meta_disable_header":"","neve_meta_disable_footer":"","neve_meta_disable_title":"","_themeisle_gutenberg_block_has_review":false},"product_brand":[],"product_cat":[806,828,748],"product_tag":[314],"class_list":{"0":"post-1807341","1":"product","2":"type-product","3":"status-publish","4":"has-post-thumbnail","6":"product_cat-maszyny-polerskie","7":"product_cat-maszyny-rotacyjne","8":"product_cat-polerowanie","9":"product_tag-kovax","11":"first","12":"outofstock","13":"taxable","14":"shipping-taxable","15":"purchasable","16":"product-type-simple"},"_links":{"self":[{"href":"https:\/\/liquidmaster.pl\/en\/wp-json\/wp\/v2\/product\/1807341","targetHints":{"allow":["GET"]}}],"collection":[{"href":"https:\/\/liquidmaster.pl\/en\/wp-json\/wp\/v2\/product"}],"about":[{"href":"https:\/\/liquidmaster.pl\/en\/wp-json\/wp\/v2\/types\/product"}],"replies":[{"embeddable":true,"href":"https:\/\/liquidmaster.pl\/en\/wp-json\/wp\/v2\/comments?post=1807341"}],"wp:featuredmedia":[{"embeddable":true,"href":"https:\/\/liquidmaster.pl\/en\/wp-json\/wp\/v2\/media\/1850339"}],"wp:attachment":[{"href":"https:\/\/liquidmaster.pl\/en\/wp-json\/wp\/v2\/media?parent=1807341"}],"wp:term":[{"taxonomy":"product_brand","embeddable":true,"href":"https:\/\/liquidmaster.pl\/en\/wp-json\/wp\/v2\/product_brand?post=1807341"},{"taxonomy":"product_cat","embeddable":true,"href":"https:\/\/liquidmaster.pl\/en\/wp-json\/wp\/v2\/product_cat?post=1807341"},{"taxonomy":"product_tag","embeddable":true,"href":"https:\/\/liquidmaster.pl\/en\/wp-json\/wp\/v2\/product_tag?post=1807341"}],"curies":[{"name":"wp","href":"https:\/\/api.w.org\/{rel}","templated":true}]}}