{"id":1807339,"date":"2025-03-28T18:02:30","date_gmt":"2025-03-28T16:02:30","guid":{"rendered":"https:\/\/liquidmaster.pl\/poka-premium-niski-wozek-na-akcesoria\/"},"modified":"2026-04-20T08:20:21","modified_gmt":"2026-04-20T06:20:21","slug":"poka-premium-niski-wozek-na-akcesoria","status":"publish","type":"product","link":"https:\/\/liquidmaster.pl\/en\/poka-premium-niski-wozek-na-akcesoria\/","title":{"rendered":"Poka Premium \u2013 low accessory trolley"},"content":{"rendered":"<p>High-quality, low metal trolley for transporting work accessories during everyday activities. Made of the best quality and technological structural steel covered with a thick layer of zinc, protecting against rust and corrosion. The stroller was finally painted on both sides with high-quality powder paint with a fine structure ensuring protection against scratches and fading. A stroller protected in this way will serve us for many years, even in the most difficult conditions.<\/p>\n<p>Precisely made, thanks to advanced CNC technology, it has no sharp edges or ends. The stroller is safe to use. High, swivel wheels made of rubber allow you to move the stroller freely, even on uneven surfaces. Two wheels have a brake.<\/p>\n<p>Characteristic:<\/p>\n<ul>\n<li>Made of 1.5 mm thick sheet metal<\/li>\n<li>Galvanized layer - protects against rust and corrosion<\/li>\n<li>Powder coated - protection against scratches and fading<\/li>\n<\/ul>\n<p>Black colour<\/p>\n<p>Dimensions:<\/p>\n<ul>\n<li>Length: 30 cm<\/li>\n<li>Width: 49.5 cm<\/li>\n<\/ul>","protected":false},"excerpt":{"rendered":"<p>Wysokiej jako\u015bci, niski metalowy w\u00f3zek do transportu akcesori\u00f3w roboczych podczas codziennych aktywno\u015bci. Wykonany z najlepszych jako\u015bciowo i technologicznie stali konstrukcyjnych pokrytych grub\u0105 warstw\u0105 cynku, chroni\u0105c\u0105 przed rdz\u0105 oraz korozj\u0105. W\u00f3zek finalnie zosta\u0142 dwustronnie polakierowany wysokiej jako\u015bci farb\u0105 proszkow\u0105 o drobniej strukturze zapewniaj\u0105cej ochron\u0119 przed zarysowaniami oraz p\u0142owieniem. Tak zabezpieczony w\u00f3zek pos\u0142u\u017cy nam przez wiele lat&hellip;&nbsp;<a href=\"https:\/\/liquidmaster.pl\/en\/poka-premium-niski-wozek-na-akcesoria\/\" rel=\"bookmark\">Read More \u00bb<span class=\"screen-reader-text\">Poka Premium \u2013 low accessory trolley<\/span><\/a><\/p>","protected":false},"featured_media":1850335,"comment_status":"open","ping_status":"open","template":"","meta":{"neve_meta_sidebar":"","neve_meta_container":"","neve_meta_enable_content_width":"","neve_meta_content_width":0,"neve_meta_title_alignment":"","neve_meta_author_avatar":"","neve_post_elements_order":"","neve_meta_disable_header":"","neve_meta_disable_footer":"","neve_meta_disable_title":"","_themeisle_gutenberg_block_has_review":false},"product_brand":[],"product_cat":[757,811,856],"product_tag":[343],"class_list":{"0":"post-1807339","1":"product","2":"type-product","3":"status-publish","4":"has-post-thumbnail","6":"product_cat-akcesoria","7":"product_cat-pozostale-akcesoria","8":"product_cat-torby-i-organizery","9":"product_tag-poka-premium","11":"first","12":"instock","13":"taxable","14":"shipping-taxable","15":"purchasable","16":"product-type-simple"},"_links":{"self":[{"href":"https:\/\/liquidmaster.pl\/en\/wp-json\/wp\/v2\/product\/1807339","targetHints":{"allow":["GET"]}}],"collection":[{"href":"https:\/\/liquidmaster.pl\/en\/wp-json\/wp\/v2\/product"}],"about":[{"href":"https:\/\/liquidmaster.pl\/en\/wp-json\/wp\/v2\/types\/product"}],"replies":[{"embeddable":true,"href":"https:\/\/liquidmaster.pl\/en\/wp-json\/wp\/v2\/comments?post=1807339"}],"wp:featuredmedia":[{"embeddable":true,"href":"https:\/\/liquidmaster.pl\/en\/wp-json\/wp\/v2\/media\/1850335"}],"wp:attachment":[{"href":"https:\/\/liquidmaster.pl\/en\/wp-json\/wp\/v2\/media?parent=1807339"}],"wp:term":[{"taxonomy":"product_brand","embeddable":true,"href":"https:\/\/liquidmaster.pl\/en\/wp-json\/wp\/v2\/product_brand?post=1807339"},{"taxonomy":"product_cat","embeddable":true,"href":"https:\/\/liquidmaster.pl\/en\/wp-json\/wp\/v2\/product_cat?post=1807339"},{"taxonomy":"product_tag","embeddable":true,"href":"https:\/\/liquidmaster.pl\/en\/wp-json\/wp\/v2\/product_tag?post=1807339"}],"curies":[{"name":"wp","href":"https:\/\/api.w.org\/{rel}","templated":true}]}}