{"id":1807333,"date":"2025-03-28T18:02:04","date_gmt":"2025-03-28T16:02:04","guid":{"rendered":"https:\/\/liquidmaster.pl\/auto-graph-citrine-traffic-film-remover-5l\/"},"modified":"2026-04-19T03:27:38","modified_gmt":"2026-04-19T01:27:38","slug":"auto-graph-citrine-traffic-film-remover-5l","status":"publish","type":"product","link":"https:\/\/liquidmaster.pl\/en\/auto-graph-citrine-traffic-film-remover-5l\/","title":{"rendered":"Auto Graph Citrine Traffic Film Remover 5L"},"content":{"rendered":"<p>Are you looking for an effective product for non-contact removal of the heaviest road dirt? Citrine Traffic Film Remover is perfect as a preliminary spray. Thanks to its alkaline pH, it will quickly clean external surfaces of the most difficult dirt, degrease them and prepare them for basic washing. It can easily cope with a variety of dirt, such as road film, dried insects and greasy stains. It is safe for all body parts, rims and tires. Its high concentration allows you to adjust the dilution to the strength of the dirt.<\/p>\n<p>Properties:<\/p>\n<ul>\n<li>Highly concentrated<\/li>\n<li>Universal<\/li>\n<li>Extremely effective<\/li>\n<li>Alkaline pH<\/li>\n<li>Safe for surfaces<\/li>\n<\/ul>\n<p>dilution:<\/p>\n<ul>\n<li>1:10 \u2013 heavy dirt<\/li>\n<li>1:30 \u2013 light dirt<\/li>\n<\/ul>\n<p>Usage:<\/p>\n<li>Prepare a sprayer or atomizer bottle.<\/li>\n<li>Dilute the product depending on the dirt.<\/li>\n<li>Apply the product to a dry, unheated surface and leave for about 2 minutes.<\/li>\n<li>Rinse with water under pressure.<\/li>\n<p>Tips:<br \/>\nDo not apply TFRa to a heated surface and do not allow the product to dry. If heavily dirty, use a dilution of 1:10. For regular cleaning or light dirt, you can use a dilution of 1:30. The product may affect the performance of waxes.<\/p>\n<p>Capacity: 5L<\/p>","protected":false},"excerpt":{"rendered":"<p>Szukasz skutecznego produktu do bezdotykowego usuni\u0119cia najci\u0119\u017cszych zabrudze\u0144 drogowych? Citrine Traffic Film Remover idealnie sprawdzi si\u0119 jako oprysk wst\u0119pny. Dzi\u0119ki zasadowemu pH, szybko oczy\u015bci powierzchnie zewn\u0119trzne z najtrudniejszych zanieczyszcze\u0144, odt\u0142u\u015bci i przygotuje do mycia zasadniczego. Z \u0142atwo\u015bci\u0105 poradzi sobie z r\u00f3\u017cnorodnymi zabrudzeniami, takimi jak film drogowy, zaschni\u0119te owady, czy t\u0142uste plamy. Jest bezpieczny dla wszystkich&hellip;&nbsp;<a href=\"https:\/\/liquidmaster.pl\/en\/auto-graph-citrine-traffic-film-remover-5l\/\" rel=\"bookmark\">Read More \u00bb<span class=\"screen-reader-text\">Auto Graph Citrine Traffic Film Remover 5L<\/span><\/a><\/p>","protected":false},"featured_media":1850328,"comment_status":"open","ping_status":"open","template":"","meta":{"neve_meta_sidebar":"","neve_meta_container":"","neve_meta_enable_content_width":"","neve_meta_content_width":0,"neve_meta_title_alignment":"","neve_meta_author_avatar":"","neve_post_elements_order":"","neve_meta_disable_header":"","neve_meta_disable_footer":"","neve_meta_disable_title":"","_themeisle_gutenberg_block_has_review":false},"product_brand":[],"product_cat":[734,733],"product_tag":[264],"class_list":{"0":"post-1807333","1":"product","2":"type-product","3":"status-publish","4":"has-post-thumbnail","6":"product_cat-mycie-i-osuszanie","7":"product_cat-na-zewnatrz","8":"product_tag-auto-graph","10":"first","11":"instock","12":"taxable","13":"shipping-taxable","14":"purchasable","15":"product-type-simple"},"_links":{"self":[{"href":"https:\/\/liquidmaster.pl\/en\/wp-json\/wp\/v2\/product\/1807333","targetHints":{"allow":["GET"]}}],"collection":[{"href":"https:\/\/liquidmaster.pl\/en\/wp-json\/wp\/v2\/product"}],"about":[{"href":"https:\/\/liquidmaster.pl\/en\/wp-json\/wp\/v2\/types\/product"}],"replies":[{"embeddable":true,"href":"https:\/\/liquidmaster.pl\/en\/wp-json\/wp\/v2\/comments?post=1807333"}],"wp:featuredmedia":[{"embeddable":true,"href":"https:\/\/liquidmaster.pl\/en\/wp-json\/wp\/v2\/media\/1850328"}],"wp:attachment":[{"href":"https:\/\/liquidmaster.pl\/en\/wp-json\/wp\/v2\/media?parent=1807333"}],"wp:term":[{"taxonomy":"product_brand","embeddable":true,"href":"https:\/\/liquidmaster.pl\/en\/wp-json\/wp\/v2\/product_brand?post=1807333"},{"taxonomy":"product_cat","embeddable":true,"href":"https:\/\/liquidmaster.pl\/en\/wp-json\/wp\/v2\/product_cat?post=1807333"},{"taxonomy":"product_tag","embeddable":true,"href":"https:\/\/liquidmaster.pl\/en\/wp-json\/wp\/v2\/product_tag?post=1807333"}],"curies":[{"name":"wp","href":"https:\/\/api.w.org\/{rel}","templated":true}]}}