{"id":1807317,"date":"2025-03-28T18:00:30","date_gmt":"2025-03-28T16:00:30","guid":{"rendered":"https:\/\/liquidmaster.pl\/pure-chemie-tire-gum-cleaner-1l\/"},"modified":"2026-04-18T04:40:10","modified_gmt":"2026-04-18T02:40:10","slug":"pure-chemie-tire-gum-cleaner-1l","status":"publish","type":"product","link":"https:\/\/liquidmaster.pl\/en\/pure-chemie-tire-gum-cleaner-1l\/","title":{"rendered":"Pure Chemie Tire Gum Cleaner 1L"},"content":{"rendered":"<p>Tire Gum Cleaner to skoncentrowany \u015brodek do czyszczenia opon, element\u00f3w plastikowych niepomalowanych i innych powierzchni gumowych. Dzi\u0119ki swojej wyj\u0105tkowej formule skutecznie usuwa zwyk\u0142e zabrudzenia, nadmiar t\u0142uszczu i pozosta\u0142o\u015bci po produktach do piel\u0119gnacji. Po zastosowaniu pozostawia powierzchni\u0119 idealnie czyst\u0105, gotow\u0105 do aplikacji produkt\u00f3w piel\u0119gnacyjnych.\u00a0Dok\u0142adne czyszczenie powierzchni gumowej przed aplikacj\u0105 dressing\u00f3w pomaga przed\u0142u\u017cy\u0107 ich trwa\u0142o\u015b\u0107.<\/p>\n<p>Usage:\u00a0<\/p>\n<ul>\n<li>First, thoroughly rinse the rubber surface with water under pressure to remove any loose dirt<\/li>\n<li>then prepare an appropriate Tire Gum Rubber solution depending on the degree of dirt: for daily cleaning, use a ratio of 1:10-1:15, and for periodic cleaning, use a ratio of 1:3.<\/li>\n<li>In case of heavy dirt, you can use a concentrate<\/li>\n<li>the product should be applied using a foam applicator or atomizer, leave on the surface for 1-3 minutes, and then thoroughly wash the tire or other rubber surface with a brush, brush or sponge<\/li>\n<li>finally, rinse the surface with water under pressure<\/li>\n<li>If necessary, the operation can be repeated by reducing the dilution of the product<\/li>\n<li>It is recommended to test on an inconspicuous area before using the concentrated product.<\/li>\n<\/ul>\n<p>Capacity: 1 L<\/p>","protected":false},"excerpt":{"rendered":"<p>Tire Gum Cleaner to skoncentrowany \u015brodek do czyszczenia opon, element\u00f3w plastikowych niepomalowanych i innych powierzchni gumowych. Dzi\u0119ki swojej wyj\u0105tkowej formule skutecznie usuwa zwyk\u0142e zabrudzenia, nadmiar t\u0142uszczu i pozosta\u0142o\u015bci po produktach do piel\u0119gnacji. Po zastosowaniu pozostawia powierzchni\u0119 idealnie czyst\u0105, gotow\u0105 do aplikacji produkt\u00f3w piel\u0119gnacyjnych.\u00a0Dok\u0142adne czyszczenie powierzchni gumowej przed aplikacj\u0105 dressing\u00f3w pomaga przed\u0142u\u017cy\u0107 ich trwa\u0142o\u015b\u0107. Spos\u00f3b u\u017cycia:\u00a0&hellip;&nbsp;<a href=\"https:\/\/liquidmaster.pl\/en\/pure-chemie-tire-gum-cleaner-1l\/\" rel=\"bookmark\">Read More \u00bb<span class=\"screen-reader-text\">Pure Chemie Tire Gum Cleaner 1L<\/span><\/a><\/p>","protected":false},"featured_media":1850315,"comment_status":"open","ping_status":"open","template":"","meta":{"neve_meta_sidebar":"","neve_meta_container":"","neve_meta_enable_content_width":"","neve_meta_content_width":0,"neve_meta_title_alignment":"","neve_meta_author_avatar":"","neve_post_elements_order":"","neve_meta_disable_header":"","neve_meta_disable_footer":"","neve_meta_disable_title":"","_themeisle_gutenberg_block_has_review":false},"product_brand":[],"product_cat":[819,745,733],"product_tag":[349],"class_list":{"0":"post-1807317","1":"product","2":"type-product","3":"status-publish","4":"has-post-thumbnail","6":"product_cat-czyszczenie-opon-i-gumy","7":"product_cat-kola-i-opony","8":"product_cat-na-zewnatrz","9":"product_tag-pure-chemie","11":"first","12":"instock","13":"taxable","14":"shipping-taxable","15":"purchasable","16":"product-type-simple"},"_links":{"self":[{"href":"https:\/\/liquidmaster.pl\/en\/wp-json\/wp\/v2\/product\/1807317","targetHints":{"allow":["GET"]}}],"collection":[{"href":"https:\/\/liquidmaster.pl\/en\/wp-json\/wp\/v2\/product"}],"about":[{"href":"https:\/\/liquidmaster.pl\/en\/wp-json\/wp\/v2\/types\/product"}],"replies":[{"embeddable":true,"href":"https:\/\/liquidmaster.pl\/en\/wp-json\/wp\/v2\/comments?post=1807317"}],"wp:featuredmedia":[{"embeddable":true,"href":"https:\/\/liquidmaster.pl\/en\/wp-json\/wp\/v2\/media\/1850315"}],"wp:attachment":[{"href":"https:\/\/liquidmaster.pl\/en\/wp-json\/wp\/v2\/media?parent=1807317"}],"wp:term":[{"taxonomy":"product_brand","embeddable":true,"href":"https:\/\/liquidmaster.pl\/en\/wp-json\/wp\/v2\/product_brand?post=1807317"},{"taxonomy":"product_cat","embeddable":true,"href":"https:\/\/liquidmaster.pl\/en\/wp-json\/wp\/v2\/product_cat?post=1807317"},{"taxonomy":"product_tag","embeddable":true,"href":"https:\/\/liquidmaster.pl\/en\/wp-json\/wp\/v2\/product_tag?post=1807317"}],"curies":[{"name":"wp","href":"https:\/\/api.w.org\/{rel}","templated":true}]}}