{"id":1807313,"date":"2025-03-28T18:00:30","date_gmt":"2025-03-28T16:00:30","guid":{"rendered":"https:\/\/liquidmaster.pl\/soft99-pitasupo-tyre-dressing-sponge-aplikator-do-opon\/"},"modified":"2026-04-18T04:40:07","modified_gmt":"2026-04-18T02:40:07","slug":"soft99-pitasupo-tyre-dressing-sponge-aplikator-do-opon","status":"publish","type":"product","link":"https:\/\/liquidmaster.pl\/en\/soft99-pitasupo-tyre-dressing-sponge-aplikator-do-opon\/","title":{"rendered":"Soft99 Pitasupo Tire Dressing Sponge \u2013 tire applicator"},"content":{"rendered":"<p>Specialized tire sponge that eliminates the need to move the vehicle for full application. The thin edge allows the application of tire dressings, etc. up to the very edge of the rubber, without dirtying the rim. The V-shaped handle prevents slipping, and the sponge structure ensures even distribution.<\/p>\n<p>Quantity: 1 piece<\/p>","protected":false},"excerpt":{"rendered":"<p>Specjalistyczna g\u0105bka do opon, kt\u00f3ra eliminuje konieczno\u015b\u0107 przesuwania pojazdu w celu pe\u0142nego na\u0142o\u017cenia. Cienka kraw\u0119d\u017a umo\u017cliwia aplikacj\u0119 dressing\u00f3w do opon itp. a\u017c do samej kraw\u0119dzi gumy, bez zabrudzenia felgi. Uchwyt z naci\u0119ciami w kszta\u0142cie litery V zapobiega po\u015blizgowi, a struktura g\u0105bki zapewnia r\u00f3wnomierne rozprowadzenie. Ilo\u015b\u0107: 1 sztuka<\/p>","protected":false},"featured_media":1850306,"comment_status":"open","ping_status":"open","template":"","meta":{"neve_meta_sidebar":"","neve_meta_container":"","neve_meta_enable_content_width":"","neve_meta_content_width":0,"neve_meta_title_alignment":"","neve_meta_author_avatar":"","neve_post_elements_order":"","neve_meta_disable_header":"","neve_meta_disable_footer":"","neve_meta_disable_title":"","_themeisle_gutenberg_block_has_review":false},"product_brand":[],"product_cat":[745,733,779],"product_tag":[362],"class_list":{"0":"post-1807313","1":"product","2":"type-product","3":"status-publish","4":"has-post-thumbnail","6":"product_cat-kola-i-opony","7":"product_cat-na-zewnatrz","8":"product_cat-szczotki-pedzelki-i-aplikatory-do-kol","9":"product_tag-soft99","11":"first","12":"instock","13":"taxable","14":"shipping-taxable","15":"purchasable","16":"product-type-simple"},"_links":{"self":[{"href":"https:\/\/liquidmaster.pl\/en\/wp-json\/wp\/v2\/product\/1807313","targetHints":{"allow":["GET"]}}],"collection":[{"href":"https:\/\/liquidmaster.pl\/en\/wp-json\/wp\/v2\/product"}],"about":[{"href":"https:\/\/liquidmaster.pl\/en\/wp-json\/wp\/v2\/types\/product"}],"replies":[{"embeddable":true,"href":"https:\/\/liquidmaster.pl\/en\/wp-json\/wp\/v2\/comments?post=1807313"}],"wp:featuredmedia":[{"embeddable":true,"href":"https:\/\/liquidmaster.pl\/en\/wp-json\/wp\/v2\/media\/1850306"}],"wp:attachment":[{"href":"https:\/\/liquidmaster.pl\/en\/wp-json\/wp\/v2\/media?parent=1807313"}],"wp:term":[{"taxonomy":"product_brand","embeddable":true,"href":"https:\/\/liquidmaster.pl\/en\/wp-json\/wp\/v2\/product_brand?post=1807313"},{"taxonomy":"product_cat","embeddable":true,"href":"https:\/\/liquidmaster.pl\/en\/wp-json\/wp\/v2\/product_cat?post=1807313"},{"taxonomy":"product_tag","embeddable":true,"href":"https:\/\/liquidmaster.pl\/en\/wp-json\/wp\/v2\/product_tag?post=1807313"}],"curies":[{"name":"wp","href":"https:\/\/api.w.org\/{rel}","templated":true}]}}