{"id":1807307,"date":"2025-03-28T18:00:06","date_gmt":"2025-03-28T16:00:06","guid":{"rendered":"https:\/\/liquidmaster.pl\/rupes-hlr21-polerka-elektryczna-zestaw-bas\/"},"modified":"2026-04-20T08:20:12","modified_gmt":"2026-04-20T06:20:12","slug":"rupes-hlr21-polerka-elektryczna-zestaw-bas","status":"publish","type":"product","link":"https:\/\/liquidmaster.pl\/en\/rupes-hlr21-polerka-elektryczna-zestaw-bas\/","title":{"rendered":"Rupes HLR21 Polerka Elektryczna Zestaw BAS"},"content":{"rendered":"<p style=\"text-align:justify;margin:0pt 0pt 0pt 0pt\">RUPES HLR21 iBrid <\/p>\n<p style=\"text-align:left;margin:0pt 0pt 0pt 0pt\">Najnowsza polerka iBrid Dual Action ze skokiem 21 mm jest wyposa\u017cona w innowacyjny, indukcyjny silnik, kt\u00f3ry skutecznie redukuje wibracje podczas pracy. To urz\u0105dzenie \u0142\u0105czy w sobie funkcje pracy bezprzewodowej i przewodowej, zapewniaj\u0105c u\u017cytkownikowi swobod\u0119 i niezawodno\u015b\u0107. Do\u015bwiadczysz niezr\u00f3wnanej wydajno\u015bci, ergonomicznego designu i adaptacyjnych mo\u017cliwo\u015bci, jak nigdy dot\u0105d.<\/p>\n<p style=\"text-align:left;margin:0pt 0pt 0pt 0pt\">\u00a0<\/p>\n<p style=\"text-align:left;margin:0pt 0pt 0pt 0pt\">An advanced 18 V battery system with a capacity of 5 Ah guarantees longer and uninterrupted operation. With an impressive battery runtime of 40 minutes at full power, the polisher is ideal for mission-critical tasks, ensuring consistent performance even in harsh conditions and short charge cycles.<\/p>\n<p style=\"text-align:left;margin:0pt 0pt 0pt 0pt\">\u00a0<\/p>\n<p style=\"text-align:left;margin:0pt 0pt 0pt 0pt\">The BigFoot iBrid polisher, powered by this efficient battery, is perfect for demanding applications. The system is complemented by a dual battery charger, using the latest battery cell technology, ensuring fast charging. Prioritizes the highest voltage battery, ensuring you always have access to a fully charged, high-capacity power source.<\/p>\n<p style=\"text-align:left;margin:0pt 0pt 0pt 0pt\">\u00a0\u00a0<\/p>\n<p style=\"text-align:left;margin:0pt 0pt 0pt 0pt\">Characteristics:<\/p>\n<p style=\"text-align:left;margin:0pt 0pt 0pt 0pt\">\u2022 in-runner brushless motor<\/p>\n<p style=\"text-align:left;margin:0pt 0pt 0pt 0pt\">\u2022 progressive trigger allowing for smooth speed regulation<\/p>\n<p style=\"text-align:left;margin:0pt 0pt 0pt 0pt\">\u2022 ergonomic handle<\/p>\n<p style=\"text-align:left;margin:0pt 0pt 0pt 0pt\">\u2022 new gear technology<\/p>\n<p style=\"text-align:left;margin:0pt 0pt 0pt 0pt\">\u2022 LED indicator<\/p>\n<p style=\"text-align:left;margin:0pt 0pt 0pt 0pt\">\u2022 18V lithium-ion battery<\/p>\n<p style=\"text-align:left;margin:0pt 0pt 0pt 0pt\">\u2022 improved, precise speed controller<\/p>\n<p style=\"text-align:left;margin:0pt 0pt 0pt 0pt\">\u2022 electronic system protecting work at constant speed<\/p>\n<p style=\"text-align:left;margin:0pt 0pt 0pt 0pt\">\u2022 additional supports ensuring the stability of the machine when not in use<\/p>\n<p style=\"text-align:left;margin:0pt 0pt 0pt 0pt\">\u2022 very low noise and vibration levels<\/p>\n<p style=\"text-align:left;margin:0pt 0pt 0pt 0pt\">\u2022 does not leave holograms on polished surfaces<\/p>\n<p style=\"text-align:left;margin:0pt 0pt 0pt 0pt\">\u2022 does not heat the polished surface<\/p>\n<p style=\"text-align:left;margin:0pt 0pt 0pt 0pt\">\u00a0<\/p>\n<p style=\"text-align:left;margin:0pt 0pt 0pt 0pt\">Application:<\/p>\n<p style=\"text-align:left;margin:0pt 0pt 0pt 0pt\">\u2022 polishing all surfaces<\/p>\n<p style=\"text-align:left;margin:0pt 0pt 0pt 0pt\">\u2022 professional surface finishing<\/p>\n<p style=\"text-align:left;margin:0pt 0pt 0pt 0pt\">\u2022 polishing edges and embossments\u00a0<\/p>","protected":false},"excerpt":{"rendered":"<p>RUPES HLR21 iBrid Najnowsza polerka iBrid Dual Action ze skokiem 21 mm jest wyposa\u017cona w innowacyjny, indukcyjny silnik, kt\u00f3ry skutecznie redukuje wibracje podczas pracy. To urz\u0105dzenie \u0142\u0105czy w sobie funkcje pracy bezprzewodowej i przewodowej, zapewniaj\u0105c u\u017cytkownikowi swobod\u0119 i niezawodno\u015b\u0107. Do\u015bwiadczysz niezr\u00f3wnanej wydajno\u015bci, ergonomicznego designu i adaptacyjnych mo\u017cliwo\u015bci, jak nigdy dot\u0105d. \u00a0 Zaawansowany system akumulator\u00f3w o&hellip;&nbsp;<a href=\"https:\/\/liquidmaster.pl\/en\/rupes-hlr21-polerka-elektryczna-zestaw-bas\/\" rel=\"bookmark\">Read More \u00bb<span class=\"screen-reader-text\">Rupes HLR21 Polerka Elektryczna Zestaw BAS<\/span><\/a><\/p>","protected":false},"featured_media":1850303,"comment_status":"open","ping_status":"open","template":"","meta":{"neve_meta_sidebar":"","neve_meta_container":"","neve_meta_enable_content_width":"","neve_meta_content_width":0,"neve_meta_title_alignment":"","neve_meta_author_avatar":"","neve_post_elements_order":"","neve_meta_disable_header":"","neve_meta_disable_footer":"","neve_meta_disable_title":"","_themeisle_gutenberg_block_has_review":false},"product_brand":[],"product_cat":[807,806,748],"product_tag":[354],"class_list":{"0":"post-1807307","1":"product","2":"type-product","3":"status-publish","4":"has-post-thumbnail","6":"product_cat-maszyny-dual-action","7":"product_cat-maszyny-polerskie","8":"product_cat-polerowanie","9":"product_tag-rupes","11":"first","12":"outofstock","13":"taxable","14":"shipping-taxable","15":"purchasable","16":"product-type-simple"},"_links":{"self":[{"href":"https:\/\/liquidmaster.pl\/en\/wp-json\/wp\/v2\/product\/1807307","targetHints":{"allow":["GET"]}}],"collection":[{"href":"https:\/\/liquidmaster.pl\/en\/wp-json\/wp\/v2\/product"}],"about":[{"href":"https:\/\/liquidmaster.pl\/en\/wp-json\/wp\/v2\/types\/product"}],"replies":[{"embeddable":true,"href":"https:\/\/liquidmaster.pl\/en\/wp-json\/wp\/v2\/comments?post=1807307"}],"wp:featuredmedia":[{"embeddable":true,"href":"https:\/\/liquidmaster.pl\/en\/wp-json\/wp\/v2\/media\/1850303"}],"wp:attachment":[{"href":"https:\/\/liquidmaster.pl\/en\/wp-json\/wp\/v2\/media?parent=1807307"}],"wp:term":[{"taxonomy":"product_brand","embeddable":true,"href":"https:\/\/liquidmaster.pl\/en\/wp-json\/wp\/v2\/product_brand?post=1807307"},{"taxonomy":"product_cat","embeddable":true,"href":"https:\/\/liquidmaster.pl\/en\/wp-json\/wp\/v2\/product_cat?post=1807307"},{"taxonomy":"product_tag","embeddable":true,"href":"https:\/\/liquidmaster.pl\/en\/wp-json\/wp\/v2\/product_tag?post=1807307"}],"curies":[{"name":"wp","href":"https:\/\/api.w.org\/{rel}","templated":true}]}}