{"id":1807295,"date":"2025-03-28T17:58:55","date_gmt":"2025-03-28T15:58:55","guid":{"rendered":"https:\/\/liquidmaster.pl\/rooks-przyrzad-do-czyszczenia-piast-i-tarcz-hamulcowych-160mm\/"},"modified":"2026-04-18T04:40:03","modified_gmt":"2026-04-18T02:40:03","slug":"rooks-przyrzad-do-czyszczenia-piast-i-tarcz-hamulcowych-160mm","status":"publish","type":"product","link":"https:\/\/liquidmaster.pl\/en\/rooks-przyrzad-do-czyszczenia-piast-i-tarcz-hamulcowych-160mm\/","title":{"rendered":"Rooks Tool for Cleaning Brake Hubs and Discs 160mm"},"content":{"rendered":"<p>Cleaning the hubs is necessary before reassembling the wheel. Rust and carbon deposits cause inaccurate adherence of the rim to the hub, which causes the wheel to run out and the screws to loosen. The adhesive holder is attached to the drill chuck. Maximum revolutions 1,000 \/ minute, internal diameters. 60 mm, external 160 mm suitable for passenger cars and delivery vans, set includes holder + 1 cleaning disc.<\/p>","protected":false},"excerpt":{"rendered":"<p>Czyszczenie piast jest konieczne przed za\u0142o\u017ceniem na nowo ko\u0142a. Rdza i nagary powoduj\u0105 niedok\u0142adne przyleganie felgi do piasty, co powoduje bicie ko\u0142a i odkr\u0119canie si\u0119 \u015brub. Uchwyt z przylepcem mocuje si\u0119 w uchwycie wiertarki. Obroty maksymalne 1.000 \/ minut\u0119, \u015brednice wewn. 60 mm, zewn. 160 mm pasuj\u0105ce do samochod\u00f3w osobowych i dostawczych, w zestawie uchwyt&hellip;&nbsp;<a href=\"https:\/\/liquidmaster.pl\/en\/rooks-przyrzad-do-czyszczenia-piast-i-tarcz-hamulcowych-160mm\/\" rel=\"bookmark\">Read More \u00bb<span class=\"screen-reader-text\">Rooks Tool for Cleaning Brake Hubs and Discs 160mm<\/span><\/a><\/p>","protected":false},"featured_media":1850285,"comment_status":"open","ping_status":"open","template":"","meta":{"neve_meta_sidebar":"","neve_meta_container":"","neve_meta_enable_content_width":"","neve_meta_content_width":0,"neve_meta_title_alignment":"","neve_meta_author_avatar":"","neve_post_elements_order":"","neve_meta_disable_header":"","neve_meta_disable_footer":"","neve_meta_disable_title":"","_themeisle_gutenberg_block_has_review":false},"product_brand":[],"product_cat":[757,908,846],"product_tag":[941],"class_list":{"0":"post-1807295","1":"product","2":"type-product","3":"status-publish","4":"has-post-thumbnail","6":"product_cat-akcesoria","7":"product_cat-narzedzia","8":"product_cat-reszta","9":"product_tag-rooks","11":"first","12":"outofstock","13":"taxable","14":"shipping-taxable","15":"purchasable","16":"product-type-simple"},"_links":{"self":[{"href":"https:\/\/liquidmaster.pl\/en\/wp-json\/wp\/v2\/product\/1807295","targetHints":{"allow":["GET"]}}],"collection":[{"href":"https:\/\/liquidmaster.pl\/en\/wp-json\/wp\/v2\/product"}],"about":[{"href":"https:\/\/liquidmaster.pl\/en\/wp-json\/wp\/v2\/types\/product"}],"replies":[{"embeddable":true,"href":"https:\/\/liquidmaster.pl\/en\/wp-json\/wp\/v2\/comments?post=1807295"}],"wp:featuredmedia":[{"embeddable":true,"href":"https:\/\/liquidmaster.pl\/en\/wp-json\/wp\/v2\/media\/1850285"}],"wp:attachment":[{"href":"https:\/\/liquidmaster.pl\/en\/wp-json\/wp\/v2\/media?parent=1807295"}],"wp:term":[{"taxonomy":"product_brand","embeddable":true,"href":"https:\/\/liquidmaster.pl\/en\/wp-json\/wp\/v2\/product_brand?post=1807295"},{"taxonomy":"product_cat","embeddable":true,"href":"https:\/\/liquidmaster.pl\/en\/wp-json\/wp\/v2\/product_cat?post=1807295"},{"taxonomy":"product_tag","embeddable":true,"href":"https:\/\/liquidmaster.pl\/en\/wp-json\/wp\/v2\/product_tag?post=1807295"}],"curies":[{"name":"wp","href":"https:\/\/api.w.org\/{rel}","templated":true}]}}