{"id":1807293,"date":"2025-03-28T17:58:43","date_gmt":"2025-03-28T15:58:43","guid":{"rendered":"https:\/\/liquidmaster.pl\/auto-graph-carnelian-5l-zasadowa-piana-aktywna\/"},"modified":"2026-04-18T04:28:35","modified_gmt":"2026-04-18T02:28:35","slug":"auto-graph-carnelian-5l-zasadowa-piana-aktywna","status":"publish","type":"product","link":"https:\/\/liquidmaster.pl\/en\/auto-graph-carnelian-5l-zasadowa-piana-aktywna\/","title":{"rendered":"Auto Graph Carnelian 5L - alkaline active foam"},"content":{"rendered":"<p>Auto Graph Carnelian \u2013 the first stage of car washing is preliminary spraying. Use Carnelian Active Foam, our highly concentrated, alkaline foam! It creates an effective, thick, stable foam that penetrates deep into the dirt layer, detaching it from the surface. Contains corrosion inhibitors that protect the paint. Does not leave any streaks. Recommended for pre-spraying at a concentration of 2-10% depending on the strength of the contamination. Don&#039;t let it dry out!<\/p>\n<p>Properties:<\/p>\n<ul>\n<li>It has very strong cleaning properties.<\/li>\n<li>Degreases and removes even stubborn dirt.<\/li>\n<li>It is alkaline in nature.<\/li>\n<li>Does not leave any streaks.<\/li>\n<li>Contains corrosion inhibitors.<\/li>\n<\/ul>\n<p>Usage:<\/p>\n<li>Set the dilution on a lance or prepare the solution in a hand-held foamer.<\/li>\n<li>The suggested dilution is 2-10% depending on water hardness and degree of contamination.<\/li>\n<li>Spray.<\/li>\n<li>Leave for 1-2 minutes (do not let it dry out!).<\/li>\n<li>Rinse thoroughly with water under high pressure.<\/li>\n<p>Tips:<\/p>\n<ul>\n<li>Carry out work in optimal conditions - avoid high temperatures, humidity, sun; work indoors.<\/li>\n<li>Do not leave the product to dry.<\/li>\n<li>Use gloves and protective clothing.<\/li>\n<li>The optimum storage temperature is 5-25 degrees.<\/li>\n<\/ul>\n<p>Capacity: 5L<\/p>","protected":false},"excerpt":{"rendered":"<p>Auto Graph Carnelian \u2013 pierwszym etapem mycia auta jest oprysk wst\u0119pny. U\u017cyj do niego Carnelian Active Foam, naszej wysokoskoncentrowanej, alkalicznej piany! Tworzy ona skutecznie myj\u0105c\u0105, g\u0119st\u0105, stabiln\u0105 pian\u0119, kt\u00f3ra penetruje w g\u0142\u0105b warstwy brudu, odrywaj\u0105c go od powierzchni. Zawiera inhibitory korozji, dzi\u0119ki kt\u00f3rym chroni lakier. Nie pozostawia zaciek\u00f3w. Zalecana do oprysku wst\u0119pnego w st\u0119\u017ceniu 2-10%&hellip;&nbsp;<a href=\"https:\/\/liquidmaster.pl\/en\/auto-graph-carnelian-5l-zasadowa-piana-aktywna\/\" rel=\"bookmark\">Read More \u00bb<span class=\"screen-reader-text\">Auto Graph Carnelian 5L - alkaline active foam<\/span><\/a><\/p>","protected":false},"featured_media":1848660,"comment_status":"open","ping_status":"open","template":"","meta":{"neve_meta_sidebar":"","neve_meta_container":"","neve_meta_enable_content_width":"","neve_meta_content_width":0,"neve_meta_title_alignment":"","neve_meta_author_avatar":"","neve_post_elements_order":"","neve_meta_disable_header":"","neve_meta_disable_footer":"","neve_meta_disable_title":"","_themeisle_gutenberg_block_has_review":false},"product_brand":[],"product_cat":[734,733,753],"product_tag":[264],"class_list":{"0":"post-1807293","1":"product","2":"type-product","3":"status-publish","4":"has-post-thumbnail","6":"product_cat-mycie-i-osuszanie","7":"product_cat-na-zewnatrz","8":"product_cat-piany-aktywne-i-pianownice","9":"product_tag-auto-graph","11":"first","12":"instock","13":"taxable","14":"shipping-taxable","15":"purchasable","16":"product-type-simple"},"_links":{"self":[{"href":"https:\/\/liquidmaster.pl\/en\/wp-json\/wp\/v2\/product\/1807293","targetHints":{"allow":["GET"]}}],"collection":[{"href":"https:\/\/liquidmaster.pl\/en\/wp-json\/wp\/v2\/product"}],"about":[{"href":"https:\/\/liquidmaster.pl\/en\/wp-json\/wp\/v2\/types\/product"}],"replies":[{"embeddable":true,"href":"https:\/\/liquidmaster.pl\/en\/wp-json\/wp\/v2\/comments?post=1807293"}],"wp:featuredmedia":[{"embeddable":true,"href":"https:\/\/liquidmaster.pl\/en\/wp-json\/wp\/v2\/media\/1848660"}],"wp:attachment":[{"href":"https:\/\/liquidmaster.pl\/en\/wp-json\/wp\/v2\/media?parent=1807293"}],"wp:term":[{"taxonomy":"product_brand","embeddable":true,"href":"https:\/\/liquidmaster.pl\/en\/wp-json\/wp\/v2\/product_brand?post=1807293"},{"taxonomy":"product_cat","embeddable":true,"href":"https:\/\/liquidmaster.pl\/en\/wp-json\/wp\/v2\/product_cat?post=1807293"},{"taxonomy":"product_tag","embeddable":true,"href":"https:\/\/liquidmaster.pl\/en\/wp-json\/wp\/v2\/product_tag?post=1807293"}],"curies":[{"name":"wp","href":"https:\/\/api.w.org\/{rel}","templated":true}]}}