{"id":1807289,"date":"2025-03-28T17:58:31","date_gmt":"2025-03-28T15:58:31","guid":{"rendered":"https:\/\/liquidmaster.pl\/rooks-ok-03-0020-prostownik-elektroniczny-6-12v\/"},"modified":"2026-04-20T08:20:09","modified_gmt":"2026-04-20T06:20:09","slug":"rooks-ok-03-0020-prostownik-elektroniczny-6-12v","status":"publish","type":"product","link":"https:\/\/liquidmaster.pl\/en\/rooks-ok-030020-prostownik-elektroniczny-612v\/","title":{"rendered":"Rooks OK-03.0020 \u2013 electronic rectifier 6\/12V"},"content":{"rendered":"<p>SMART is an automatic charger designed for safe, individual and professional charging of batteries in cars, motorcycles, boats, scooters with a rated voltage of 12V and 6V<\/p>\n<p>The device can be used at home, garage or service center. The maximum charging current is 4A.<\/p>\n<p>The rectifier is used to charge batteries of the following construction: WET \/ GEL \/ AGM \/ MF \/ EFB \/ CA. The rectifier operates in a 10-stage charging process and has a function of maintaining the battery voltage for a long period of time. The rectifier supports batteries with a capacity of: from 6 V \/ 1.2 Ah to 6 V \/ 14 Ah or from 12 V \/ 1.2 Ah to 12 V \/ 140 Ah. The charger has 6 charging modes for various batteries, thanks to which it can charge the battery in almost 100%. The rectifier also works perfectly in winter. It has a special program for charging at low temperatures.<\/p>\n<p>The rectifier is equipped with a microcomputer (MCA) and after selecting the appropriate charging mode, it recognizes the battery status and voltage and adjusts the appropriate charging parameters (voltage, current and time). The excellent PULS-MATIC system is designed to regenerate and even partially desulphate battery plates.<\/p>\n<p>The charger is completely safe, if the incorrect charging mode is selected or if the battery is damaged, charging will not start. A loading error will be displayed.<\/p>","protected":false},"excerpt":{"rendered":"<p>SMART to prostownik automatyczny, kt\u00f3ry jest przeznaczony do bezpiecznego, indywidualnego i profesjonalnego \u0142adowania akumulator\u00f3w w samochodach, motocyklach, \u0142odziach, skuterach o napi\u0119ciu znamionowym 12V oraz 6V Urz\u0105dzenie mo\u017ce by\u0107 u\u017cywane w domu, gara\u017cu lub serwisie. Maksymalne nat\u0119\u017cenie pr\u0105du \u0142adowania wynosi 4A. Prostownik s\u0142u\u017cy do \u0142adowania akumulator\u00f3w o nast\u0119puj\u0105cej konstrukcji: WET \/ GEL \/ AGM \/ MF&hellip;&nbsp;<a href=\"https:\/\/liquidmaster.pl\/en\/rooks-ok-030020-prostownik-elektroniczny-612v\/\" rel=\"bookmark\">Read More \u00bb<span class=\"screen-reader-text\">Rooks OK-03.0020 \u2013 electronic rectifier 6\/12V<\/span><\/a><\/p>","protected":false},"featured_media":1850282,"comment_status":"open","ping_status":"open","template":"","meta":{"neve_meta_sidebar":"","neve_meta_container":"","neve_meta_enable_content_width":"","neve_meta_content_width":0,"neve_meta_title_alignment":"","neve_meta_author_avatar":"","neve_post_elements_order":"","neve_meta_disable_header":"","neve_meta_disable_footer":"","neve_meta_disable_title":"","_themeisle_gutenberg_block_has_review":false},"product_brand":[],"product_cat":[757,846,891],"product_tag":[941],"class_list":{"0":"post-1807289","1":"product","2":"type-product","3":"status-publish","4":"has-post-thumbnail","6":"product_cat-akcesoria","7":"product_cat-reszta","8":"product_cat-urzadzenia","9":"product_tag-rooks","11":"first","12":"outofstock","13":"taxable","14":"shipping-taxable","15":"purchasable","16":"product-type-simple"},"_links":{"self":[{"href":"https:\/\/liquidmaster.pl\/en\/wp-json\/wp\/v2\/product\/1807289","targetHints":{"allow":["GET"]}}],"collection":[{"href":"https:\/\/liquidmaster.pl\/en\/wp-json\/wp\/v2\/product"}],"about":[{"href":"https:\/\/liquidmaster.pl\/en\/wp-json\/wp\/v2\/types\/product"}],"replies":[{"embeddable":true,"href":"https:\/\/liquidmaster.pl\/en\/wp-json\/wp\/v2\/comments?post=1807289"}],"wp:featuredmedia":[{"embeddable":true,"href":"https:\/\/liquidmaster.pl\/en\/wp-json\/wp\/v2\/media\/1850282"}],"wp:attachment":[{"href":"https:\/\/liquidmaster.pl\/en\/wp-json\/wp\/v2\/media?parent=1807289"}],"wp:term":[{"taxonomy":"product_brand","embeddable":true,"href":"https:\/\/liquidmaster.pl\/en\/wp-json\/wp\/v2\/product_brand?post=1807289"},{"taxonomy":"product_cat","embeddable":true,"href":"https:\/\/liquidmaster.pl\/en\/wp-json\/wp\/v2\/product_cat?post=1807289"},{"taxonomy":"product_tag","embeddable":true,"href":"https:\/\/liquidmaster.pl\/en\/wp-json\/wp\/v2\/product_tag?post=1807289"}],"curies":[{"name":"wp","href":"https:\/\/api.w.org\/{rel}","templated":true}]}}