{"id":1807287,"date":"2025-03-28T17:58:31","date_gmt":"2025-03-28T15:58:31","guid":{"rendered":"https:\/\/liquidmaster.pl\/rooks-ok-03-4202-polerka-oscylacyjna-150mm-skok-21mm\/"},"modified":"2026-04-18T04:40:02","modified_gmt":"2026-04-18T02:40:02","slug":"rooks-ok-03-4202-polerka-oscylacyjna-150mm-skok-21mm","status":"publish","type":"product","link":"https:\/\/liquidmaster.pl\/en\/rooks-ok-034202-polerka-oscylacyjna-150mm-skok-21mm\/","title":{"rendered":"Rooks OK-03.4202 \u2013 oscillating polisher 150mm stroke 21mm"},"content":{"rendered":"<p>The ROOKS polishing machine is designed for professional polishing of car paint coatings. It is an ideal tool in car service, but also in the furniture industry and construction and finishing services.<br \/>\nThe ROOKS polisher works in the DUAL ACTION (orbital) system and has a stroke of 21 mm. This means that the lateral movement of the disc (21 mm) is driven, and the rotational movement is involuntarily caused by centrifugal force. Thanks to this, the machine has high abrasion capacity while maintaining a very good paint finish.<br \/>\nThe tool has a Velcro mounting plate with a diameter of 150 mm, on which polishing pads and discs are placed. The polisher has a smoothly adjustable speed range of 1800-4800 OPM, power of 720 W and a comfortable handle with a pressure that facilitates control during polishing and an ergonomic handle. The Rooks polisher has the SOFT START system and a long-life motor. 230V power supply<\/p>\n<p>We do not recommend using work plates with a smaller diameter due to comfort, safety and warranty rules of the device. A smaller disc diameter, e.g. 75 mm, may cause incorrect operation of the machine and lead to its damage.<\/p>\n<p>\u00a0<\/p>","protected":false},"excerpt":{"rendered":"<p>Maszyna polerska ROOKS przeznaczona jest do profesjonalnego polerowania pow\u0142ok lakierniczych w samochodach. Jest idealnym narz\u0119dziem w serwisie samochodowym, ale r\u00f3wnie\u017c w przemy\u015ble meblowym oraz us\u0142ugach budowlanych i wyko\u0144czeniowych. Polerka ROOKS pracuje w systemie DUAL ACTION (orbitalna) i posiada skok o d\u0142ugo\u015bci 21 mm. Oznacza to, \u017ce nap\u0119dzany jest ruch boczny talerza (21 mm), a ruch&hellip;&nbsp;<a href=\"https:\/\/liquidmaster.pl\/en\/rooks-ok-034202-polerka-oscylacyjna-150mm-skok-21mm\/\" rel=\"bookmark\">Read More \u00bb<span class=\"screen-reader-text\">Rooks OK-03.4202 \u2013 oscillating polisher 150mm stroke 21mm<\/span><\/a><\/p>","protected":false},"featured_media":1850274,"comment_status":"open","ping_status":"open","template":"","meta":{"neve_meta_sidebar":"","neve_meta_container":"","neve_meta_enable_content_width":"","neve_meta_content_width":0,"neve_meta_title_alignment":"","neve_meta_author_avatar":"","neve_post_elements_order":"","neve_meta_disable_header":"","neve_meta_disable_footer":"","neve_meta_disable_title":"","_themeisle_gutenberg_block_has_review":false},"product_brand":[],"product_cat":[807,806,748],"product_tag":[941],"class_list":{"0":"post-1807287","1":"product","2":"type-product","3":"status-publish","4":"has-post-thumbnail","6":"product_cat-maszyny-dual-action","7":"product_cat-maszyny-polerskie","8":"product_cat-polerowanie","9":"product_tag-rooks","11":"first","12":"outofstock","13":"taxable","14":"shipping-taxable","15":"purchasable","16":"product-type-simple"},"_links":{"self":[{"href":"https:\/\/liquidmaster.pl\/en\/wp-json\/wp\/v2\/product\/1807287","targetHints":{"allow":["GET"]}}],"collection":[{"href":"https:\/\/liquidmaster.pl\/en\/wp-json\/wp\/v2\/product"}],"about":[{"href":"https:\/\/liquidmaster.pl\/en\/wp-json\/wp\/v2\/types\/product"}],"replies":[{"embeddable":true,"href":"https:\/\/liquidmaster.pl\/en\/wp-json\/wp\/v2\/comments?post=1807287"}],"wp:featuredmedia":[{"embeddable":true,"href":"https:\/\/liquidmaster.pl\/en\/wp-json\/wp\/v2\/media\/1850274"}],"wp:attachment":[{"href":"https:\/\/liquidmaster.pl\/en\/wp-json\/wp\/v2\/media?parent=1807287"}],"wp:term":[{"taxonomy":"product_brand","embeddable":true,"href":"https:\/\/liquidmaster.pl\/en\/wp-json\/wp\/v2\/product_brand?post=1807287"},{"taxonomy":"product_cat","embeddable":true,"href":"https:\/\/liquidmaster.pl\/en\/wp-json\/wp\/v2\/product_cat?post=1807287"},{"taxonomy":"product_tag","embeddable":true,"href":"https:\/\/liquidmaster.pl\/en\/wp-json\/wp\/v2\/product_tag?post=1807287"}],"curies":[{"name":"wp","href":"https:\/\/api.w.org\/{rel}","templated":true}]}}