{"id":1807283,"date":"2025-03-28T17:58:05","date_gmt":"2025-03-28T15:58:05","guid":{"rendered":"https:\/\/liquidmaster.pl\/rooks-ok-04-0306-pistolet-do-przedmuchiwania-z-dysza-venturi\/"},"modified":"2026-04-18T04:40:01","modified_gmt":"2026-04-18T02:40:01","slug":"rooks-ok-04-0306-pistolet-do-przedmuchiwania-z-dysza-venturi","status":"publish","type":"product","link":"https:\/\/liquidmaster.pl\/en\/rooks-ok-040306-pistolet-do-przedmuchiwania-z-dysza-venturi\/","title":{"rendered":"Rooks OK-04.0306 \u2013 blowing gun with a venturi nozzle"},"content":{"rendered":"<p>The blowing gun with a VENTURI nozzle, number OK-04.0306, has a unique solution that provides enormous air speed and quite high pressure. This is possible thanks to a special air-suction boost of its main thrust, which is emitted by the gun. This is a very economical and efficient model.<\/p>\n<p>The VENTURI gun ensures quick and effective cleaning, drying and blowing water after washing the car from nooks and crannies near seals, mirrors, engine covers, etc.<\/p>\n<p>The gun in the set has a plug for connection to the air hose using a quick connector.<\/p>\n<p>Rooks Turbo Clean System are cleaning guns for upholstery, rugs, seats, carpets, side panels, headliner, engine, bodywork and other car parts, equipped with the ultra-modern TURBO CLEAN technology, which is based on a high-speed nozzle. The nozzle sets the high-speed air in a swirling motion, thanks to which the gun cleans with the force of a tornado.<\/p>","protected":false},"excerpt":{"rendered":"<p>Pistolet do przedmuchiwania z dysz\u0105 VENTURI o numerze OK-04.0306 posiada unikalne rozwi\u0105zanie daj\u0105ce ogromn\u0105 pr\u0119dko\u015b\u0107 powietrza i do\u015b\u0107 wysokie ci\u015bnienie. Jest to mo\u017cliwe dzi\u0119ki specjalnemu do\u0142adowaniu zasysanym powietrzem jego g\u0142\u00f3wnego ci\u0105gu, kt\u00f3ry emituje pistolet. To bardzo ekonomiczny i wydajny model. Pistolet VENTURI zapewnia szybkie i skuteczne czyszczenie, suszenie wydmuchiwanie wody po myciu samochodu z zakamark\u00f3w&hellip;&nbsp;<a href=\"https:\/\/liquidmaster.pl\/en\/rooks-ok-040306-pistolet-do-przedmuchiwania-z-dysza-venturi\/\" rel=\"bookmark\">Read More \u00bb<span class=\"screen-reader-text\">Rooks OK-04.0306 \u2013 blowing gun with a venturi nozzle<\/span><\/a><\/p>","protected":false},"featured_media":1850272,"comment_status":"open","ping_status":"open","template":"","meta":{"neve_meta_sidebar":"","neve_meta_container":"","neve_meta_enable_content_width":"","neve_meta_content_width":0,"neve_meta_title_alignment":"","neve_meta_author_avatar":"","neve_post_elements_order":"","neve_meta_disable_header":"","neve_meta_disable_footer":"","neve_meta_disable_title":"","_themeisle_gutenberg_block_has_review":false},"product_brand":[],"product_cat":[757,942,846],"product_tag":[941],"class_list":{"0":"post-1807283","1":"product","2":"type-product","3":"status-publish","4":"has-post-thumbnail","6":"product_cat-akcesoria","7":"product_cat-pneumatyczne-pistolety-czyszczace","8":"product_cat-reszta","9":"product_tag-rooks","11":"first","12":"instock","13":"taxable","14":"shipping-taxable","15":"purchasable","16":"product-type-simple"},"_links":{"self":[{"href":"https:\/\/liquidmaster.pl\/en\/wp-json\/wp\/v2\/product\/1807283","targetHints":{"allow":["GET"]}}],"collection":[{"href":"https:\/\/liquidmaster.pl\/en\/wp-json\/wp\/v2\/product"}],"about":[{"href":"https:\/\/liquidmaster.pl\/en\/wp-json\/wp\/v2\/types\/product"}],"replies":[{"embeddable":true,"href":"https:\/\/liquidmaster.pl\/en\/wp-json\/wp\/v2\/comments?post=1807283"}],"wp:featuredmedia":[{"embeddable":true,"href":"https:\/\/liquidmaster.pl\/en\/wp-json\/wp\/v2\/media\/1850272"}],"wp:attachment":[{"href":"https:\/\/liquidmaster.pl\/en\/wp-json\/wp\/v2\/media?parent=1807283"}],"wp:term":[{"taxonomy":"product_brand","embeddable":true,"href":"https:\/\/liquidmaster.pl\/en\/wp-json\/wp\/v2\/product_brand?post=1807283"},{"taxonomy":"product_cat","embeddable":true,"href":"https:\/\/liquidmaster.pl\/en\/wp-json\/wp\/v2\/product_cat?post=1807283"},{"taxonomy":"product_tag","embeddable":true,"href":"https:\/\/liquidmaster.pl\/en\/wp-json\/wp\/v2\/product_tag?post=1807283"}],"curies":[{"name":"wp","href":"https:\/\/api.w.org\/{rel}","templated":true}]}}