{"id":1807278,"date":"2025-03-28T17:58:05","date_gmt":"2025-03-28T15:58:05","guid":{"rendered":"https:\/\/liquidmaster.pl\/rooks-ok-03-3006-lampa-inspekcyjna-cob-led\/"},"modified":"2026-04-18T04:40:00","modified_gmt":"2026-04-18T02:40:00","slug":"rooks-ok-03-3006-lampa-inspekcyjna-cob-led","status":"publish","type":"product","link":"https:\/\/liquidmaster.pl\/en\/rooks-ok-033006-lampa-inspekcyjna-cob-led\/","title":{"rendered":"Rooks OK-03.3006 \u2013 COB LED inspection lamp"},"content":{"rendered":"<p>The ROOKS lamp for workshop and inspection applications has a compact, universal structure with high resistance to impacts, cracks and falls (class IK07). The ROOKS lamp has COB diodes with an intensity of up to 1000 lumens, which emit clear, clean light with a cold color of 6500K. Structurally, the lamp is a sister of the OK-03.3005 and OK-03.3014 lamps, it has a resistant IK07 class HD COVER lamp, IP54 waterproofness, powerful 3.7V 5000 mAh battery, light intensity 1000 + 200 Lum, hanging hook, adjustable foot with strong magnets, system informing about battery charge, charging using a cable or charging base, which are included in the set, while the charging power is from an external USB charger. Lighting time from 3-10 hours.<\/p>\n<p>Technical data<\/p>\n<tr>\n\t\t\tGuarantee<br \/>\n\t\t\t24 months<br \/>\n\t\t<\/tr>\n<tr>\n\t\t\tPower<br \/>\n\t\t\t10 + 3W<br \/>\n\t\t<\/tr>\n<tr>\n\t\t\tLight intensity<br \/>\n\t\t\t250\/ 500\/ 1000 lumens + 220 lumens<br \/>\n\t\t<\/tr>\n<tr>\n\t\t\tConstruction<br \/>\n\t\t\tHD Cover Lamp<br \/>\n\t\t<\/tr>\n<tr>\n\t\t\tThermal color<br \/>\n\t\t\t6500 K<br \/>\n\t\t<\/tr>\n<tr>\n\t\t\tSecurity<br \/>\n\t\t\tIP54 IK07<br \/>\n\t\t<\/tr>\n<tr>\n\t\t\tCharging time<br \/>\n\t\t\t3.5 hours<br \/>\n\t\t<\/tr>\n<tr>\n\t\t\tWorking time<br \/>\n\t\t\t3 \u2013 12 h<br \/>\n\t\t<\/tr>\n<tr>\n\t\t\tBattery<br \/>\n\t\t\tLi-ion 3.7V 5000mAh<br \/>\n\t\t<\/tr>\n<tr>\n\t\t\tCharging type<br \/>\n\t\t\tDC 5V 1A<br \/>\n\t\t<\/tr>\n<tr>\n\t\t\tSource of light<br \/>\n\t\t\tCOB + SMD Led<br \/>\n\t\t<\/tr>","protected":false},"excerpt":{"rendered":"<p>Lampa ROOKS do zastosowa\u0144 warsztatowych i inspekcyjnych, posiada zwart\u0105, uniwersaln\u0105 konstrukcj\u0119 o wysokiej odporno\u015bci na uderzenia, p\u0119kni\u0119cia i upadki (klasa IK07). Lampa ROOKS posiada diody COB o nat\u0119\u017ceniu a\u017c 1000 lumen\u00f3w, kt\u00f3re \u015bwiec\u0105 wyra\u017anym, czystym \u015bwiat\u0142em o zimnej barwie 6500K. Konstrukcyjnie lampa jest siostr\u0105 lampy OK-03.3005 i OK-03.3014, posiada odporn\u0105 opraw\u0119 HD COVER klasy IK07,&hellip;&nbsp;<a href=\"https:\/\/liquidmaster.pl\/en\/rooks-ok-033006-lampa-inspekcyjna-cob-led\/\" rel=\"bookmark\">Read More \u00bb<span class=\"screen-reader-text\">Rooks OK-03.3006 \u2013 COB LED inspection lamp<\/span><\/a><\/p>","protected":false},"featured_media":1850263,"comment_status":"open","ping_status":"open","template":"","meta":{"neve_meta_sidebar":"","neve_meta_container":"","neve_meta_enable_content_width":"","neve_meta_content_width":0,"neve_meta_title_alignment":"","neve_meta_author_avatar":"","neve_post_elements_order":"","neve_meta_disable_header":"","neve_meta_disable_footer":"","neve_meta_disable_title":"","_themeisle_gutenberg_block_has_review":false},"product_brand":[],"product_cat":[749,827,748],"product_tag":[941],"class_list":{"0":"post-1807278","1":"product","2":"type-product","3":"status-publish","4":"has-post-thumbnail","6":"product_cat-akcesoria-polerskie","7":"product_cat-lampy-inspekcyjne","8":"product_cat-polerowanie","9":"product_tag-rooks","11":"first","12":"instock","13":"taxable","14":"shipping-taxable","15":"purchasable","16":"product-type-simple"},"_links":{"self":[{"href":"https:\/\/liquidmaster.pl\/en\/wp-json\/wp\/v2\/product\/1807278","targetHints":{"allow":["GET"]}}],"collection":[{"href":"https:\/\/liquidmaster.pl\/en\/wp-json\/wp\/v2\/product"}],"about":[{"href":"https:\/\/liquidmaster.pl\/en\/wp-json\/wp\/v2\/types\/product"}],"replies":[{"embeddable":true,"href":"https:\/\/liquidmaster.pl\/en\/wp-json\/wp\/v2\/comments?post=1807278"}],"wp:featuredmedia":[{"embeddable":true,"href":"https:\/\/liquidmaster.pl\/en\/wp-json\/wp\/v2\/media\/1850263"}],"wp:attachment":[{"href":"https:\/\/liquidmaster.pl\/en\/wp-json\/wp\/v2\/media?parent=1807278"}],"wp:term":[{"taxonomy":"product_brand","embeddable":true,"href":"https:\/\/liquidmaster.pl\/en\/wp-json\/wp\/v2\/product_brand?post=1807278"},{"taxonomy":"product_cat","embeddable":true,"href":"https:\/\/liquidmaster.pl\/en\/wp-json\/wp\/v2\/product_cat?post=1807278"},{"taxonomy":"product_tag","embeddable":true,"href":"https:\/\/liquidmaster.pl\/en\/wp-json\/wp\/v2\/product_tag?post=1807278"}],"curies":[{"name":"wp","href":"https:\/\/api.w.org\/{rel}","templated":true}]}}