{"id":1807275,"date":"2025-03-28T17:56:59","date_gmt":"2025-03-28T15:56:59","guid":{"rendered":"https:\/\/liquidmaster.pl\/auto-graph-amethyst-750ml-deironizer-krwawa-felga\/"},"modified":"2026-04-18T04:28:33","modified_gmt":"2026-04-18T02:28:33","slug":"auto-graph-amethyst-750ml-deironizer-krwawa-felga","status":"publish","type":"product","link":"https:\/\/liquidmaster.pl\/en\/auto-graph-amethyst-750ml-deironizer-krwawa-felga\/","title":{"rendered":"Auto Graph Amethyst 750ml - deironizer, blood rim"},"content":{"rendered":"<p>Auto Graph Amethyst - are you looking for a safe way to clean your rims? Choose Amethyst Rim Cleaner, which will not only remove dirt from rims, but also from varnish, plastics, chrome and glass. Safe, thanks to gentle cleaning substances with a neutral pH. Its increased viscosity allows it to spread over the cleaned surface longer and more evenly. Easy to use - apply to the surface, wait a few minutes and rinse before it dries.<\/p>\n<p>Properties:<\/p>\n<ul>\n<li>Safe and effective in operation.<\/li>\n<li>It is characterized by a neutral pH.<\/li>\n<li>The combination with metal particles, mainly Fe and Mn, leads to a characteristic color reaction, called bleeding.<\/li>\n<li>Just like amethyst, it comes in two colors - first it is purple, and over time it becomes transparent.<\/li>\n<li>The color change does not affect the properties of the product.<\/li>\n<li>Easy to use.<\/li>\n<li>Ready to use.<\/li>\n<\/ul>\n<p>Usage:<\/p>\n<li>Make sure the rims are not hot.<\/li>\n<li>Spray the surface to be cleaned.<\/li>\n<li>Work with a brush for a better effect.<\/li>\n<li>Remove contamination with pressurized water.<\/li>\n<p>Tips:<\/p>\n<ul>\n<li>Carry out work in optimal conditions - avoid high temperatures, humidity, sun; work indoors.<\/li>\n<li>Do not leave the product to dry.<\/li>\n<li>Use gloves and protective clothing.<\/li>\n<li>The optimum storage temperature is 5-25 degrees.<\/li>\n<\/ul>\n<p>Capacity: 750 ml<\/p>\n<p>\u00a0<\/p>","protected":false},"excerpt":{"rendered":"<p>Auto Graph Amethyst \u2013 szukasz bezpiecznego sposobu na wyczyszczenie felg? Wybierz Amethyst Rim Cleaner, kt\u00f3ry nie tylko usunie zanieczyszczenia z felg, lecz tak\u017ce z lakieru, tworzyw sztucznych, chrom\u00f3w czy szk\u0142a. Bezpieczny, dzi\u0119ki delikatnym substancjom czyszcz\u0105cym o neutralnym pH. Jego podwy\u017cszona lepko\u015b\u0107 pozwala d\u0142u\u017cej i bardziej r\u00f3wnomiernie rozprowadza\u0107 si\u0119 po czyszczonej powierzchni. \u0141atwy w u\u017cyciu \u2013&hellip;&nbsp;<a href=\"https:\/\/liquidmaster.pl\/en\/auto-graph-amethyst-750ml-deironizer-krwawa-felga\/\" rel=\"bookmark\">Read More \u00bb<span class=\"screen-reader-text\">Auto Graph Amethyst 750ml - deironizer, blood rim<\/span><\/a><\/p>","protected":false},"featured_media":1848636,"comment_status":"open","ping_status":"open","template":"","meta":{"neve_meta_sidebar":"","neve_meta_container":"","neve_meta_enable_content_width":"","neve_meta_content_width":0,"neve_meta_title_alignment":"","neve_meta_author_avatar":"","neve_post_elements_order":"","neve_meta_disable_header":"","neve_meta_disable_footer":"","neve_meta_disable_title":"","_themeisle_gutenberg_block_has_review":false},"product_brand":[],"product_cat":[744,743,733],"product_tag":[264],"class_list":{"0":"post-1807275","1":"product","2":"type-product","3":"status-publish","4":"has-post-thumbnail","6":"product_cat-deironizacja","7":"product_cat-dekontaminacja","8":"product_cat-na-zewnatrz","9":"product_tag-auto-graph","11":"first","12":"instock","13":"taxable","14":"shipping-taxable","15":"purchasable","16":"product-type-simple"},"_links":{"self":[{"href":"https:\/\/liquidmaster.pl\/en\/wp-json\/wp\/v2\/product\/1807275","targetHints":{"allow":["GET"]}}],"collection":[{"href":"https:\/\/liquidmaster.pl\/en\/wp-json\/wp\/v2\/product"}],"about":[{"href":"https:\/\/liquidmaster.pl\/en\/wp-json\/wp\/v2\/types\/product"}],"replies":[{"embeddable":true,"href":"https:\/\/liquidmaster.pl\/en\/wp-json\/wp\/v2\/comments?post=1807275"}],"wp:featuredmedia":[{"embeddable":true,"href":"https:\/\/liquidmaster.pl\/en\/wp-json\/wp\/v2\/media\/1848636"}],"wp:attachment":[{"href":"https:\/\/liquidmaster.pl\/en\/wp-json\/wp\/v2\/media?parent=1807275"}],"wp:term":[{"taxonomy":"product_brand","embeddable":true,"href":"https:\/\/liquidmaster.pl\/en\/wp-json\/wp\/v2\/product_brand?post=1807275"},{"taxonomy":"product_cat","embeddable":true,"href":"https:\/\/liquidmaster.pl\/en\/wp-json\/wp\/v2\/product_cat?post=1807275"},{"taxonomy":"product_tag","embeddable":true,"href":"https:\/\/liquidmaster.pl\/en\/wp-json\/wp\/v2\/product_tag?post=1807275"}],"curies":[{"name":"wp","href":"https:\/\/api.w.org\/{rel}","templated":true}]}}