{"id":1807263,"date":"2025-03-28T17:56:28","date_gmt":"2025-03-28T15:56:28","guid":{"rendered":"https:\/\/liquidmaster.pl\/dodo-juice-spirited-away-500ml-koncentrat-plynu-do-spryskiwaczy\/"},"modified":"2026-04-20T08:20:01","modified_gmt":"2026-04-20T06:20:01","slug":"dodo-juice-spirited-away-500ml-koncentrat-plynu-do-spryskiwaczy","status":"publish","type":"product","link":"https:\/\/liquidmaster.pl\/en\/dodo-juice-spirited-away-500ml-koncentrat-plynu-do-spryskiwaczy\/","title":{"rendered":"Dodo Juice Spirited Away 500ml \u2013 windshield washer fluid concentrate"},"content":{"rendered":"<p>Spirited Away glass cleaner is an excellent product of the Dodo Juice brand, developed on the basis of the &quot;Clearly Menthol&quot; recipe. Effectively removes dirt without leaving streaks or grease, ensuring the clarity and shiny appearance of the windows. Its advanced formula makes it safe for all car components, even at extremely low temperatures. An efficient concentrate that allows you to prepare up to 3.5 liters of summer liquid or several liters of winter mixture. An ideal choice for those who value quality and effectiveness.<\/p>\n<p>dilution:<\/p>\n<ul>\n<li>summer liquid \u2013 1:6<\/li>\n<li>winter fluid \u2013 1:3<\/li>\n<\/ul>\n<p>Capacity: 500 ml<\/p>","protected":false},"excerpt":{"rendered":"<p>P\u0142yn do czyszczenia szyb Spirited Away to doskona\u0142y produkt marki Dodo Juice, opracowany na bazie receptury &#8222;Clearly Menthol&#8221;. Skutecznie usuwa brud bez pozostawiania smug czy smar\u00f3w, zapewniaj\u0105c klarowno\u015b\u0107 i l\u015bni\u0105cy wygl\u0105d szyb. Jego zaawansowana formu\u0142a sprawia, \u017ce jest bezpieczny dla wszystkich element\u00f3w samochodowych, nawet podczas ekstremalnie niskich temperatur. Wydajny koncentrat, kt\u00f3ry pozwala na sporz\u0105dzenie do&hellip;&nbsp;<a href=\"https:\/\/liquidmaster.pl\/en\/dodo-juice-spirited-away-500ml-koncentrat-plynu-do-spryskiwaczy\/\" rel=\"bookmark\">Read More \u00bb<span class=\"screen-reader-text\">Dodo Juice Spirited Away 500ml \u2013 windshield washer fluid concentrate<\/span><\/a><\/p>","protected":false},"featured_media":1850250,"comment_status":"open","ping_status":"open","template":"","meta":{"neve_meta_sidebar":"","neve_meta_container":"","neve_meta_enable_content_width":"","neve_meta_content_width":0,"neve_meta_title_alignment":"","neve_meta_author_avatar":"","neve_post_elements_order":"","neve_meta_disable_header":"","neve_meta_disable_footer":"","neve_meta_disable_title":"","_themeisle_gutenberg_block_has_review":false},"product_brand":[],"product_cat":[733,774,773],"product_tag":[288],"class_list":{"0":"post-1807263","1":"product","2":"type-product","3":"status-publish","4":"has-post-thumbnail","6":"product_cat-na-zewnatrz","7":"product_cat-plyny-do-szyb","8":"product_cat-szyby","9":"product_tag-dodo-juice","11":"first","12":"instock","13":"taxable","14":"shipping-taxable","15":"purchasable","16":"product-type-simple"},"_links":{"self":[{"href":"https:\/\/liquidmaster.pl\/en\/wp-json\/wp\/v2\/product\/1807263","targetHints":{"allow":["GET"]}}],"collection":[{"href":"https:\/\/liquidmaster.pl\/en\/wp-json\/wp\/v2\/product"}],"about":[{"href":"https:\/\/liquidmaster.pl\/en\/wp-json\/wp\/v2\/types\/product"}],"replies":[{"embeddable":true,"href":"https:\/\/liquidmaster.pl\/en\/wp-json\/wp\/v2\/comments?post=1807263"}],"wp:featuredmedia":[{"embeddable":true,"href":"https:\/\/liquidmaster.pl\/en\/wp-json\/wp\/v2\/media\/1850250"}],"wp:attachment":[{"href":"https:\/\/liquidmaster.pl\/en\/wp-json\/wp\/v2\/media?parent=1807263"}],"wp:term":[{"taxonomy":"product_brand","embeddable":true,"href":"https:\/\/liquidmaster.pl\/en\/wp-json\/wp\/v2\/product_brand?post=1807263"},{"taxonomy":"product_cat","embeddable":true,"href":"https:\/\/liquidmaster.pl\/en\/wp-json\/wp\/v2\/product_cat?post=1807263"},{"taxonomy":"product_tag","embeddable":true,"href":"https:\/\/liquidmaster.pl\/en\/wp-json\/wp\/v2\/product_tag?post=1807263"}],"curies":[{"name":"wp","href":"https:\/\/api.w.org\/{rel}","templated":true}]}}