{"id":1807261,"date":"2025-03-28T17:56:28","date_gmt":"2025-03-28T15:56:28","guid":{"rendered":"https:\/\/liquidmaster.pl\/dodo-juice-captain-canoodle-wash-mitt-rekawica-do-mycia\/"},"modified":"2026-04-18T04:39:55","modified_gmt":"2026-04-18T02:39:55","slug":"dodo-juice-captain-canoodle-wash-mitt-rekawica-do-mycia","status":"publish","type":"product","link":"https:\/\/liquidmaster.pl\/en\/dodo-juice-captain-canoodle-wash-mitt-rekawica-do-mycia\/","title":{"rendered":"Dodo Juice Captain Canoodle Wash Mitt \u2013 washing glove"},"content":{"rendered":"<p>The Captain Canoodle car wash glove is an extraordinary choice for lovers of easy care. Made from the delicate micro-dreadlocks of feathers from a dozen green dodo chicks, or perhaps from synthetic polyester-polyamide fibers, it is reusable. Thanks to hundreds of micro-threads, the glove provides extraordinary softness and a deep effect like a natural sheep wool glove. Practicality is its advantage - it can be washed and dried in a washing machine (at 40 degrees, without the addition of softeners). A perfect alternative to traditional gloves.<\/p>","protected":false},"excerpt":{"rendered":"<p>R\u0119kawica do mycia samochodu Captain Canoodle to niezwyk\u0142y wyb\u00f3r dla mi\u0142o\u015bnik\u00f3w \u0142atwej piel\u0119gnacji. Wykonana z delikatnych mikro-dred\u00f3w pi\u00f3rek kilkunastu piskl\u0105t zielonych dodo, lub by\u0107 mo\u017ce z syntetycznych w\u0142\u00f3kien poliestrowo-poliamidowych, nadaje si\u0119 do wielokrotnego u\u017cytku. Dzi\u0119ki setkom mikro-nitek r\u0119kawica zapewnia niezwyk\u0142\u0105 mi\u0119kko\u015b\u0107 i g\u0142\u0119boki efekt jak przy naturalnej r\u0119kawicy z we\u0142ny owczej. Praktyczno\u015b\u0107 to jej zaleta&hellip;&nbsp;<a href=\"https:\/\/liquidmaster.pl\/en\/dodo-juice-captain-canoodle-wash-mitt-rekawica-do-mycia\/\" rel=\"bookmark\">Read More \u00bb<span class=\"screen-reader-text\">Dodo Juice Captain Canoodle Wash Mitt \u2013 washing glove<\/span><\/a><\/p>","protected":false},"featured_media":1850249,"comment_status":"open","ping_status":"open","template":"","meta":{"neve_meta_sidebar":"","neve_meta_container":"","neve_meta_enable_content_width":"","neve_meta_content_width":0,"neve_meta_title_alignment":"","neve_meta_author_avatar":"","neve_post_elements_order":"","neve_meta_disable_header":"","neve_meta_disable_footer":"","neve_meta_disable_title":"","_themeisle_gutenberg_block_has_review":false},"product_brand":[],"product_cat":[734,733,764],"product_tag":[288],"class_list":{"0":"post-1807261","1":"product","2":"type-product","3":"status-publish","4":"has-post-thumbnail","6":"product_cat-mycie-i-osuszanie","7":"product_cat-na-zewnatrz","8":"product_cat-rekawice-i-gabki","9":"product_tag-dodo-juice","10":"pa_promocja-promocje","12":"first","13":"instock","14":"sale","15":"taxable","16":"shipping-taxable","17":"purchasable","18":"product-type-simple"},"_links":{"self":[{"href":"https:\/\/liquidmaster.pl\/en\/wp-json\/wp\/v2\/product\/1807261","targetHints":{"allow":["GET"]}}],"collection":[{"href":"https:\/\/liquidmaster.pl\/en\/wp-json\/wp\/v2\/product"}],"about":[{"href":"https:\/\/liquidmaster.pl\/en\/wp-json\/wp\/v2\/types\/product"}],"replies":[{"embeddable":true,"href":"https:\/\/liquidmaster.pl\/en\/wp-json\/wp\/v2\/comments?post=1807261"}],"wp:featuredmedia":[{"embeddable":true,"href":"https:\/\/liquidmaster.pl\/en\/wp-json\/wp\/v2\/media\/1850249"}],"wp:attachment":[{"href":"https:\/\/liquidmaster.pl\/en\/wp-json\/wp\/v2\/media?parent=1807261"}],"wp:term":[{"taxonomy":"product_brand","embeddable":true,"href":"https:\/\/liquidmaster.pl\/en\/wp-json\/wp\/v2\/product_brand?post=1807261"},{"taxonomy":"product_cat","embeddable":true,"href":"https:\/\/liquidmaster.pl\/en\/wp-json\/wp\/v2\/product_cat?post=1807261"},{"taxonomy":"product_tag","embeddable":true,"href":"https:\/\/liquidmaster.pl\/en\/wp-json\/wp\/v2\/product_tag?post=1807261"}],"curies":[{"name":"wp","href":"https:\/\/api.w.org\/{rel}","templated":true}]}}