{"id":1807255,"date":"2025-03-28T17:56:05","date_gmt":"2025-03-28T15:56:05","guid":{"rendered":"https:\/\/liquidmaster.pl\/adbl-wsr-500ml-srodek-do-usuwania-sladow-po-twardej-wodzie\/"},"modified":"2026-04-19T03:27:19","modified_gmt":"2026-04-19T01:27:19","slug":"adbl-wsr-500ml-srodek-do-usuwania-sladow-po-twardej-wodzie","status":"publish","type":"product","link":"https:\/\/liquidmaster.pl\/en\/adbl-wsr-500ml-srodek-do-usuwania-sladow-po-twardej-wodzie\/","title":{"rendered":"ADBL WSR 500ml \u2013 agent for removing traces of hard water"},"content":{"rendered":"<p>An effective, strong agent for removing mineral deposits and traces of hard water from paint, windows and plastics. It contains synergistically acting acids that effectively penetrate and clean the stone, while helping to keep the surface clean. Perfect for unblocking coatings. \u00a0 \u00a0 \u00a0 \u00a0 \u00a0 \u00a0 \u00a0 \u00a0 \u00a0 \u00a0 \u00a0 \u00a0 \u00a0 \u00a0 \u00a0 \u00a0 \u00a0 \u00a0<\/p>\n<p>HOW TO USE:\u00a0 \u00a0 \u00a0 \u00a0 \u00a0 \u00a0 \u00a0 \u00a0 \u00a0 \u00a0 \u00a0 \u00a0 \u00a0 \u00a0 \u00a0 \u00a0 \u00a0 \u00a0 \u00a0 \u00a0 \u00a0 \u00a0 \u00a0 \u00a0 \u00a0 \u00a0 \u00a0 \u00a0 \u00a0 \u00a0<\/p>\n<li>Apply to a cool surface.<\/li>\n<li>Work the product onto the surface with criss-cross movements using a microfiber cloth.\u00a0<\/li>\n<li>Rinse thoroughly with water under pressure.\u00a0<\/li>\n<li>Repeat steps 1 through 3 if necessary.<\/li>","protected":false},"excerpt":{"rendered":"<p>Efektywny, silny \u015brodek do usuwania osad\u00f3w mineralnych oraz \u015blad\u00f3w po twardej wodzie z lakieru, szyb, tworzyw sztucznych. Zawiera synergicznie dzia\u0142aj\u0105ce kwasy, kt\u00f3re skutecznie penetruj\u0105 i czyszcz\u0105 kamie\u0144, jednocze\u015bnie pomagaj\u0105c utrzyma\u0107 powierzchni\u0119 w czysto\u015bci. Idealny do odtykania pow\u0142ok. \u00a0 \u00a0 \u00a0 \u00a0 \u00a0 \u00a0 \u00a0 \u00a0 \u00a0 \u00a0 \u00a0 \u00a0 \u00a0 \u00a0 \u00a0 \u00a0 \u00a0 \u00a0&hellip;&nbsp;<a href=\"https:\/\/liquidmaster.pl\/en\/adbl-wsr-500ml-srodek-do-usuwania-sladow-po-twardej-wodzie\/\" rel=\"bookmark\">Read More \u00bb<span class=\"screen-reader-text\">ADBL WSR 500ml \u2013 agent for removing traces of hard water<\/span><\/a><\/p>","protected":false},"featured_media":1850240,"comment_status":"open","ping_status":"open","template":"","meta":{"neve_meta_sidebar":"","neve_meta_container":"","neve_meta_enable_content_width":"","neve_meta_content_width":0,"neve_meta_title_alignment":"","neve_meta_author_avatar":"","neve_post_elements_order":"","neve_meta_disable_header":"","neve_meta_disable_footer":"","neve_meta_disable_title":"","_themeisle_gutenberg_block_has_review":false},"product_brand":[],"product_cat":[743,733,852],"product_tag":[258],"class_list":{"0":"post-1807255","1":"product","2":"type-product","3":"status-publish","4":"has-post-thumbnail","6":"product_cat-dekontaminacja","7":"product_cat-na-zewnatrz","8":"product_cat-usuwanie-waterspotow","9":"product_tag-adbl","11":"first","12":"instock","13":"taxable","14":"shipping-taxable","15":"purchasable","16":"product-type-simple"},"_links":{"self":[{"href":"https:\/\/liquidmaster.pl\/en\/wp-json\/wp\/v2\/product\/1807255","targetHints":{"allow":["GET"]}}],"collection":[{"href":"https:\/\/liquidmaster.pl\/en\/wp-json\/wp\/v2\/product"}],"about":[{"href":"https:\/\/liquidmaster.pl\/en\/wp-json\/wp\/v2\/types\/product"}],"replies":[{"embeddable":true,"href":"https:\/\/liquidmaster.pl\/en\/wp-json\/wp\/v2\/comments?post=1807255"}],"wp:featuredmedia":[{"embeddable":true,"href":"https:\/\/liquidmaster.pl\/en\/wp-json\/wp\/v2\/media\/1850240"}],"wp:attachment":[{"href":"https:\/\/liquidmaster.pl\/en\/wp-json\/wp\/v2\/media?parent=1807255"}],"wp:term":[{"taxonomy":"product_brand","embeddable":true,"href":"https:\/\/liquidmaster.pl\/en\/wp-json\/wp\/v2\/product_brand?post=1807255"},{"taxonomy":"product_cat","embeddable":true,"href":"https:\/\/liquidmaster.pl\/en\/wp-json\/wp\/v2\/product_cat?post=1807255"},{"taxonomy":"product_tag","embeddable":true,"href":"https:\/\/liquidmaster.pl\/en\/wp-json\/wp\/v2\/product_tag?post=1807255"}],"curies":[{"name":"wp","href":"https:\/\/api.w.org\/{rel}","templated":true}]}}