{"id":1807243,"date":"2025-03-28T17:54:50","date_gmt":"2025-03-28T15:54:50","guid":{"rendered":"https:\/\/liquidmaster.pl\/adbl-wheel-warrior-gel-1l-kwasny-srodek-do-czyszczenia-felg\/"},"modified":"2026-04-20T08:19:57","modified_gmt":"2026-04-20T06:19:57","slug":"adbl-wheel-warrior-gel-1l-kwasny-srodek-do-czyszczenia-felg","status":"publish","type":"product","link":"https:\/\/liquidmaster.pl\/en\/adbl-wheel-warrior-gel-1l-kwasny-srodek-do-czyszczenia-felg\/","title":{"rendered":"ADBL Wheel Warrior Gel 1L \u2013 acidic rim cleaner"},"content":{"rendered":"<p>Acidic rim gel for removing operational dirt from painted steel and aluminum rims. A special combination of organic and inorganic acids with strong cleaning and degreasing ingredients ensures high effectiveness in removing mineral deposits, grease and rust. The gel consistency and high viscosity of the product ensure optimal contact with dirt and penetration into the structure of dirt. <\/p>\n<p>NOTE: Do not use on polished aluminum rims. The composition includes corrosion inhibitors that support the protection of iron alloys.<\/p>\n<ul>\n<li>Suitable for regular cleaning,<\/li>\n<li>High effectiveness,<\/li>\n<li>Stays on the surface for up to 10 minutes.<\/li>\n<li>Contains corrosion inhibitors,<\/li>\n<li>Milder in scent than other products of this type, enriched with a strawberry note.<\/li>\n<\/ul>\n<p>HOW TO USE:<\/p>\n<li>Spray the agent onto the contaminated surface and cover it completely. Remember that the element to be cleaned must be cool.<\/li>\n<li>Leave the agent for 10 minutes.\u00a0<\/li>\n<li>Work the center on the surface with a brush, brush or sponge.<\/li>\n<li>Rinse thoroughly with water under pressure.<\/li>\n<li>Repeat steps 1 through 4 as necessary.<\/li>","protected":false},"excerpt":{"rendered":"<p>Kwa\u015bny \u017cel do felg s\u0142u\u017c\u0105cy do usuwania zabrudze\u0144 eksploatacyjnych z felg stalowych, aluminiowych lakierowanych. Specjalne po\u0142\u0105czenie kwas\u00f3w organicznych i nieorganicznych z silnymi sk\u0142adnikami myj\u0105cymi i odt\u0142uszczaj\u0105cymi zapewniaj\u0105 wysok\u0105 skuteczno\u015b\u0107 w usuwaniu osad\u00f3w mineralnych, t\u0142uszczu oraz rdzy. \u017belowa konsystencja i wysoka lepko\u015b\u0107 produktu zapewnia optymalny kontakt z zabrudzeniami i wnikanie w struktur\u0119 zabrudze\u0144. UWAGA: Nie u\u017cywa\u0107&hellip;&nbsp;<a href=\"https:\/\/liquidmaster.pl\/en\/adbl-wheel-warrior-gel-1l-kwasny-srodek-do-czyszczenia-felg\/\" rel=\"bookmark\">Read More \u00bb<span class=\"screen-reader-text\">ADBL Wheel Warrior Gel 1L \u2013 acidic rim cleaner<\/span><\/a><\/p>","protected":false},"featured_media":1850228,"comment_status":"open","ping_status":"open","template":"","meta":{"neve_meta_sidebar":"","neve_meta_container":"","neve_meta_enable_content_width":"","neve_meta_content_width":0,"neve_meta_title_alignment":"","neve_meta_author_avatar":"","neve_post_elements_order":"","neve_meta_disable_header":"","neve_meta_disable_footer":"","neve_meta_disable_title":"","_themeisle_gutenberg_block_has_review":false},"product_brand":[],"product_cat":[746,745,733],"product_tag":[258],"class_list":{"0":"post-1807243","1":"product","2":"type-product","3":"status-publish","4":"has-post-thumbnail","6":"product_cat-czyszczenie-felg","7":"product_cat-kola-i-opony","8":"product_cat-na-zewnatrz","9":"product_tag-adbl","11":"first","12":"instock","13":"taxable","14":"shipping-taxable","15":"purchasable","16":"product-type-simple"},"_links":{"self":[{"href":"https:\/\/liquidmaster.pl\/en\/wp-json\/wp\/v2\/product\/1807243","targetHints":{"allow":["GET"]}}],"collection":[{"href":"https:\/\/liquidmaster.pl\/en\/wp-json\/wp\/v2\/product"}],"about":[{"href":"https:\/\/liquidmaster.pl\/en\/wp-json\/wp\/v2\/types\/product"}],"replies":[{"embeddable":true,"href":"https:\/\/liquidmaster.pl\/en\/wp-json\/wp\/v2\/comments?post=1807243"}],"wp:featuredmedia":[{"embeddable":true,"href":"https:\/\/liquidmaster.pl\/en\/wp-json\/wp\/v2\/media\/1850228"}],"wp:attachment":[{"href":"https:\/\/liquidmaster.pl\/en\/wp-json\/wp\/v2\/media?parent=1807243"}],"wp:term":[{"taxonomy":"product_brand","embeddable":true,"href":"https:\/\/liquidmaster.pl\/en\/wp-json\/wp\/v2\/product_brand?post=1807243"},{"taxonomy":"product_cat","embeddable":true,"href":"https:\/\/liquidmaster.pl\/en\/wp-json\/wp\/v2\/product_cat?post=1807243"},{"taxonomy":"product_tag","embeddable":true,"href":"https:\/\/liquidmaster.pl\/en\/wp-json\/wp\/v2\/product_tag?post=1807243"}],"curies":[{"name":"wp","href":"https:\/\/api.w.org\/{rel}","templated":true}]}}