{"id":1807229,"date":"2025-03-28T17:54:04","date_gmt":"2025-03-28T15:54:04","guid":{"rendered":"https:\/\/liquidmaster.pl\/adbl-apc-typhoon-5l-uniwersalny-koncentrat-czyszczacy\/"},"modified":"2026-04-18T04:39:50","modified_gmt":"2026-04-18T02:39:50","slug":"adbl-apc-typhoon-5l-uniwersalny-koncentrat-czyszczacy","status":"publish","type":"product","link":"https:\/\/liquidmaster.pl\/en\/adbl-apc-typhoon-5l-uniwersalny-koncentrat-czyszczacy\/","title":{"rendered":"ADBL APC Typhoon 5L \u2013 universal cleaning concentrate"},"content":{"rendered":"<p>Concentrated, very strong, universal product for removing the heaviest dirt from plastic, vinyl and fabric upholstery. Perfect for pre-washing and cleaning details outside the car. It perfectly degreases, foams well, quickly penetrating and removing dirt. Gentle to the respiratory tract, with natural citrus solvents with a pleasant scent.<\/p>\n<ul>\n<li>Safe for the respiratory tract,<\/li>\n<li>Pleasant citrus scent,<\/li>\n<li>Foams well<\/li>\n<li>Efficient.<\/li>\n<\/ul>\n<p>Usage:<\/p>\n<p>\u00a0<\/p>\n<li>Prepare a working solution at a concentration of 1:25 to 1:5, depending on the dirt.<\/li>\n<li>Apply the solution to the surface to be cleaned and work with a brush, sponge or brush.<\/li>\n<li>Remove dissolved contaminants by wiping the surface with a damp microfiber cloth, rinsing with water or extraction rinsing.<\/li>\n<li>If necessary, repeat steps 1 to 3 with a working solution of 1:25 to 1:5 depending on the dirt.<\/li>\n<li>When used with a tornador, we recommend a 1:10 \u2013 1:20 dilution.<\/li>\n<p>\u00a0<\/p>\n<p>The product must be neutralized with water.<\/p>\n<p>Capacity: 5L<\/p>","protected":false},"excerpt":{"rendered":"<p>Skoncentrowany, bardzo silny, uniwersalny produkt do usuwania najci\u0119\u017cszych zabrudze\u0144 z plastiku, winylu oraz tapicerki materia\u0142owej. Idealny do mycia wst\u0119pnego oraz czyszczenia detali na zewn\u0105trz auta. Doskonale odt\u0142uszcza, dobrze si\u0119 pieni, szybko penetruj\u0105c i usuwaj\u0105c zabrudzenia. \u0141agodny dla dr\u00f3g oddechowych, z naturalnymi cytrusowymi rozpuszczalnikami o przyjemnym zapachu. Bezpieczny dla dr\u00f3g oddechowych, Przyjemny cytrusowy zapach, Dobrze si\u0119&hellip;&nbsp;<a href=\"https:\/\/liquidmaster.pl\/en\/adbl-apc-typhoon-5l-uniwersalny-koncentrat-czyszczacy\/\" rel=\"bookmark\">Read More \u00bb<span class=\"screen-reader-text\">ADBL APC Typhoon 5L \u2013 universal cleaning concentrate<\/span><\/a><\/p>","protected":false},"featured_media":1850208,"comment_status":"open","ping_status":"open","template":"","meta":{"neve_meta_sidebar":"","neve_meta_container":"","neve_meta_enable_content_width":"","neve_meta_content_width":0,"neve_meta_title_alignment":"","neve_meta_author_avatar":"","neve_post_elements_order":"","neve_meta_disable_header":"","neve_meta_disable_footer":"","neve_meta_disable_title":"","_themeisle_gutenberg_block_has_review":false},"product_brand":[],"product_cat":[742,734,733],"product_tag":[258],"class_list":{"0":"post-1807229","1":"product","2":"type-product","3":"status-publish","4":"has-post-thumbnail","6":"product_cat-apc-mycie-i-osuszanie","7":"product_cat-mycie-i-osuszanie","8":"product_cat-na-zewnatrz","9":"product_tag-adbl","10":"pa_promocja-promocje","12":"first","13":"instock","14":"taxable","15":"shipping-taxable","16":"purchasable","17":"product-type-simple"},"_links":{"self":[{"href":"https:\/\/liquidmaster.pl\/en\/wp-json\/wp\/v2\/product\/1807229","targetHints":{"allow":["GET"]}}],"collection":[{"href":"https:\/\/liquidmaster.pl\/en\/wp-json\/wp\/v2\/product"}],"about":[{"href":"https:\/\/liquidmaster.pl\/en\/wp-json\/wp\/v2\/types\/product"}],"replies":[{"embeddable":true,"href":"https:\/\/liquidmaster.pl\/en\/wp-json\/wp\/v2\/comments?post=1807229"}],"wp:featuredmedia":[{"embeddable":true,"href":"https:\/\/liquidmaster.pl\/en\/wp-json\/wp\/v2\/media\/1850208"}],"wp:attachment":[{"href":"https:\/\/liquidmaster.pl\/en\/wp-json\/wp\/v2\/media?parent=1807229"}],"wp:term":[{"taxonomy":"product_brand","embeddable":true,"href":"https:\/\/liquidmaster.pl\/en\/wp-json\/wp\/v2\/product_brand?post=1807229"},{"taxonomy":"product_cat","embeddable":true,"href":"https:\/\/liquidmaster.pl\/en\/wp-json\/wp\/v2\/product_cat?post=1807229"},{"taxonomy":"product_tag","embeddable":true,"href":"https:\/\/liquidmaster.pl\/en\/wp-json\/wp\/v2\/product_tag?post=1807229"}],"curies":[{"name":"wp","href":"https:\/\/api.w.org\/{rel}","templated":true}]}}