{"id":1807221,"date":"2025-03-28T17:52:50","date_gmt":"2025-03-28T15:52:50","guid":{"rendered":"https:\/\/liquidmaster.pl\/vikan-multipurpose-brush-524952-miekka-szczotka-do-roznych-powierzchni\/"},"modified":"2026-04-20T08:19:53","modified_gmt":"2026-04-20T06:19:53","slug":"vikan-multipurpose-brush-524952-miekka-szczotka-do-roznych-powierzchni","status":"publish","type":"product","link":"https:\/\/liquidmaster.pl\/en\/vikan-multipurpose-brush-524952-miekka-szczotka-do-roznych-powierzchni\/","title":{"rendered":"Vikan MultiPurpose Brush 524952 \u2013 soft brush for various surfaces"},"content":{"rendered":"<p>This is a unique Vikan brush thanks to which you can perform many washing, cleaning and washing tasks. In this brush, Vikan used cut bristles, not split at the ends. Such bristles are more effective at removing stronger dirt, and at the same time the bristles are more delicate and softer than usual in such brushes. Remember the rule that the smoother the surface, the more delicate the brush bristles must be so that the brush does not slip, for example, on the varnish when washing.<\/p>\n<p>The new Vikan 524952 Multi-Purpose brush is dedicated to washing wheels, rims, plastic surfaces, tires and carpets. You can use it to wash upholstery, clean tarpaulins, textile and plastic carpets. If you carefully use a brush with plenty of foam, you will easily remove insects from mirrors, bumpers and car windows.\u00a0<\/p>\n<p>Remember, when cleaning delicate surfaces, always rinse the brush thoroughly and wash it with more shampoo or cleaning agent. After use, rinse the brush with clean water and hang it on a hanger.<\/p>","protected":false},"excerpt":{"rendered":"<p>To wyj\u0105tkowa szczotka Vikan dzi\u0119ki kt\u00f3rej, mo\u017cesz wykona\u0107 wiele prac mycia, czyszczenia i prania. W tej szczotce Vikan zastosowa\u0142 w\u0142osie ci\u0119te, nierozdwajane na ko\u0144cach. Takie w\u0142osie jest skuteczniejsze przy usuwaniu silniejszych zabrudze\u0144, jednocze\u015bnie w\u0142osie jest delikatniejsze i bardziej mi\u0119kkie ni\u017c zwykle w takich szczotkach. Pami\u0119taj o zasadzie, \u017ce im g\u0142adsza powierzchnia tym w\u0142osie szczotki musi&hellip;&nbsp;<a href=\"https:\/\/liquidmaster.pl\/en\/vikan-multipurpose-brush-524952-miekka-szczotka-do-roznych-powierzchni\/\" rel=\"bookmark\">Read More \u00bb<span class=\"screen-reader-text\">Vikan MultiPurpose Brush 524952 \u2013 soft brush for various surfaces<\/span><\/a><\/p>","protected":false},"featured_media":1850199,"comment_status":"open","ping_status":"open","template":"","meta":{"neve_meta_sidebar":"","neve_meta_container":"","neve_meta_enable_content_width":"","neve_meta_content_width":0,"neve_meta_title_alignment":"","neve_meta_author_avatar":"","neve_post_elements_order":"","neve_meta_disable_header":"","neve_meta_disable_footer":"","neve_meta_disable_title":"","_themeisle_gutenberg_block_has_review":false},"product_brand":[],"product_cat":[757,785,777],"product_tag":[377],"class_list":{"0":"post-1807221","1":"product","2":"type-product","3":"status-publish","4":"has-post-thumbnail","6":"product_cat-akcesoria","7":"product_cat-do-elementow-zewnetrznych","8":"product_cat-szczotki-i-pedzelki","9":"product_tag-vikan","11":"first","12":"instock","13":"taxable","14":"shipping-taxable","15":"purchasable","16":"product-type-simple"},"_links":{"self":[{"href":"https:\/\/liquidmaster.pl\/en\/wp-json\/wp\/v2\/product\/1807221","targetHints":{"allow":["GET"]}}],"collection":[{"href":"https:\/\/liquidmaster.pl\/en\/wp-json\/wp\/v2\/product"}],"about":[{"href":"https:\/\/liquidmaster.pl\/en\/wp-json\/wp\/v2\/types\/product"}],"replies":[{"embeddable":true,"href":"https:\/\/liquidmaster.pl\/en\/wp-json\/wp\/v2\/comments?post=1807221"}],"wp:featuredmedia":[{"embeddable":true,"href":"https:\/\/liquidmaster.pl\/en\/wp-json\/wp\/v2\/media\/1850199"}],"wp:attachment":[{"href":"https:\/\/liquidmaster.pl\/en\/wp-json\/wp\/v2\/media?parent=1807221"}],"wp:term":[{"taxonomy":"product_brand","embeddable":true,"href":"https:\/\/liquidmaster.pl\/en\/wp-json\/wp\/v2\/product_brand?post=1807221"},{"taxonomy":"product_cat","embeddable":true,"href":"https:\/\/liquidmaster.pl\/en\/wp-json\/wp\/v2\/product_cat?post=1807221"},{"taxonomy":"product_tag","embeddable":true,"href":"https:\/\/liquidmaster.pl\/en\/wp-json\/wp\/v2\/product_tag?post=1807221"}],"curies":[{"name":"wp","href":"https:\/\/api.w.org\/{rel}","templated":true}]}}