{"id":1807219,"date":"2025-03-28T17:52:50","date_gmt":"2025-03-28T15:52:50","guid":{"rendered":"https:\/\/liquidmaster.pl\/ultracoat-spotless-fabric-2-0-500ml\/"},"modified":"2026-04-18T04:39:48","modified_gmt":"2026-04-18T02:39:48","slug":"ultracoat-spotless-fabric-2-0-500ml","status":"publish","type":"product","link":"https:\/\/liquidmaster.pl\/en\/ultracoat-spotless-fabric-20-500ml\/","title":{"rendered":"Ultracoat Spotless Fabric 2.0 500ml"},"content":{"rendered":"<p>Ultracoat Spotless Fabric 2.0 is a safe and effective impregnation for car upholstery and convertible roofs. It penetrates deeply into the structure of the upholstery and protects it against everyday dirt, and thanks to its hydrophobic properties, it prevents stains from penetrating into the structure of the material.<\/p>\n<p>Spotless Fabric does not contain solvents, so you can safely use it inside your vehicle and at home. The preparation does not leave an intense, synthetic smell, which will allow you to enjoy driving a clean car immediately after impregnation and drying.<\/p>\n<p>It is worth noting that you can impregnate not only the interior of your car, but also home and garden furnishings, as well as footwear and clothing. In short: all textile surfaces!<\/p>\n<p>\u00a0<\/p>\n<li style=\"font-weight: 400\">Make sure the surface is dry and clean.<\/li>\n<li style=\"font-weight: 400\">Apply the product evenly with the included sprayer.<\/li>\n<li style=\"font-weight: 400\">The surface should be visibly damp, but not soaked.<\/li>\n<li style=\"font-weight: 400\">Leave to dry completely.<\/li>\n<p>\u00a0<\/p>\n<p>\u00a0<\/p>","protected":false},"excerpt":{"rendered":"<p>Ultracoat Spotless Fabric 2.0 to bezpieczny i skuteczny impregnat do tapicerek samochodowych i dach\u00f3w cabrio. Wnika g\u0142\u0119boko w struktur\u0119 tapicerki i chroni j\u0105 przed codziennymi zabrudzeniami, a dzi\u0119ki w\u0142a\u015bciwo\u015bciom hydrofobowym zabezpiecza przed wnikaniem plam w struktur\u0119 materia\u0142u. Spotless Fabric nie zawiera rozpuszczalnik\u00f3w, dlatego mo\u017cesz go bezpiecznie stosowa\u0107 wewn\u0105trz pojazdu oraz w domu. Preparat nie zostawia&hellip;&nbsp;<a href=\"https:\/\/liquidmaster.pl\/en\/ultracoat-spotless-fabric-20-500ml\/\" rel=\"bookmark\">Read More \u00bb<span class=\"screen-reader-text\">Ultracoat Spotless Fabric 2.0 500ml<\/span><\/a><\/p>","protected":false},"featured_media":1850197,"comment_status":"open","ping_status":"open","template":"","meta":{"neve_meta_sidebar":"","neve_meta_container":"","neve_meta_enable_content_width":"","neve_meta_content_width":0,"neve_meta_title_alignment":"","neve_meta_author_avatar":"","neve_post_elements_order":"","neve_meta_disable_header":"","neve_meta_disable_footer":"","neve_meta_disable_title":"","_themeisle_gutenberg_block_has_review":false},"product_brand":[],"product_cat":[848,733,861],"product_tag":[372],"class_list":{"0":"post-1807219","1":"product","2":"type-product","3":"status-publish","4":"has-post-thumbnail","6":"product_cat-dachy-cabrio","7":"product_cat-na-zewnatrz","8":"product_cat-zabezpieczanie-dachow-cabrio","9":"product_tag-ultracoat","11":"first","12":"instock","13":"taxable","14":"shipping-taxable","15":"purchasable","16":"product-type-simple"},"_links":{"self":[{"href":"https:\/\/liquidmaster.pl\/en\/wp-json\/wp\/v2\/product\/1807219","targetHints":{"allow":["GET"]}}],"collection":[{"href":"https:\/\/liquidmaster.pl\/en\/wp-json\/wp\/v2\/product"}],"about":[{"href":"https:\/\/liquidmaster.pl\/en\/wp-json\/wp\/v2\/types\/product"}],"replies":[{"embeddable":true,"href":"https:\/\/liquidmaster.pl\/en\/wp-json\/wp\/v2\/comments?post=1807219"}],"wp:featuredmedia":[{"embeddable":true,"href":"https:\/\/liquidmaster.pl\/en\/wp-json\/wp\/v2\/media\/1850197"}],"wp:attachment":[{"href":"https:\/\/liquidmaster.pl\/en\/wp-json\/wp\/v2\/media?parent=1807219"}],"wp:term":[{"taxonomy":"product_brand","embeddable":true,"href":"https:\/\/liquidmaster.pl\/en\/wp-json\/wp\/v2\/product_brand?post=1807219"},{"taxonomy":"product_cat","embeddable":true,"href":"https:\/\/liquidmaster.pl\/en\/wp-json\/wp\/v2\/product_cat?post=1807219"},{"taxonomy":"product_tag","embeddable":true,"href":"https:\/\/liquidmaster.pl\/en\/wp-json\/wp\/v2\/product_tag?post=1807219"}],"curies":[{"name":"wp","href":"https:\/\/api.w.org\/{rel}","templated":true}]}}