{"id":1807213,"date":"2025-03-28T17:52:27","date_gmt":"2025-03-28T15:52:27","guid":{"rendered":"https:\/\/liquidmaster.pl\/ultracoat-leather-conditioner-500ml\/"},"modified":"2026-04-18T04:39:47","modified_gmt":"2026-04-18T02:39:47","slug":"ultracoat-leather-conditioner-500ml","status":"publish","type":"product","link":"https:\/\/liquidmaster.pl\/en\/ultracoat-leather-conditioner-500ml\/","title":{"rendered":"Ultracoat Leather Conditioner 500ml"},"content":{"rendered":"<p>Ultracoat Leather Conditioner is an innovative preparation designed for the care of leather upholstery, providing not only nourishment and softening of the leather, but also long-lasting protection. It is suitable for both natural and ecological leather.<\/p>\n<p>Our Leather Conditioner is distinguished by its delicate scent and matte finish, which add elegance to the interior of the vehicle. Thanks to its easy application without the need to run in and its creamy consistency, the product ensures comfort of use, saving time and maintaining high efficiency.<\/p>\n<p>Additionally, its protective properties ensure that the upholstery remains in excellent condition for longer. Our Leather Conditioner will improve the appearance of leather upholstery, ensuring aesthetics as well as durability and protection.<\/p>\n<p>\u00a0<\/p>\n<li style=\"font-weight: 400\">Clean the surface with Ultracoat Leather Cleaner.<\/li>\n<li style=\"font-weight: 400\">Apply a thin layer of the product using the applicator.<\/li>\n<li style=\"font-weight: 400\">If necessary, remove excess with a microfiber cloth.<\/li>","protected":false},"excerpt":{"rendered":"<p>Ultracoat Leather Conditioner to innowacyjny preparat zaprojektowany z my\u015bl\u0105 o piel\u0119gnacji tapicerki sk\u00f3rzanej, zapewniaj\u0105c nie tylko od\u017cywienie i zmi\u0119kczenie sk\u00f3ry, ale tak\u017ce d\u0142ugotrwa\u0142\u0105 ochron\u0119. Jest odpowiedni zar\u00f3wno do sk\u00f3ry naturalnej, jak i ekologicznej. Nasz Leather Conditioner wyr\u00f3\u017cnia si\u0119 delikatnym zapachem oraz matowym wyko\u0144czeniem, kt\u00f3re dodaj\u0105 elegancji wn\u0119trzu pojazdu. Dzi\u0119ki \u0142atwej aplikacji bez konieczno\u015bci docierania oraz&hellip;&nbsp;<a href=\"https:\/\/liquidmaster.pl\/en\/ultracoat-leather-conditioner-500ml\/\" rel=\"bookmark\">Read More \u00bb<span class=\"screen-reader-text\">Ultracoat Leather Conditioner 500ml<\/span><\/a><\/p>","protected":false},"featured_media":1850194,"comment_status":"open","ping_status":"open","template":"","meta":{"neve_meta_sidebar":"","neve_meta_container":"","neve_meta_enable_content_width":"","neve_meta_content_width":0,"neve_meta_title_alignment":"","neve_meta_author_avatar":"","neve_post_elements_order":"","neve_meta_disable_header":"","neve_meta_disable_footer":"","neve_meta_disable_title":"","_themeisle_gutenberg_block_has_review":false},"product_brand":[],"product_cat":[833,816,768],"product_tag":[372],"class_list":{"0":"post-1807213","1":"product","2":"type-product","3":"status-publish","4":"has-post-thumbnail","6":"product_cat-ochrona-skory","7":"product_cat-tapicerka-skorzana","8":"product_cat-wnetrze-auta","9":"product_tag-ultracoat","11":"first","12":"instock","13":"taxable","14":"shipping-taxable","15":"purchasable","16":"product-type-simple"},"_links":{"self":[{"href":"https:\/\/liquidmaster.pl\/en\/wp-json\/wp\/v2\/product\/1807213","targetHints":{"allow":["GET"]}}],"collection":[{"href":"https:\/\/liquidmaster.pl\/en\/wp-json\/wp\/v2\/product"}],"about":[{"href":"https:\/\/liquidmaster.pl\/en\/wp-json\/wp\/v2\/types\/product"}],"replies":[{"embeddable":true,"href":"https:\/\/liquidmaster.pl\/en\/wp-json\/wp\/v2\/comments?post=1807213"}],"wp:featuredmedia":[{"embeddable":true,"href":"https:\/\/liquidmaster.pl\/en\/wp-json\/wp\/v2\/media\/1850194"}],"wp:attachment":[{"href":"https:\/\/liquidmaster.pl\/en\/wp-json\/wp\/v2\/media?parent=1807213"}],"wp:term":[{"taxonomy":"product_brand","embeddable":true,"href":"https:\/\/liquidmaster.pl\/en\/wp-json\/wp\/v2\/product_brand?post=1807213"},{"taxonomy":"product_cat","embeddable":true,"href":"https:\/\/liquidmaster.pl\/en\/wp-json\/wp\/v2\/product_cat?post=1807213"},{"taxonomy":"product_tag","embeddable":true,"href":"https:\/\/liquidmaster.pl\/en\/wp-json\/wp\/v2\/product_tag?post=1807213"}],"curies":[{"name":"wp","href":"https:\/\/api.w.org\/{rel}","templated":true}]}}