{"id":1807203,"date":"2025-03-28T17:52:05","date_gmt":"2025-03-28T15:52:05","guid":{"rendered":"https:\/\/liquidmaster.pl\/ultracoat-leather-cleaner-200ml\/"},"modified":"2026-04-18T04:39:46","modified_gmt":"2026-04-18T02:39:46","slug":"ultracoat-leather-cleaner-200ml","status":"publish","type":"product","link":"https:\/\/liquidmaster.pl\/en\/ultracoat-leather-cleaner-200ml\/","title":{"rendered":"Ultracoat Leather Cleaner 200ml"},"content":{"rendered":"<p>Ultracoat Leather Cleaner is a ready-to-use product for cleaning leather surfaces. The product ensures high cleaning efficiency while maintaining safety for the skin and the user. Suitable for both natural and ecological leather.<\/p>\n<p>Its pleasant, fresh scent makes the cleaning process not only effective but also pleasant. The action of Leather Cleaner is extremely fast, and the strong foam makes it easy to remove dirt and stains.<\/p>\n<p>\u00a0<\/p>\n<li style=\"font-weight: 400\">Apply the product to the surface.<\/li>\n<li style=\"font-weight: 400\">Apply the product using the applicator or brush.<\/li>\n<li style=\"font-weight: 400\">Collect excess product with a microfiber cloth.<\/li>","protected":false},"excerpt":{"rendered":"<p>Ultracoat Leather Cleaner to gotowy do u\u017cycia produkt do czyszczenia powierzchni sk\u00f3rzanej. Produkt zapewnia wysok\u0105 skuteczno\u015b\u0107 czyszczenia przy zachowaniu bezpiecze\u0144stwa dla sk\u00f3ry oraz u\u017cytkownika. Odpowiedni zar\u00f3wno do sk\u00f3r naturalnych, jak i ekologicznych. Jego przyjemny, \u015bwie\u017cy zapach sprawia, \u017ce proces czyszczenia staje si\u0119 nie tylko efektywny, ale r\u00f3wnie\u017c przyjemny. Dzia\u0142anie Leather Cleaner jest niezwykle szybkie, a&hellip;&nbsp;<a href=\"https:\/\/liquidmaster.pl\/en\/ultracoat-leather-cleaner-200ml\/\" rel=\"bookmark\">Read More \u00bb<span class=\"screen-reader-text\">Ultracoat Leather Cleaner 200ml<\/span><\/a><\/p>","protected":false},"featured_media":1850178,"comment_status":"open","ping_status":"open","template":"","meta":{"neve_meta_sidebar":"","neve_meta_container":"","neve_meta_enable_content_width":"","neve_meta_content_width":0,"neve_meta_title_alignment":"","neve_meta_author_avatar":"","neve_post_elements_order":"","neve_meta_disable_header":"","neve_meta_disable_footer":"","neve_meta_disable_title":"","_themeisle_gutenberg_block_has_review":false},"product_brand":[],"product_cat":[834,816,768],"product_tag":[372],"class_list":{"0":"post-1807203","1":"product","2":"type-product","3":"status-publish","4":"has-post-thumbnail","6":"product_cat-czyszczenie-skory","7":"product_cat-tapicerka-skorzana","8":"product_cat-wnetrze-auta","9":"product_tag-ultracoat","11":"first","12":"instock","13":"taxable","14":"shipping-taxable","15":"purchasable","16":"product-type-simple"},"_links":{"self":[{"href":"https:\/\/liquidmaster.pl\/en\/wp-json\/wp\/v2\/product\/1807203","targetHints":{"allow":["GET"]}}],"collection":[{"href":"https:\/\/liquidmaster.pl\/en\/wp-json\/wp\/v2\/product"}],"about":[{"href":"https:\/\/liquidmaster.pl\/en\/wp-json\/wp\/v2\/types\/product"}],"replies":[{"embeddable":true,"href":"https:\/\/liquidmaster.pl\/en\/wp-json\/wp\/v2\/comments?post=1807203"}],"wp:featuredmedia":[{"embeddable":true,"href":"https:\/\/liquidmaster.pl\/en\/wp-json\/wp\/v2\/media\/1850178"}],"wp:attachment":[{"href":"https:\/\/liquidmaster.pl\/en\/wp-json\/wp\/v2\/media?parent=1807203"}],"wp:term":[{"taxonomy":"product_brand","embeddable":true,"href":"https:\/\/liquidmaster.pl\/en\/wp-json\/wp\/v2\/product_brand?post=1807203"},{"taxonomy":"product_cat","embeddable":true,"href":"https:\/\/liquidmaster.pl\/en\/wp-json\/wp\/v2\/product_cat?post=1807203"},{"taxonomy":"product_tag","embeddable":true,"href":"https:\/\/liquidmaster.pl\/en\/wp-json\/wp\/v2\/product_tag?post=1807203"}],"curies":[{"name":"wp","href":"https:\/\/api.w.org\/{rel}","templated":true}]}}