{"id":1807195,"date":"2025-03-28T17:50:54","date_gmt":"2025-03-28T15:50:54","guid":{"rendered":"https:\/\/liquidmaster.pl\/ultracoat-fabric-cleaner-500ml\/"},"modified":"2026-04-18T04:39:45","modified_gmt":"2026-04-18T02:39:45","slug":"ultracoat-fabric-cleaner-500ml","status":"publish","type":"product","link":"https:\/\/liquidmaster.pl\/en\/ultracoat-fabric-cleaner-500ml\/","title":{"rendered":"Ultracoat Fabric Cleaner 500ml"},"content":{"rendered":"<p>Ultracoat Fabric Cleaner is a concentrate intended for cleaning textile surfaces. It ensures high effectiveness and versatility of use. Whether you need quick no-rinse cleaning or use it as a pre-spray for extraction cleaning, our product will meet your expectations.<\/p>\n<p>Fabric Cleaner has a pleasant fruity scent, which makes the cleaning process more pleasant. Additionally, easy rinsing ensures that it does not leave stains or unpleasant odors.<\/p>\n<p>Thanks to its special formula, our Fabric Cleaner refreshes fabrics, restoring their freshness and color intensity. Leaving fabrics pleasant to the touch, our product quickly and effectively removes dirt, preserving their original appearance.<\/p>\n<p>\u00a0<\/p>\n<li style=\"font-weight: 400\">Prepare a working solution.<\/li>\n<li style=\"font-weight: 400\">Apply the product to the surface to be cleaned.<\/li>\n<li style=\"font-weight: 400\">Work it out with a brush or microfiber.<\/li>\n<li style=\"font-weight: 400\">Remove any remaining product with a microfiber cloth or extraction vacuum cleaner.<\/li>\n<p>1:1 \u2013 1:5 for removing stains and heavy dirt<\/p>\n<p>1:10 \u2013 1:20 for bonneting and extraction cleaning<\/p>","protected":false},"excerpt":{"rendered":"<p>Ultracoat Fabric Cleaner to koncentrat przeznaczony do czyszczenia powierzchni tekstylnych. Zapewnia wysok\u0105 skuteczno\u015b\u0107 i wszechstronno\u015b\u0107 zastosowania. Bez wzgl\u0119du na to, czy potrzebujesz szybkiego czyszczenia bez wyp\u0142ukiwania, czy te\u017c u\u017cywasz go jako pre-spray do czyszczenia ekstrakcyjnego, nasz produkt spe\u0142ni Twoje oczekiwania. Fabric Cleaner wyr\u00f3\u017cnia si\u0119 przyjemnym owocowym zapachem, kt\u00f3ry sprawia, \u017ce proces czyszczenia staje si\u0119 przyjemniejszy.&hellip;&nbsp;<a href=\"https:\/\/liquidmaster.pl\/en\/ultracoat-fabric-cleaner-500ml\/\" rel=\"bookmark\">Read More \u00bb<span class=\"screen-reader-text\">Ultracoat Fabric Cleaner 500ml<\/span><\/a><\/p>","protected":false},"featured_media":1850173,"comment_status":"open","ping_status":"open","template":"","meta":{"neve_meta_sidebar":"","neve_meta_container":"","neve_meta_enable_content_width":"","neve_meta_content_width":0,"neve_meta_title_alignment":"","neve_meta_author_avatar":"","neve_post_elements_order":"","neve_meta_disable_header":"","neve_meta_disable_footer":"","neve_meta_disable_title":"","_themeisle_gutenberg_block_has_review":false},"product_brand":[],"product_cat":[771,769,768],"product_tag":[372],"class_list":{"0":"post-1807195","1":"product","2":"type-product","3":"status-publish","4":"has-post-thumbnail","6":"product_cat-czyszczenie","7":"product_cat-tapicerka-i-dywaniki","8":"product_cat-wnetrze-auta","9":"product_tag-ultracoat","10":"pa_promocja-promocje","12":"first","13":"instock","14":"taxable","15":"shipping-taxable","16":"purchasable","17":"product-type-simple"},"_links":{"self":[{"href":"https:\/\/liquidmaster.pl\/en\/wp-json\/wp\/v2\/product\/1807195","targetHints":{"allow":["GET"]}}],"collection":[{"href":"https:\/\/liquidmaster.pl\/en\/wp-json\/wp\/v2\/product"}],"about":[{"href":"https:\/\/liquidmaster.pl\/en\/wp-json\/wp\/v2\/types\/product"}],"replies":[{"embeddable":true,"href":"https:\/\/liquidmaster.pl\/en\/wp-json\/wp\/v2\/comments?post=1807195"}],"wp:featuredmedia":[{"embeddable":true,"href":"https:\/\/liquidmaster.pl\/en\/wp-json\/wp\/v2\/media\/1850173"}],"wp:attachment":[{"href":"https:\/\/liquidmaster.pl\/en\/wp-json\/wp\/v2\/media?parent=1807195"}],"wp:term":[{"taxonomy":"product_brand","embeddable":true,"href":"https:\/\/liquidmaster.pl\/en\/wp-json\/wp\/v2\/product_brand?post=1807195"},{"taxonomy":"product_cat","embeddable":true,"href":"https:\/\/liquidmaster.pl\/en\/wp-json\/wp\/v2\/product_cat?post=1807195"},{"taxonomy":"product_tag","embeddable":true,"href":"https:\/\/liquidmaster.pl\/en\/wp-json\/wp\/v2\/product_tag?post=1807195"}],"curies":[{"name":"wp","href":"https:\/\/api.w.org\/{rel}","templated":true}]}}