{"id":1807191,"date":"2025-03-28T17:50:54","date_gmt":"2025-03-28T15:50:54","guid":{"rendered":"https:\/\/liquidmaster.pl\/poka-premium-wieszak-na-maszyne-polerska-z-polka-na-akumulatory\/"},"modified":"2026-04-18T04:39:44","modified_gmt":"2026-04-18T02:39:44","slug":"poka-premium-wieszak-na-maszyne-polerska-z-polka-na-akumulatory","status":"publish","type":"product","link":"https:\/\/liquidmaster.pl\/en\/poka-premium-wieszak-na-maszyne-polerska-z-polka-na-akumulatory\/","title":{"rendered":"Poka Premium \u2013 hanger for a polishing machine with a shelf for batteries"},"content":{"rendered":"<p>High-quality metal hanger for one polishing machine with a convenient shelf for batteries. Made of the best quality and technological structural steel covered with a thick layer of zinc, protecting against rust and corrosion. The hanger was finally painted on both sides with high-quality powder paint with a fine structure that provides protection against scratches and fading. A hanger protected in this way will serve us for many years, even in the most difficult conditions.<\/p>\n<p>Precisely made, thanks to advanced CNC technology, it has no sharp edges or ends. The hanger is safe to use, and the place where the machine is placed is additionally protected with a high-quality rubber seal.<\/p>\n<p>Suitable for Dual Action machines and rotary machines with discs from 30 to 180 mm.<\/p>\n<p>Characteristic:<\/p>\n<li>Made of 2 mm thick sheet metal<\/li>\n<li>Galvanized layer - protects against rust and corrosion<\/li>\n<li>Powder coated - protection against scratches and fading<\/li>\n<li>Adapted to most Dual Action, rotary and pneumatic machines available on the market<\/li>\n<li>Space for 1 polishing machine - additionally secured with a high-quality rubber seal<\/li>\n<li>Battery shelf<\/li>\n<p>Black colour<\/p>\n<p>Dimensions:<br \/>\nWidth: 15 cm<br \/>\nDepth: 20 cm<\/p>\n<p>* The product does not contain mounting elements<\/p>","protected":false},"excerpt":{"rendered":"<p>Wysokiej jako\u015bci, metalowy wieszak na jedn\u0105 maszyn\u0119 polersk\u0105 z wygodn\u0105 p\u00f3\u0142k\u0105 na akumulatory. Wykonany z najlepszych jako\u015bciowo i technologicznie stali konstrukcyjnych pokrytych grub\u0105 warstw\u0105 cynku, chroni\u0105c\u0105 przed rdz\u0105 oraz korozj\u0105. Wieszak finalnie zosta\u0142 dwustronnie polakierowany wysokiej jako\u015bci farb\u0105 proszkow\u0105 o drobniej strukturze zapewniaj\u0105cej ochron\u0119 przed zarysowaniami oraz p\u0142owieniem. Tak zabezpieczony wieszak pos\u0142u\u017cy nam przez wiele&hellip;&nbsp;<a href=\"https:\/\/liquidmaster.pl\/en\/poka-premium-wieszak-na-maszyne-polerska-z-polka-na-akumulatory\/\" rel=\"bookmark\">Read More \u00bb<span class=\"screen-reader-text\">Poka Premium \u2013 hanger for a polishing machine with a shelf for batteries<\/span><\/a><\/p>","protected":false},"featured_media":1850164,"comment_status":"open","ping_status":"open","template":"","meta":{"neve_meta_sidebar":"","neve_meta_container":"","neve_meta_enable_content_width":"","neve_meta_content_width":0,"neve_meta_title_alignment":"","neve_meta_author_avatar":"","neve_post_elements_order":"","neve_meta_disable_header":"","neve_meta_disable_footer":"","neve_meta_disable_title":"","_themeisle_gutenberg_block_has_review":false},"product_brand":[],"product_cat":[757,811,856],"product_tag":[343],"class_list":{"0":"post-1807191","1":"product","2":"type-product","3":"status-publish","4":"has-post-thumbnail","6":"product_cat-akcesoria","7":"product_cat-pozostale-akcesoria","8":"product_cat-torby-i-organizery","9":"product_tag-poka-premium","11":"first","12":"instock","13":"taxable","14":"shipping-taxable","15":"purchasable","16":"product-type-simple"},"_links":{"self":[{"href":"https:\/\/liquidmaster.pl\/en\/wp-json\/wp\/v2\/product\/1807191","targetHints":{"allow":["GET"]}}],"collection":[{"href":"https:\/\/liquidmaster.pl\/en\/wp-json\/wp\/v2\/product"}],"about":[{"href":"https:\/\/liquidmaster.pl\/en\/wp-json\/wp\/v2\/types\/product"}],"replies":[{"embeddable":true,"href":"https:\/\/liquidmaster.pl\/en\/wp-json\/wp\/v2\/comments?post=1807191"}],"wp:featuredmedia":[{"embeddable":true,"href":"https:\/\/liquidmaster.pl\/en\/wp-json\/wp\/v2\/media\/1850164"}],"wp:attachment":[{"href":"https:\/\/liquidmaster.pl\/en\/wp-json\/wp\/v2\/media?parent=1807191"}],"wp:term":[{"taxonomy":"product_brand","embeddable":true,"href":"https:\/\/liquidmaster.pl\/en\/wp-json\/wp\/v2\/product_brand?post=1807191"},{"taxonomy":"product_cat","embeddable":true,"href":"https:\/\/liquidmaster.pl\/en\/wp-json\/wp\/v2\/product_cat?post=1807191"},{"taxonomy":"product_tag","embeddable":true,"href":"https:\/\/liquidmaster.pl\/en\/wp-json\/wp\/v2\/product_tag?post=1807191"}],"curies":[{"name":"wp","href":"https:\/\/api.w.org\/{rel}","templated":true}]}}