{"id":1807187,"date":"2025-03-28T17:50:31","date_gmt":"2025-03-28T15:50:31","guid":{"rendered":"https:\/\/liquidmaster.pl\/gyeon-q2m-rotary-heavy-cut-silnie-tnacy-pad-polerski\/"},"modified":"2026-04-18T04:39:43","modified_gmt":"2026-04-18T02:39:43","slug":"gyeon-q2m-rotary-heavy-cut-silnie-tnacy-pad-polerski","status":"publish","type":"product","link":"https:\/\/liquidmaster.pl\/en\/gyeon-q2m-rotary-heavy-cut-silnie-tnacy-pad-polerski\/","title":{"rendered":"Gyeon Q2M Rotary Heavy Cut \u2013 heavy cutting polishing pad"},"content":{"rendered":"<p>A powerful cutting pad designed for efficient scratch removal with maximum safety. Made of high-quality, super-durable foam, it&#039;s available in special shapes designed for various polishing machines.<\/p>\n<p>DESIGNED FOR ROTARY MACHINES<\/p>\n<p>Designed for use with a classic rotary machine. The rounded shape ensures increased safety. Increased foam thickness provides better stability on curved bodywork. The Velcro backing, slightly recessed from the foam edge, allows for work right up to the edges of the car in hard-to-reach areas.<\/p>\n<p>Size: 145 x 20 mm<\/p>","protected":false},"excerpt":{"rendered":"<p>Silnie tn\u0105cy pad zaprojektowany do wydajnego usuwania rys przy maksimum bezpiecze\u0144stwa. Wykonany z wysokogatunkowej, super wytrzyma\u0142ej piany, dost\u0119pny w specjalnych kszta\u0142tach dedykowanych r\u00f3\u017cnym maszynom polerskim. ZAPROJEKTOWANY DO MASZYN ROTACYJNYCH Zaprojektowany do u\u017cycia z klasyczn\u0105 maszyn\u0105 rotacyjn\u0105. Zaokr\u0105glony kszta\u0142t dla zwi\u0119kszonego bezpiecze\u0144stwa pracy. Zwi\u0119kszona grubo\u015b\u0107 piany dla lepszej stabilno\u015bci na ob\u0142ych kszta\u0142tach karoserii. Lekko cofni\u0119ta wzgl\u0119dem&hellip;&nbsp;<a href=\"https:\/\/liquidmaster.pl\/en\/gyeon-q2m-rotary-heavy-cut-silnie-tnacy-pad-polerski\/\" rel=\"bookmark\">Read More \u00bb<span class=\"screen-reader-text\">Gyeon Q2M Rotary Heavy Cut \u2013 heavy cutting polishing pad<\/span><\/a><\/p>","protected":false},"featured_media":1850159,"comment_status":"open","ping_status":"open","template":"","meta":{"neve_meta_sidebar":"","neve_meta_container":"","neve_meta_enable_content_width":"","neve_meta_content_width":0,"neve_meta_title_alignment":"","neve_meta_author_avatar":"","neve_post_elements_order":"","neve_meta_disable_header":"","neve_meta_disable_footer":"","neve_meta_disable_title":"","_themeisle_gutenberg_block_has_review":false},"product_brand":[],"product_cat":[823,822,748],"product_tag":[302],"class_list":{"0":"post-1807187","1":"product","2":"type-product","3":"status-publish","4":"has-post-thumbnail","6":"product_cat-gabki-polerskie","7":"product_cat-pady-polerskie","8":"product_cat-polerowanie","9":"product_tag-gyeon","11":"first","12":"instock","13":"taxable","14":"shipping-taxable","15":"purchasable","16":"product-type-simple"},"_links":{"self":[{"href":"https:\/\/liquidmaster.pl\/en\/wp-json\/wp\/v2\/product\/1807187","targetHints":{"allow":["GET"]}}],"collection":[{"href":"https:\/\/liquidmaster.pl\/en\/wp-json\/wp\/v2\/product"}],"about":[{"href":"https:\/\/liquidmaster.pl\/en\/wp-json\/wp\/v2\/types\/product"}],"replies":[{"embeddable":true,"href":"https:\/\/liquidmaster.pl\/en\/wp-json\/wp\/v2\/comments?post=1807187"}],"wp:featuredmedia":[{"embeddable":true,"href":"https:\/\/liquidmaster.pl\/en\/wp-json\/wp\/v2\/media\/1850159"}],"wp:attachment":[{"href":"https:\/\/liquidmaster.pl\/en\/wp-json\/wp\/v2\/media?parent=1807187"}],"wp:term":[{"taxonomy":"product_brand","embeddable":true,"href":"https:\/\/liquidmaster.pl\/en\/wp-json\/wp\/v2\/product_brand?post=1807187"},{"taxonomy":"product_cat","embeddable":true,"href":"https:\/\/liquidmaster.pl\/en\/wp-json\/wp\/v2\/product_cat?post=1807187"},{"taxonomy":"product_tag","embeddable":true,"href":"https:\/\/liquidmaster.pl\/en\/wp-json\/wp\/v2\/product_tag?post=1807187"}],"curies":[{"name":"wp","href":"https:\/\/api.w.org\/{rel}","templated":true}]}}