{"id":1807183,"date":"2025-03-28T17:50:31","date_gmt":"2025-03-28T15:50:31","guid":{"rendered":"https:\/\/liquidmaster.pl\/colad-aqua-dynamic-tasma-ochronna-19mmx50m\/"},"modified":"2026-04-18T04:39:43","modified_gmt":"2026-04-18T02:39:43","slug":"colad-aqua-dynamic-tasma-ochronna-19mmx50m","status":"publish","type":"product","link":"https:\/\/liquidmaster.pl\/en\/colad-aqua-dynamic-tasma-ochronna-19mmx50m\/","title":{"rendered":"Colad Aqua Dynamic Protective Tape 19mmx50m"},"content":{"rendered":"<p>Colad &#8211; detailingowa papierowa ta\u015bma ochronna przy polerowaniu 50 metr\u00f3w<\/p>\n<p>Papierowa ta\u015bma maskuj\u0105ca odporna na temperatur\u0119 do 130oC.<\/p>\n<p>Ma bardzo mocny klej, a jednocze\u015bnie nie powoduje on uszkodze\u0144 powierzchni lakierowanych, nawet przy cz\u0119stym naje\u017cd\u017caniu g\u0105bk\u0105 polersk\u0105.<\/p>\n<p>Detailer&#039;s Tip: Protect car parts that you don&#039;t want to be damaged by polishing. Finally, safely remove the tape without worrying about damaging the paint.<\/p>\n<p>Szeroko\u015b\u0107:19mm<\/p>\n<p>D\u0142ugo\u015b\u0107:50m<\/p>","protected":false},"excerpt":{"rendered":"<p>Colad &#8211; detailingowa papierowa ta\u015bma ochronna przy polerowaniu 50 metr\u00f3w Papierowa ta\u015bma maskuj\u0105ca odporna na temperatur\u0119 do 130oC. Ma bardzo mocny klej, a jednocze\u015bnie nie powoduje on uszkodze\u0144 powierzchni lakierowanych, nawet przy cz\u0119stym naje\u017cd\u017caniu g\u0105bk\u0105 polersk\u0105. Rada Detailera:\u00a0Zabezpiecz elementy samochodu, kt\u00f3re nie chcia\u0142by\u015b, aby zosta\u0142y uszkodzone poprzez polerowanie. Na koniec bezpiecznie usu\u0144 ta\u015bm\u0119 bez obaw&hellip;&nbsp;<a href=\"https:\/\/liquidmaster.pl\/en\/colad-aqua-dynamic-tasma-ochronna-19mmx50m\/\" rel=\"bookmark\">Read More \u00bb<span class=\"screen-reader-text\">Colad Aqua Dynamic Protective Tape 19mmx50m<\/span><\/a><\/p>","protected":false},"featured_media":1850151,"comment_status":"open","ping_status":"open","template":"","meta":{"neve_meta_sidebar":"","neve_meta_container":"","neve_meta_enable_content_width":"","neve_meta_content_width":0,"neve_meta_title_alignment":"","neve_meta_author_avatar":"","neve_post_elements_order":"","neve_meta_disable_header":"","neve_meta_disable_footer":"","neve_meta_disable_title":"","_themeisle_gutenberg_block_has_review":false},"product_brand":[],"product_cat":[749,748,825],"product_tag":[281],"class_list":{"0":"post-1807183","1":"product","2":"type-product","3":"status-publish","4":"has-post-thumbnail","6":"product_cat-akcesoria-polerskie","7":"product_cat-polerowanie","8":"product_cat-tasmy-maskujace","9":"product_tag-colad","11":"first","12":"instock","13":"taxable","14":"shipping-taxable","15":"purchasable","16":"product-type-simple"},"_links":{"self":[{"href":"https:\/\/liquidmaster.pl\/en\/wp-json\/wp\/v2\/product\/1807183","targetHints":{"allow":["GET"]}}],"collection":[{"href":"https:\/\/liquidmaster.pl\/en\/wp-json\/wp\/v2\/product"}],"about":[{"href":"https:\/\/liquidmaster.pl\/en\/wp-json\/wp\/v2\/types\/product"}],"replies":[{"embeddable":true,"href":"https:\/\/liquidmaster.pl\/en\/wp-json\/wp\/v2\/comments?post=1807183"}],"wp:featuredmedia":[{"embeddable":true,"href":"https:\/\/liquidmaster.pl\/en\/wp-json\/wp\/v2\/media\/1850151"}],"wp:attachment":[{"href":"https:\/\/liquidmaster.pl\/en\/wp-json\/wp\/v2\/media?parent=1807183"}],"wp:term":[{"taxonomy":"product_brand","embeddable":true,"href":"https:\/\/liquidmaster.pl\/en\/wp-json\/wp\/v2\/product_brand?post=1807183"},{"taxonomy":"product_cat","embeddable":true,"href":"https:\/\/liquidmaster.pl\/en\/wp-json\/wp\/v2\/product_cat?post=1807183"},{"taxonomy":"product_tag","embeddable":true,"href":"https:\/\/liquidmaster.pl\/en\/wp-json\/wp\/v2\/product_tag?post=1807183"}],"curies":[{"name":"wp","href":"https:\/\/api.w.org\/{rel}","templated":true}]}}