{"id":1807179,"date":"2025-03-28T17:50:05","date_gmt":"2025-03-28T15:50:05","guid":{"rendered":"https:\/\/liquidmaster.pl\/colourlock-rozpuszczalnik-lmr-1l-do-czyszczenia-skory\/"},"modified":"2026-04-18T04:39:42","modified_gmt":"2026-04-18T02:39:42","slug":"colourlock-rozpuszczalnik-lmr-1l-do-czyszczenia-skory","status":"publish","type":"product","link":"https:\/\/liquidmaster.pl\/en\/colourlock-rozpuszczalnik-lmr-1l-do-czyszczenia-skory\/","title":{"rendered":"Colourlock Rozpuszczalnik LMR 1L &#8211; do czyszczenia sk\u00f3ry"},"content":{"rendered":"<p>\u015arodek pomocniczy przy czyszczeniu sk\u00f3ry przed farbowaniem. Stosowanie rozpuszczalnika ma na celu usuni\u0119cie z powierzchni sk\u00f3ry wszelkich zanieczyszcze\u0144 co zapewni farbie lepsze przyleganie.<\/p>\n<p>Capacity: 1L<\/p>","protected":false},"excerpt":{"rendered":"<p>\u015arodek pomocniczy przy czyszczeniu sk\u00f3ry przed farbowaniem. Stosowanie rozpuszczalnika ma na celu usuni\u0119cie z powierzchni sk\u00f3ry wszelkich zanieczyszcze\u0144 co zapewni farbie lepsze przyleganie. Pojemno\u015b\u0107: 1 L<\/p>","protected":false},"featured_media":1850149,"comment_status":"open","ping_status":"open","template":"","meta":{"neve_meta_sidebar":"","neve_meta_container":"","neve_meta_enable_content_width":"","neve_meta_content_width":0,"neve_meta_title_alignment":"","neve_meta_author_avatar":"","neve_post_elements_order":"","neve_meta_disable_header":"","neve_meta_disable_footer":"","neve_meta_disable_title":"","_themeisle_gutenberg_block_has_review":false},"product_brand":[],"product_cat":[834,816,768],"product_tag":[283],"class_list":{"0":"post-1807179","1":"product","2":"type-product","3":"status-publish","4":"has-post-thumbnail","6":"product_cat-czyszczenie-skory","7":"product_cat-tapicerka-skorzana","8":"product_cat-wnetrze-auta","9":"product_tag-colourlock","11":"first","12":"outofstock","13":"taxable","14":"shipping-taxable","15":"purchasable","16":"product-type-simple"},"_links":{"self":[{"href":"https:\/\/liquidmaster.pl\/en\/wp-json\/wp\/v2\/product\/1807179","targetHints":{"allow":["GET"]}}],"collection":[{"href":"https:\/\/liquidmaster.pl\/en\/wp-json\/wp\/v2\/product"}],"about":[{"href":"https:\/\/liquidmaster.pl\/en\/wp-json\/wp\/v2\/types\/product"}],"replies":[{"embeddable":true,"href":"https:\/\/liquidmaster.pl\/en\/wp-json\/wp\/v2\/comments?post=1807179"}],"wp:featuredmedia":[{"embeddable":true,"href":"https:\/\/liquidmaster.pl\/en\/wp-json\/wp\/v2\/media\/1850149"}],"wp:attachment":[{"href":"https:\/\/liquidmaster.pl\/en\/wp-json\/wp\/v2\/media?parent=1807179"}],"wp:term":[{"taxonomy":"product_brand","embeddable":true,"href":"https:\/\/liquidmaster.pl\/en\/wp-json\/wp\/v2\/product_brand?post=1807179"},{"taxonomy":"product_cat","embeddable":true,"href":"https:\/\/liquidmaster.pl\/en\/wp-json\/wp\/v2\/product_cat?post=1807179"},{"taxonomy":"product_tag","embeddable":true,"href":"https:\/\/liquidmaster.pl\/en\/wp-json\/wp\/v2\/product_tag?post=1807179"}],"curies":[{"name":"wp","href":"https:\/\/api.w.org\/{rel}","templated":true}]}}