{"id":1807171,"date":"2025-03-28T17:48:54","date_gmt":"2025-03-28T15:48:54","guid":{"rendered":"https:\/\/liquidmaster.pl\/funky-witch-paradise-gloss-premium-wax-50ml-twardy-wosk-samochodowy\/"},"modified":"2026-04-18T04:28:26","modified_gmt":"2026-04-18T02:28:26","slug":"funky-witch-paradise-gloss-premium-wax-50ml-twardy-wosk-samochodowy","status":"publish","type":"product","link":"https:\/\/liquidmaster.pl\/en\/funky-witch-paradise-gloss-premium-wax-50ml-twardy-wosk-samochodowy\/","title":{"rendered":"Funky Witch Paradise Gloss Premium Wax 50ml - hard car wax"},"content":{"rendered":"<p>Funky Witch Paradise Gloss \u2013 is a wax based on natural carnauba, enriched with a special mixture of silicones and siloxanes. It gives a lot of cold glassiness. The final effect is similar to the effect obtained after coatings, while natural carnauba adds more darkening. Thanks to synthetic admixtures, very good hydrophobicity and durability were also achieved.<\/p>\n<p>Capacity: 50 ml<\/p>","protected":false},"excerpt":{"rendered":"<p>Funky Witch Paradise Gloss \u2013 to wosk oparty na naturalnej carnaubie, natomiast wzbogacono go o specjaln\u0105 mieszank\u0119 silikon\u00f3w oraz siloksan\u00f3w. Daje bardzo du\u017co zimnej szklisto\u015bci. Efekt ko\u0144cowy idzie w stron\u0119 efektu otrzymywanego po pow\u0142okach, natomiast naturalna carnauba dodaje wi\u0119cej przyciemnienia. Dzi\u0119ki syntetycznym domieszkom uzyskano r\u00f3wnie\u017c bardzo dobr\u0105 hydrofobowo\u015b\u0107 oraz trwa\u0142o\u015b\u0107. Pojemno\u015b\u0107: 50 ml<\/p>","protected":false},"featured_media":1848518,"comment_status":"open","ping_status":"open","template":"","meta":{"neve_meta_sidebar":"","neve_meta_container":"","neve_meta_enable_content_width":"","neve_meta_content_width":0,"neve_meta_title_alignment":"","neve_meta_author_avatar":"","neve_post_elements_order":"","neve_meta_disable_header":"","neve_meta_disable_footer":"","neve_meta_disable_title":"","_themeisle_gutenberg_block_has_review":false},"product_brand":[],"product_cat":[733,766,788],"product_tag":[298],"class_list":{"0":"post-1807171","1":"product","2":"type-product","3":"status-publish","4":"has-post-thumbnail","6":"product_cat-na-zewnatrz","7":"product_cat-ochrona-lakieru","8":"product_cat-woski","9":"product_tag-funky-witch","10":"pa_promocja-promocje","12":"first","13":"outofstock","14":"taxable","15":"shipping-taxable","16":"purchasable","17":"product-type-simple"},"_links":{"self":[{"href":"https:\/\/liquidmaster.pl\/en\/wp-json\/wp\/v2\/product\/1807171","targetHints":{"allow":["GET"]}}],"collection":[{"href":"https:\/\/liquidmaster.pl\/en\/wp-json\/wp\/v2\/product"}],"about":[{"href":"https:\/\/liquidmaster.pl\/en\/wp-json\/wp\/v2\/types\/product"}],"replies":[{"embeddable":true,"href":"https:\/\/liquidmaster.pl\/en\/wp-json\/wp\/v2\/comments?post=1807171"}],"wp:featuredmedia":[{"embeddable":true,"href":"https:\/\/liquidmaster.pl\/en\/wp-json\/wp\/v2\/media\/1848518"}],"wp:attachment":[{"href":"https:\/\/liquidmaster.pl\/en\/wp-json\/wp\/v2\/media?parent=1807171"}],"wp:term":[{"taxonomy":"product_brand","embeddable":true,"href":"https:\/\/liquidmaster.pl\/en\/wp-json\/wp\/v2\/product_brand?post=1807171"},{"taxonomy":"product_cat","embeddable":true,"href":"https:\/\/liquidmaster.pl\/en\/wp-json\/wp\/v2\/product_cat?post=1807171"},{"taxonomy":"product_tag","embeddable":true,"href":"https:\/\/liquidmaster.pl\/en\/wp-json\/wp\/v2\/product_tag?post=1807171"}],"curies":[{"name":"wp","href":"https:\/\/api.w.org\/{rel}","templated":true}]}}