{"id":1807141,"date":"2025-03-28T17:46:51","date_gmt":"2025-03-28T15:46:51","guid":{"rendered":"https:\/\/liquidmaster.pl\/freshtek-one-shot-odswiezacz-dozownik-kwitacy-sad\/"},"modified":"2026-04-18T04:39:36","modified_gmt":"2026-04-18T02:39:36","slug":"freshtek-one-shot-odswiezacz-dozownik-kwitacy-sad","status":"publish","type":"product","link":"https:\/\/liquidmaster.pl\/en\/freshtek-one-shot-odswiezacz-dozownik-kwitacy-sad\/","title":{"rendered":"Freshtek One Shot Freshener Dispenser Blooming Orchard"},"content":{"rendered":"<p>Freshtek Premium ONE SHOT odor neutralizer Blooming orchard.<br \/>\nThe sweet scent of blooming flowers wrapped in the spring sun.<br \/>\nA dual-purpose preparation:<\/p>\n<ul>\n<li>Refreshes the air by spreading the intense scent of green tea.<\/li>\n<li>Contains special active substances that neutralize and combat unpleasant odors.<\/li>\n<\/ul>\n<p>\nHighly concentrated, it allows you to fill the room with a pleasant scent after just one use. One press of the trigger for approximately one second dispenses an aerosol sufficient to refresh 200 m3<br \/>\nA neutralizer with a pleasant (non-chemical) scent, works quickly, making it much more effective than traditional preparations.<br \/>\nThe unique formula allows you to maintain the intensity of the scent for a long time, and a special valve is installed to distribute it throughout the room.<br \/>\nThe ecological ONE SHOT odor neutralizer does not contain heavy metals or ingredients harmful to the ozone layer.<br \/>\nQuick and easy to use, available in a capacity of 600 ml, it is perfect for combating unpleasant odors.<\/p>\n<ul>\n<li>Used in hotels, conference rooms, dining rooms, sports centers, changing rooms.<\/li>\n<li>For neutralizing odors in household waste, incinerators, warehouses and composters.<\/li>\n<li>For paints, varnishes, solvents.<\/li>\n<\/ul>","protected":false},"excerpt":{"rendered":"<p>Neutralizator zapach\u00f3w Freshtek Premium ONE SHOT Kwitn\u0105cy sad. S\u0142odki zapach kwitn\u0105cych kwiat\u00f3w otulony wiosennym s\u0142o\u0144cem. Preparat o podw\u00f3jnym przeznaczeniu: Od\u015bwie\u017ca powietrze, rozprowadzaj\u0105c intensywny zapach zielonej herbaty. Zawiera specjalne substancje czynne neutralizuj\u0105ce i zwalczaj\u0105ce nieprzyjemn\u0105 wo\u0144. Silnie skoncentrowany umo\u017cliwia wype\u0142nienie pomieszczenia przyjemnym zapachem ju\u017c po jednym u\u017cyciu. Jedno naci\u015bni\u0119cie spustu przez ok. jedn\u0105 sekund\u0119 dozuje aerozol&hellip;&nbsp;<a href=\"https:\/\/liquidmaster.pl\/en\/freshtek-one-shot-odswiezacz-dozownik-kwitacy-sad\/\" rel=\"bookmark\">Read More \u00bb<span class=\"screen-reader-text\">Freshtek One Shot Freshener Dispenser Blooming Orchard<\/span><\/a><\/p>","protected":false},"featured_media":1850098,"comment_status":"open","ping_status":"open","template":"","meta":{"neve_meta_sidebar":"","neve_meta_container":"","neve_meta_enable_content_width":"","neve_meta_content_width":0,"neve_meta_title_alignment":"","neve_meta_author_avatar":"","neve_post_elements_order":"","neve_meta_disable_header":"","neve_meta_disable_footer":"","neve_meta_disable_title":"","_themeisle_gutenberg_block_has_review":false},"product_brand":[],"product_cat":[801,802,768],"product_tag":[295],"class_list":{"0":"post-1807141","1":"product","2":"type-product","3":"status-publish","4":"has-post-thumbnail","6":"product_cat-odswiezacze-powietrza","7":"product_cat-perfumy-i-spraye","8":"product_cat-wnetrze-auta","9":"product_tag-freshtek","11":"first","12":"instock","13":"taxable","14":"shipping-taxable","15":"purchasable","16":"product-type-simple"},"_links":{"self":[{"href":"https:\/\/liquidmaster.pl\/en\/wp-json\/wp\/v2\/product\/1807141","targetHints":{"allow":["GET"]}}],"collection":[{"href":"https:\/\/liquidmaster.pl\/en\/wp-json\/wp\/v2\/product"}],"about":[{"href":"https:\/\/liquidmaster.pl\/en\/wp-json\/wp\/v2\/types\/product"}],"replies":[{"embeddable":true,"href":"https:\/\/liquidmaster.pl\/en\/wp-json\/wp\/v2\/comments?post=1807141"}],"wp:featuredmedia":[{"embeddable":true,"href":"https:\/\/liquidmaster.pl\/en\/wp-json\/wp\/v2\/media\/1850098"}],"wp:attachment":[{"href":"https:\/\/liquidmaster.pl\/en\/wp-json\/wp\/v2\/media?parent=1807141"}],"wp:term":[{"taxonomy":"product_brand","embeddable":true,"href":"https:\/\/liquidmaster.pl\/en\/wp-json\/wp\/v2\/product_brand?post=1807141"},{"taxonomy":"product_cat","embeddable":true,"href":"https:\/\/liquidmaster.pl\/en\/wp-json\/wp\/v2\/product_cat?post=1807141"},{"taxonomy":"product_tag","embeddable":true,"href":"https:\/\/liquidmaster.pl\/en\/wp-json\/wp\/v2\/product_tag?post=1807141"}],"curies":[{"name":"wp","href":"https:\/\/api.w.org\/{rel}","templated":true}]}}