{"id":1807139,"date":"2025-03-28T17:46:51","date_gmt":"2025-03-28T15:46:51","guid":{"rendered":"https:\/\/liquidmaster.pl\/freshtek-one-shot-odswiezacz-dozownik-jarzebina\/"},"modified":"2026-04-21T08:21:01","modified_gmt":"2026-04-21T06:21:01","slug":"freshtek-one-shot-odswiezacz-dozownik-jarzebina","status":"publish","type":"product","link":"https:\/\/liquidmaster.pl\/en\/freshtek-one-shot-odswiezacz-dozownik-jarzebina\/","title":{"rendered":"Freshtek One Shot Freshener Rowan Dispenser"},"content":{"rendered":"<p>Freshtek ONE SHOT Rowan \u2013 Premium Line \u2013 250 ml<\/p>\n<p>The term &quot;One Shot&quot; means that just one press of the &quot;trigger&quot; is enough for the fresh scent to spread throughout the entire room. It is a highly concentrated aerosol, so it is perfect wherever there is a larger usable area.<\/p>\n<p>More information:<br \/>\n\u2705 scent \u2013 Rowan<br \/>\n\u2705 capacity \u2013 250 ml,<br \/>\n\u2705 highly concentrated, one press is enough for 200 m3,<br \/>\n\u2705 concentrated, very efficient<br \/>\n\u2705 stays in the air for a long time,<br \/>\n\u2705 quick and easy to use thanks to a special valve.<\/p>","protected":false},"excerpt":{"rendered":"<p>Freshtek ONE SHOT Jarz\u0119bina &#8211; Premium Line &#8211; 250 ml Okre\u015blenie \u201cOne Shot\u201d oznacza, i\u017c wystarczy jedno przyci\u015bni\u0119cie \u201espustu\u201d, aby \u015bwie\u017cy zapach rozszed\u0142 si\u0119 po ca\u0142ym pomieszczeniu. Jest to silnie skoncentrowany aerozol, wi\u0119c znakomicie nadaje si\u0119 wsz\u0119dzie tam, gdzie mamy do czynienia z wi\u0119ksz\u0105 powierzchni\u0105 u\u017cytkow\u0105. Wi\u0119cej informacji: \u2705 zapach &#8211; Jarz\u0119bina \u2705 pojemno\u015b\u0107 &#8211;&hellip;&nbsp;<a href=\"https:\/\/liquidmaster.pl\/en\/freshtek-one-shot-odswiezacz-dozownik-jarzebina\/\" rel=\"bookmark\">Read More \u00bb<span class=\"screen-reader-text\">Freshtek One Shot Freshener Rowan Dispenser<\/span><\/a><\/p>","protected":false},"featured_media":1850097,"comment_status":"open","ping_status":"open","template":"","meta":{"neve_meta_sidebar":"","neve_meta_container":"","neve_meta_enable_content_width":"","neve_meta_content_width":0,"neve_meta_title_alignment":"","neve_meta_author_avatar":"","neve_post_elements_order":"","neve_meta_disable_header":"","neve_meta_disable_footer":"","neve_meta_disable_title":"","_themeisle_gutenberg_block_has_review":false},"product_brand":[],"product_cat":[801,802,768],"product_tag":[295],"class_list":{"0":"post-1807139","1":"product","2":"type-product","3":"status-publish","4":"has-post-thumbnail","6":"product_cat-odswiezacze-powietrza","7":"product_cat-perfumy-i-spraye","8":"product_cat-wnetrze-auta","9":"product_tag-freshtek","11":"first","12":"instock","13":"taxable","14":"shipping-taxable","15":"purchasable","16":"product-type-simple"},"_links":{"self":[{"href":"https:\/\/liquidmaster.pl\/en\/wp-json\/wp\/v2\/product\/1807139","targetHints":{"allow":["GET"]}}],"collection":[{"href":"https:\/\/liquidmaster.pl\/en\/wp-json\/wp\/v2\/product"}],"about":[{"href":"https:\/\/liquidmaster.pl\/en\/wp-json\/wp\/v2\/types\/product"}],"replies":[{"embeddable":true,"href":"https:\/\/liquidmaster.pl\/en\/wp-json\/wp\/v2\/comments?post=1807139"}],"wp:featuredmedia":[{"embeddable":true,"href":"https:\/\/liquidmaster.pl\/en\/wp-json\/wp\/v2\/media\/1850097"}],"wp:attachment":[{"href":"https:\/\/liquidmaster.pl\/en\/wp-json\/wp\/v2\/media?parent=1807139"}],"wp:term":[{"taxonomy":"product_brand","embeddable":true,"href":"https:\/\/liquidmaster.pl\/en\/wp-json\/wp\/v2\/product_brand?post=1807139"},{"taxonomy":"product_cat","embeddable":true,"href":"https:\/\/liquidmaster.pl\/en\/wp-json\/wp\/v2\/product_cat?post=1807139"},{"taxonomy":"product_tag","embeddable":true,"href":"https:\/\/liquidmaster.pl\/en\/wp-json\/wp\/v2\/product_tag?post=1807139"}],"curies":[{"name":"wp","href":"https:\/\/api.w.org\/{rel}","templated":true}]}}