{"id":1807135,"date":"2025-03-28T17:46:28","date_gmt":"2025-03-28T15:46:28","guid":{"rendered":"https:\/\/liquidmaster.pl\/freshtek-one-shot-odswiezacz-agarwood\/"},"modified":"2026-04-18T04:39:35","modified_gmt":"2026-04-18T02:39:35","slug":"freshtek-one-shot-odswiezacz-agarwood","status":"publish","type":"product","link":"https:\/\/liquidmaster.pl\/en\/freshtek-one-shot-odswiezacz-agarwood\/","title":{"rendered":"Freshtek One Shot Agarwood Refresher"},"content":{"rendered":"<p>FRESHTEK ONE SHOT \u2013 AGARWOOD Premium Line<br \/>\nThe term &quot;One Shot&quot; means that a single press of the trigger is enough to spread the fresh scent throughout the entire room. This highly concentrated aerosol is perfect for use in areas with larger usable areas.<\/p>","protected":false},"excerpt":{"rendered":"<p>FRESHTEK ONE SHOT \u2013 AGARWOOD Premium Line Okre\u015blenie \u201cOne Shot\u201d oznacza, \u017ce wystarczy jedno przyci\u015bni\u0119cie \u201espustu\u201d, aby \u015bwie\u017cy zapach rozszed\u0142 si\u0119 po ca\u0142ym pomieszczeniu. Jest to silnie skoncentrowany aerozol, wi\u0119c znakomicie nadaje si\u0119 wsz\u0119dzie tam, gdzie mamy do czynienia z wi\u0119ksz\u0105 powierzchni\u0105 u\u017cytkow\u0105.<\/p>","protected":false},"featured_media":1850090,"comment_status":"open","ping_status":"open","template":"","meta":{"neve_meta_sidebar":"","neve_meta_container":"","neve_meta_enable_content_width":"","neve_meta_content_width":0,"neve_meta_title_alignment":"","neve_meta_author_avatar":"","neve_post_elements_order":"","neve_meta_disable_header":"","neve_meta_disable_footer":"","neve_meta_disable_title":"","_themeisle_gutenberg_block_has_review":false},"product_brand":[],"product_cat":[801,802,768],"product_tag":[295],"class_list":{"0":"post-1807135","1":"product","2":"type-product","3":"status-publish","4":"has-post-thumbnail","6":"product_cat-odswiezacze-powietrza","7":"product_cat-perfumy-i-spraye","8":"product_cat-wnetrze-auta","9":"product_tag-freshtek","11":"first","12":"instock","13":"taxable","14":"shipping-taxable","15":"purchasable","16":"product-type-simple"},"_links":{"self":[{"href":"https:\/\/liquidmaster.pl\/en\/wp-json\/wp\/v2\/product\/1807135","targetHints":{"allow":["GET"]}}],"collection":[{"href":"https:\/\/liquidmaster.pl\/en\/wp-json\/wp\/v2\/product"}],"about":[{"href":"https:\/\/liquidmaster.pl\/en\/wp-json\/wp\/v2\/types\/product"}],"replies":[{"embeddable":true,"href":"https:\/\/liquidmaster.pl\/en\/wp-json\/wp\/v2\/comments?post=1807135"}],"wp:featuredmedia":[{"embeddable":true,"href":"https:\/\/liquidmaster.pl\/en\/wp-json\/wp\/v2\/media\/1850090"}],"wp:attachment":[{"href":"https:\/\/liquidmaster.pl\/en\/wp-json\/wp\/v2\/media?parent=1807135"}],"wp:term":[{"taxonomy":"product_brand","embeddable":true,"href":"https:\/\/liquidmaster.pl\/en\/wp-json\/wp\/v2\/product_brand?post=1807135"},{"taxonomy":"product_cat","embeddable":true,"href":"https:\/\/liquidmaster.pl\/en\/wp-json\/wp\/v2\/product_cat?post=1807135"},{"taxonomy":"product_tag","embeddable":true,"href":"https:\/\/liquidmaster.pl\/en\/wp-json\/wp\/v2\/product_tag?post=1807135"}],"curies":[{"name":"wp","href":"https:\/\/api.w.org\/{rel}","templated":true}]}}