{"id":1807122,"date":"2025-03-28T17:46:04","date_gmt":"2025-03-28T15:46:04","guid":{"rendered":"https:\/\/liquidmaster.pl\/ulty-nano-ppf-dark-black-headlight-60cm-1mb-folia-ochronna-na-lampy\/"},"modified":"2026-04-18T04:39:33","modified_gmt":"2026-04-18T02:39:33","slug":"ulty-nano-ppf-dark-black-headlight-60cm-1mb-folia-ochronna-na-lampy","status":"publish","type":"product","link":"https:\/\/liquidmaster.pl\/en\/ulty-nano-ppf-dark-black-headlight-60cm-1mb-folia-ochronna-na-lampy\/","title":{"rendered":"Ulty Nano PPF Dark BLACK Headlight 60cm 1mb \u2013 protective foil for lamps"},"content":{"rendered":"<p>Nano Dark Black Headlight made of aliphatic TPU polyurethane with a black color and a thickness of 171 microns is scratch-resistant and protects our headlights against chips and the effects of harmful chemicals and weather conditions, in addition, the Nano Dark Black Headlight foil changes the color of the headlight to black, while ensuring 30% visible light transmission.<\/p>\n<p>Size<\/p>\n<p>Model: Nano DARK Black Headlight<br \/>\nRoll width: 610 mm<br \/>\nLength: 1000 mm<\/p>\n<p>Characteristics<\/p>\n<p>Material: TPU<br \/>\nSurface Finish: Dark Black<br \/>\nThickness: 171 \u03bcm +\/- 10%<br \/>\nThickness of the top layer (Top Coat): 13 \u03bcm<br \/>\nBasic foil thickness: 130 \u03bcm<br \/>\nAdhesive layer thickness: 28 \u03bcm<br \/>\nLiner thickness: 75 \u03bcm<br \/>\nMaximum temperature: \u2a7e 110\u00b0C<br \/>\nElongation at break: \u2a7e 150%<br \/>\nStrength of the top layer (Top Coat): 75 n\/cm<br \/>\nTensile strength: 380 kg\/cm<br \/>\nVLT: 30%<\/p>\n<p>Guarantee<\/p>\n<p>Warranty: 5 years<br \/>\nWarranty coverage: yellowing, cracking, blistering, delamination<\/p>\n<p>Price for: 1 meter<\/p>","protected":false},"excerpt":{"rendered":"<p>Nano Dark Black Headlight wykonana z alifatycznego poliuretanu TPU o czarnym zabarwieniu i grubo\u015bci 171 mikron\u00f3w charakteryzuje si\u0119 odporno\u015bci\u0105 na zarysowania, a tak\u017ce chroni nasze reflektory przed odpryskami oraz dzia\u0142aniem szkodliwej chemii i warunk\u00f3w atmosferycznych, ponadto folia Nano Dark Black Headlight zmienia barw\u0119 reflektora na czarny kolor, zapewniaj\u0105c przy tym 30% przepuszczalno\u015bci \u015bwiat\u0142a widzialnego. Rozmiar&hellip;&nbsp;<a href=\"https:\/\/liquidmaster.pl\/en\/ulty-nano-ppf-dark-black-headlight-60cm-1mb-folia-ochronna-na-lampy\/\" rel=\"bookmark\">Read More \u00bb<span class=\"screen-reader-text\">Ulty Nano PPF Dark BLACK Headlight 60cm 1mb \u2013 protective foil for lamps<\/span><\/a><\/p>","protected":false},"featured_media":1850073,"comment_status":"open","ping_status":"open","template":"","meta":{"neve_meta_sidebar":"","neve_meta_container":"","neve_meta_enable_content_width":"","neve_meta_content_width":0,"neve_meta_title_alignment":"","neve_meta_author_avatar":"","neve_post_elements_order":"","neve_meta_disable_header":"","neve_meta_disable_footer":"","neve_meta_disable_title":"","_themeisle_gutenberg_block_has_review":false},"product_brand":[],"product_cat":[880,943,879],"product_tag":[944],"class_list":{"0":"post-1807122","1":"product","2":"type-product","3":"status-publish","4":"has-post-thumbnail","6":"product_cat-folie-samochodowe","7":"product_cat-ochronne-ppf","8":"product_cat-oklejanie","9":"product_tag-ulty-nano","11":"first","12":"instock","13":"taxable","14":"shipping-taxable","15":"purchasable","16":"product-type-simple"},"_links":{"self":[{"href":"https:\/\/liquidmaster.pl\/en\/wp-json\/wp\/v2\/product\/1807122","targetHints":{"allow":["GET"]}}],"collection":[{"href":"https:\/\/liquidmaster.pl\/en\/wp-json\/wp\/v2\/product"}],"about":[{"href":"https:\/\/liquidmaster.pl\/en\/wp-json\/wp\/v2\/types\/product"}],"replies":[{"embeddable":true,"href":"https:\/\/liquidmaster.pl\/en\/wp-json\/wp\/v2\/comments?post=1807122"}],"wp:featuredmedia":[{"embeddable":true,"href":"https:\/\/liquidmaster.pl\/en\/wp-json\/wp\/v2\/media\/1850073"}],"wp:attachment":[{"href":"https:\/\/liquidmaster.pl\/en\/wp-json\/wp\/v2\/media?parent=1807122"}],"wp:term":[{"taxonomy":"product_brand","embeddable":true,"href":"https:\/\/liquidmaster.pl\/en\/wp-json\/wp\/v2\/product_brand?post=1807122"},{"taxonomy":"product_cat","embeddable":true,"href":"https:\/\/liquidmaster.pl\/en\/wp-json\/wp\/v2\/product_cat?post=1807122"},{"taxonomy":"product_tag","embeddable":true,"href":"https:\/\/liquidmaster.pl\/en\/wp-json\/wp\/v2\/product_tag?post=1807122"}],"curies":[{"name":"wp","href":"https:\/\/api.w.org\/{rel}","templated":true}]}}