{"id":1807117,"date":"2025-03-28T17:44:48","date_gmt":"2025-03-28T15:44:48","guid":{"rendered":"https:\/\/liquidmaster.pl\/ulty-nano-ppf-ultra-254%c2%b5m-1m2-folia-ochronna\/"},"modified":"2026-04-18T04:39:32","modified_gmt":"2026-04-18T02:39:32","slug":"ulty-nano-ppf-ultra-254%c2%b5m-1m2-folia-ochronna","status":"publish","type":"product","link":"https:\/\/liquidmaster.pl\/en\/ulty-nano-ppf-ultra-254m-1m2-folia-ochronna\/","title":{"rendered":"Ulty Nano PPF ULTRA 254\u00b5m 1m2 \u2013 protective foil"},"content":{"rendered":"<p>Nano Ultra foil made of aliphatic TPU polyurethane, 254 microns thick, is characterized by incredible resistance to scratches, stone impacts, wear resistance, as well as incredible resistance to chemicals and UV radiation. Thanks to the enriched formula, the Nano Ultra foil also has hydrophobic properties and, most importantly, the ability to self-regenerate under the influence of heat. Moreover, Nano Ultra guarantees an increase in the depth of the base color of the car to 40%.<\/p>\n<p>Size<\/p>\n<p>Model: Nano ULTRA<br \/>\nRoll width: 1520 mm<br \/>\nLength: 660 mm<\/p>\n<p>Characteristics<\/p>\n<p>Material: TPU<br \/>\nSurface Finish: Transparent Gloss<br \/>\nThickness: 254 \u03bcm +\/- 10%<br \/>\nThickness of the top layer (Top Coat): 13 \u03bcm<br \/>\nBasic foil thickness: 216 \u03bcm<br \/>\nAdhesive layer thickness: 25 \u03bcm<br \/>\nLiner thickness: 75 \u03bcm<br \/>\nMaximum temperature: \u2a7e 110\u00b0C<br \/>\nElongation at break: \u2a7e 400%<br \/>\nStrength of the top layer (Top Coat): 75 n\/cm<br \/>\nTensile strength: 380 kg\/cm<\/p>\n<p>Guarantee<\/p>\n<p>Warranty: 15 years<br \/>\nWarranty coverage: yellowing, cracking, blistering, delamination<\/p>\n<p>Price for: 1 m2<\/p>","protected":false},"excerpt":{"rendered":"<p>Folia Nano Ultra wykonana z alifatycznego poliuretanu TPU, o grubo\u015bci 254 mikron\u00f3w charakteryzuje si\u0119 niebywa\u0142\u0105 odporno\u015bci\u0105 na zarysowania, uderzenia kamieni, odporno\u015bci\u0105 na zu\u017cycie, a tak\u017ce niebywa\u0142\u0105 odporno\u015bci\u0105 na chemi\u0119 oraz promieniowanie UV. Dzi\u0119ki wzbogaconej formule folia Nano Ultra posiada tak\u017ce w\u0142a\u015bciwo\u015bci Hydrofobowe a co najwa\u017cniejsze, zdolno\u015b\u0107 do samo regeneracji pod wp\u0142ywem ciep\u0142a, ponadto Nano Ultra&hellip;&nbsp;<a href=\"https:\/\/liquidmaster.pl\/en\/ulty-nano-ppf-ultra-254m-1m2-folia-ochronna\/\" rel=\"bookmark\">Read More \u00bb<span class=\"screen-reader-text\">Ulty Nano PPF ULTRA 254\u00b5m 1m2 \u2013 protective foil<\/span><\/a><\/p>","protected":false},"featured_media":1850070,"comment_status":"open","ping_status":"open","template":"","meta":{"neve_meta_sidebar":"","neve_meta_container":"","neve_meta_enable_content_width":"","neve_meta_content_width":0,"neve_meta_title_alignment":"","neve_meta_author_avatar":"","neve_post_elements_order":"","neve_meta_disable_header":"","neve_meta_disable_footer":"","neve_meta_disable_title":"","_themeisle_gutenberg_block_has_review":false},"product_brand":[],"product_cat":[880,943,879],"product_tag":[944],"class_list":{"0":"post-1807117","1":"product","2":"type-product","3":"status-publish","4":"has-post-thumbnail","6":"product_cat-folie-samochodowe","7":"product_cat-ochronne-ppf","8":"product_cat-oklejanie","9":"product_tag-ulty-nano","11":"first","12":"outofstock","13":"taxable","14":"shipping-taxable","15":"purchasable","16":"product-type-simple"},"_links":{"self":[{"href":"https:\/\/liquidmaster.pl\/en\/wp-json\/wp\/v2\/product\/1807117","targetHints":{"allow":["GET"]}}],"collection":[{"href":"https:\/\/liquidmaster.pl\/en\/wp-json\/wp\/v2\/product"}],"about":[{"href":"https:\/\/liquidmaster.pl\/en\/wp-json\/wp\/v2\/types\/product"}],"replies":[{"embeddable":true,"href":"https:\/\/liquidmaster.pl\/en\/wp-json\/wp\/v2\/comments?post=1807117"}],"wp:featuredmedia":[{"embeddable":true,"href":"https:\/\/liquidmaster.pl\/en\/wp-json\/wp\/v2\/media\/1850070"}],"wp:attachment":[{"href":"https:\/\/liquidmaster.pl\/en\/wp-json\/wp\/v2\/media?parent=1807117"}],"wp:term":[{"taxonomy":"product_brand","embeddable":true,"href":"https:\/\/liquidmaster.pl\/en\/wp-json\/wp\/v2\/product_brand?post=1807117"},{"taxonomy":"product_cat","embeddable":true,"href":"https:\/\/liquidmaster.pl\/en\/wp-json\/wp\/v2\/product_cat?post=1807117"},{"taxonomy":"product_tag","embeddable":true,"href":"https:\/\/liquidmaster.pl\/en\/wp-json\/wp\/v2\/product_tag?post=1807117"}],"curies":[{"name":"wp","href":"https:\/\/api.w.org\/{rel}","templated":true}]}}