{"id":1807101,"date":"2025-03-28T17:44:04","date_gmt":"2025-03-28T15:44:04","guid":{"rendered":"https:\/\/liquidmaster.pl\/shiny-garage-carnauba-spray-wax-1l\/"},"modified":"2026-04-20T08:19:31","modified_gmt":"2026-04-20T06:19:31","slug":"shiny-garage-carnauba-spray-wax-1l","status":"publish","type":"product","link":"https:\/\/liquidmaster.pl\/en\/shiny-garage-carnauba-spray-wax-1l\/","title":{"rendered":"Shiny Garage Carnauba Spray Wax 1L"},"content":{"rendered":"<p style=\"text-align: justify;\">New formula of liquid carnauba wax. The wax and silicone emulsions used ensure pleasant application, excellent hydrophobic properties and high durability. It leaves the surface extremely slippery and gives great depth and shine.<\/p>\n<ul style=\"text-align: justify;\">\n<li>durability up to 15 washes<\/li>\n<li>high effectiveness<\/li>\n<li>masks minor imperfections<\/li>\n<li>provides the perfect &quot;wet look&quot;<\/li>\n<\/ul>\n<p style=\"text-align: justify;\">Smell: mango<\/p>\n<p style=\"text-align: justify;\">Usage:<\/p>\n<ul style=\"text-align: justify;\">\n<li>Make sure the surface is cool<\/li>\n<li>Do not apply in direct sunlight<\/li>\n<\/ul>\n<li>Wash and dry the car thoroughly.<\/li>\n<li>Spread over the surface using an applicator or microfiber.<\/li>\n<li>Polish with a dry, clean microfiber cloth immediately after application.<\/li>\n<p style=\"text-align: justify;\">Available capacities: 500 ml, 1 L<\/p>","protected":false},"excerpt":{"rendered":"<p>Nowa formu\u0142a p\u0142ynnego wosku Carnauba. Zastosowane emulsje woskowe i silikonowe zapewniaj\u0105 przyjemno\u015b\u0107 aplikacji, \u015bwietne w\u0142a\u015bciwo\u015bci hydrofobowe i wysok\u0105 trwa\u0142o\u015b\u0107. Pozostawia powierzchni\u0119 niezwykle \u015blisk\u0105, nadaje du\u017c\u0105 g\u0142\u0119bi\u0119 oraz po\u0142ysk. trwa\u0142o\u015b\u0107 do 15 my\u0107 wysoka skuteczno\u015b\u0107 maskuje drobne niedoskona\u0142o\u015bci zapewnia idealny \u201ewet look\u201d Zapach: mango Spos\u00f3b u\u017cycia: Upewnij si\u0119 \u017ce powierzchnia jest ch\u0142odna Nie aplikuj w bezpo\u015brednim&hellip;&nbsp;<a href=\"https:\/\/liquidmaster.pl\/en\/shiny-garage-carnauba-spray-wax-1l\/\" rel=\"bookmark\">Read More \u00bb<span class=\"screen-reader-text\">Shiny Garage Carnauba Spray Wax 1L<\/span><\/a><\/p>","protected":false},"featured_media":1850046,"comment_status":"open","ping_status":"open","template":"","meta":{"neve_meta_sidebar":"","neve_meta_container":"","neve_meta_enable_content_width":"","neve_meta_content_width":0,"neve_meta_title_alignment":"","neve_meta_author_avatar":"","neve_post_elements_order":"","neve_meta_disable_header":"","neve_meta_disable_footer":"","neve_meta_disable_title":"","_themeisle_gutenberg_block_has_review":false},"product_brand":[],"product_cat":[733,766,788],"product_tag":[360],"class_list":{"0":"post-1807101","1":"product","2":"type-product","3":"status-publish","4":"has-post-thumbnail","6":"product_cat-na-zewnatrz","7":"product_cat-ochrona-lakieru","8":"product_cat-woski","9":"product_tag-shiny-garage","11":"first","12":"instock","13":"taxable","14":"shipping-taxable","15":"purchasable","16":"product-type-simple"},"_links":{"self":[{"href":"https:\/\/liquidmaster.pl\/en\/wp-json\/wp\/v2\/product\/1807101","targetHints":{"allow":["GET"]}}],"collection":[{"href":"https:\/\/liquidmaster.pl\/en\/wp-json\/wp\/v2\/product"}],"about":[{"href":"https:\/\/liquidmaster.pl\/en\/wp-json\/wp\/v2\/types\/product"}],"replies":[{"embeddable":true,"href":"https:\/\/liquidmaster.pl\/en\/wp-json\/wp\/v2\/comments?post=1807101"}],"wp:featuredmedia":[{"embeddable":true,"href":"https:\/\/liquidmaster.pl\/en\/wp-json\/wp\/v2\/media\/1850046"}],"wp:attachment":[{"href":"https:\/\/liquidmaster.pl\/en\/wp-json\/wp\/v2\/media?parent=1807101"}],"wp:term":[{"taxonomy":"product_brand","embeddable":true,"href":"https:\/\/liquidmaster.pl\/en\/wp-json\/wp\/v2\/product_brand?post=1807101"},{"taxonomy":"product_cat","embeddable":true,"href":"https:\/\/liquidmaster.pl\/en\/wp-json\/wp\/v2\/product_cat?post=1807101"},{"taxonomy":"product_tag","embeddable":true,"href":"https:\/\/liquidmaster.pl\/en\/wp-json\/wp\/v2\/product_tag?post=1807101"}],"curies":[{"name":"wp","href":"https:\/\/api.w.org\/{rel}","templated":true}]}}