{"id":1807093,"date":"2025-03-28T17:43:00","date_gmt":"2025-03-28T15:43:00","guid":{"rendered":"https:\/\/liquidmaster.pl\/shiny-garage-leather-qd-1l\/"},"modified":"2026-04-18T04:39:28","modified_gmt":"2026-04-18T02:39:28","slug":"shiny-garage-leather-qd-1l","status":"publish","type":"product","link":"https:\/\/liquidmaster.pl\/en\/shiny-garage-leather-qd-1l\/","title":{"rendered":"Shiny Garage Leather QD 1L"},"content":{"rendered":"<p>Leather QD is a product intended for regular cleaning, care and maintenance of all types of leather upholstery. The unique composition allows you to safely remove current dirt, leaving the surface clean, nourished and protected. The product leaves a matte finish with a slight darkening. The scent of natural leather.<\/p>\n<p>Usage:<\/p>\n<ul>\n<li>Apply to a microfiber cloth or directly to the surface to be cleaned<\/li>\n<li>Wipe the surface by pressing the cloth lightly<\/li>\n<li>Wipe off any excess product with the dry side of the microfiber cloth<\/li>\n<\/ul>\n<p>In case of heavier dirt, use Leather Cleaner or Leather Cleaner Strong.<\/p>","protected":false},"excerpt":{"rendered":"<p>Leather QD to produkt przeznaczony do regularnego czyszczenia, piel\u0119gnacji i konserwacji wszelkiego rodzaju tapicerek sk\u00f3rzanych. Unikalny sk\u0142ad pozwala w bezpieczny spos\u00f3b usun\u0105\u0107 bie\u017c\u0105ce zabrudzenia, pozostawiaj\u0105c przy tym powierzchni\u0119 czyst\u0105, od\u017cywion\u0105 i zabezpieczon\u0105. Produkt pozostawia matowe wyko\u0144czenie z lekkim przyciemnieniem. Zapach naturalnej sk\u00f3ry. Spos\u00f3b u\u017cycia: Aplikuj na szmatk\u0119 z mikrofibry lub bezpo\u015brednio na czyszczon\u0105 powierzchni\u0119 Przetrzyj&hellip;&nbsp;<a href=\"https:\/\/liquidmaster.pl\/en\/shiny-garage-leather-qd-1l\/\" rel=\"bookmark\">Read More \u00bb<span class=\"screen-reader-text\">Shiny Garage Leather QD 1L<\/span><\/a><\/p>","protected":false},"featured_media":1850034,"comment_status":"open","ping_status":"open","template":"","meta":{"neve_meta_sidebar":"","neve_meta_container":"","neve_meta_enable_content_width":"","neve_meta_content_width":0,"neve_meta_title_alignment":"","neve_meta_author_avatar":"","neve_post_elements_order":"","neve_meta_disable_header":"","neve_meta_disable_footer":"","neve_meta_disable_title":"","_themeisle_gutenberg_block_has_review":false},"product_brand":[],"product_cat":[855,816,768],"product_tag":[360],"class_list":{"0":"post-1807093","1":"product","2":"type-product","3":"status-publish","4":"has-post-thumbnail","6":"product_cat-qd-do-skor","7":"product_cat-tapicerka-skorzana","8":"product_cat-wnetrze-auta","9":"product_tag-shiny-garage","11":"first","12":"instock","13":"taxable","14":"shipping-taxable","15":"purchasable","16":"product-type-simple"},"_links":{"self":[{"href":"https:\/\/liquidmaster.pl\/en\/wp-json\/wp\/v2\/product\/1807093","targetHints":{"allow":["GET"]}}],"collection":[{"href":"https:\/\/liquidmaster.pl\/en\/wp-json\/wp\/v2\/product"}],"about":[{"href":"https:\/\/liquidmaster.pl\/en\/wp-json\/wp\/v2\/types\/product"}],"replies":[{"embeddable":true,"href":"https:\/\/liquidmaster.pl\/en\/wp-json\/wp\/v2\/comments?post=1807093"}],"wp:featuredmedia":[{"embeddable":true,"href":"https:\/\/liquidmaster.pl\/en\/wp-json\/wp\/v2\/media\/1850034"}],"wp:attachment":[{"href":"https:\/\/liquidmaster.pl\/en\/wp-json\/wp\/v2\/media?parent=1807093"}],"wp:term":[{"taxonomy":"product_brand","embeddable":true,"href":"https:\/\/liquidmaster.pl\/en\/wp-json\/wp\/v2\/product_brand?post=1807093"},{"taxonomy":"product_cat","embeddable":true,"href":"https:\/\/liquidmaster.pl\/en\/wp-json\/wp\/v2\/product_cat?post=1807093"},{"taxonomy":"product_tag","embeddable":true,"href":"https:\/\/liquidmaster.pl\/en\/wp-json\/wp\/v2\/product_tag?post=1807093"}],"curies":[{"name":"wp","href":"https:\/\/api.w.org\/{rel}","templated":true}]}}