{"id":1807091,"date":"2025-03-28T17:43:00","date_gmt":"2025-03-28T15:43:00","guid":{"rendered":"https:\/\/liquidmaster.pl\/shiny-garage-insider-interior-cleaner-5l\/"},"modified":"2026-04-18T04:39:27","modified_gmt":"2026-04-18T02:39:27","slug":"shiny-garage-insider-interior-cleaner-5l","status":"publish","type":"product","link":"https:\/\/liquidmaster.pl\/en\/shiny-garage-insider-interior-cleaner-5l\/","title":{"rendered":"Shiny Garage Insider Interior Cleaner 5L"},"content":{"rendered":"<p style=\"text-align: justify;\">Insider Interior Cleaner is an innovative product for cleaning all internal elements. It provides very good cleaning properties, softens dirt and allows it to be safely removed. It does not require rinsing and can be applied to any type of surface inside the car. It is characterized by good foaming properties.<\/p>\n<ul style=\"text-align: justify;\">\n<li>safe for various types of surfaces<\/li>\n<li>does not require rinsing<\/li>\n<li>good foaming properties<\/li>\n<\/ul>\n<p style=\"text-align: justify;\">pH: 10.7<\/p>\n<p style=\"text-align: justify;\">Smell: grapefruit<\/p>\n<p style=\"text-align: justify;\">Usage:<\/p>\n<ul style=\"text-align: justify;\">\n<li>Make sure the surface is cool<\/li>\n<li>Do not apply in direct sunlight<\/li>\n<\/ul>\n<li>Apply the product with a brush\/microfiber\/toothbrush.<\/li>\n<li>Spread evenly over the surface.<\/li>\n<li>Remove excess product with a microfiber cloth.<\/li>\n<li>Do not leave to dry.<\/li>\n<p style=\"text-align: justify;\">ATTENTION! You can also use it with the help of a foam machine.<\/p>\n<p style=\"text-align: justify;\">Available capacities: 500 ml, 1 L, 5 L<\/p>","protected":false},"excerpt":{"rendered":"<p>Insider Interior Cleaner to innowacyjny produkt do czyszczenia wszelkich element\u00f3w wewn\u0119trznych. Zapewnia bardzo dobre w\u0142a\u015bciwo\u015bci czyszcz\u0105ce, zmi\u0119kcza brud i pozwala go w bezpieczny spos\u00f3b usun\u0105\u0107. Nie wymaga wyp\u0142ukiwania, mo\u017ce by\u0107 aplikowany na ka\u017cdy typ powierzchni wewn\u0105trz samochodu. Charakteryzuje si\u0119 dobrymi w\u0142a\u015bciwo\u015bciami piennymi. bezpieczny dla r\u00f3\u017cnych typ\u00f3w powierzchni nie wymaga wyp\u0142ukiwania dobre w\u0142a\u015bciwo\u015bci pienne pH:\u00a010,7 Zapach:&hellip;&nbsp;<a href=\"https:\/\/liquidmaster.pl\/en\/shiny-garage-insider-interior-cleaner-5l\/\" rel=\"bookmark\">Read More \u00bb<span class=\"screen-reader-text\">Shiny Garage Insider Interior Cleaner 5L<\/span><\/a><\/p>","protected":false},"featured_media":1850027,"comment_status":"open","ping_status":"open","template":"","meta":{"neve_meta_sidebar":"","neve_meta_container":"","neve_meta_enable_content_width":"","neve_meta_content_width":0,"neve_meta_title_alignment":"","neve_meta_author_avatar":"","neve_post_elements_order":"","neve_meta_disable_header":"","neve_meta_disable_footer":"","neve_meta_disable_title":"","_themeisle_gutenberg_block_has_review":false},"product_brand":[],"product_cat":[804,795,768],"product_tag":[360],"class_list":{"0":"post-1807091","1":"product","2":"type-product","3":"status-publish","4":"has-post-thumbnail","6":"product_cat-czyszczenie-plastikow-wewnetrznych","7":"product_cat-plastiki-wewnetrzne","8":"product_cat-wnetrze-auta","9":"product_tag-shiny-garage","10":"pa_promocja-promocje","12":"first","13":"instock","14":"taxable","15":"shipping-taxable","16":"purchasable","17":"product-type-simple"},"_links":{"self":[{"href":"https:\/\/liquidmaster.pl\/en\/wp-json\/wp\/v2\/product\/1807091","targetHints":{"allow":["GET"]}}],"collection":[{"href":"https:\/\/liquidmaster.pl\/en\/wp-json\/wp\/v2\/product"}],"about":[{"href":"https:\/\/liquidmaster.pl\/en\/wp-json\/wp\/v2\/types\/product"}],"replies":[{"embeddable":true,"href":"https:\/\/liquidmaster.pl\/en\/wp-json\/wp\/v2\/comments?post=1807091"}],"wp:featuredmedia":[{"embeddable":true,"href":"https:\/\/liquidmaster.pl\/en\/wp-json\/wp\/v2\/media\/1850027"}],"wp:attachment":[{"href":"https:\/\/liquidmaster.pl\/en\/wp-json\/wp\/v2\/media?parent=1807091"}],"wp:term":[{"taxonomy":"product_brand","embeddable":true,"href":"https:\/\/liquidmaster.pl\/en\/wp-json\/wp\/v2\/product_brand?post=1807091"},{"taxonomy":"product_cat","embeddable":true,"href":"https:\/\/liquidmaster.pl\/en\/wp-json\/wp\/v2\/product_cat?post=1807091"},{"taxonomy":"product_tag","embeddable":true,"href":"https:\/\/liquidmaster.pl\/en\/wp-json\/wp\/v2\/product_tag?post=1807091"}],"curies":[{"name":"wp","href":"https:\/\/api.w.org\/{rel}","templated":true}]}}