{"id":1807089,"date":"2025-03-28T17:43:00","date_gmt":"2025-03-28T15:43:00","guid":{"rendered":"https:\/\/liquidmaster.pl\/shiny-garage-citrus-pre-cleaner-5l\/"},"modified":"2026-04-18T04:39:27","modified_gmt":"2026-04-18T02:39:27","slug":"shiny-garage-citrus-pre-cleaner-5l","status":"publish","type":"product","link":"https:\/\/liquidmaster.pl\/en\/shiny-garage-citrus-pre-cleaner-5l\/","title":{"rendered":"Shiny Garage Citrus Pre Cleaner 5L"},"content":{"rendered":"<p>Citrus Pre Cleaner is the first choice for heavy dirt. The formula based on citrus oils and appropriate surface-wetting compounds guarantees unrivaled cleaning power while maintaining maximum safety for delicate body elements and rims. The preparation does not contain sodium\/potassium hydroxide and is easily biodegradable.<\/p>\n<p>The product is ready to use and has a pleasant citrus scent.<\/p>\n<p>Usage:<\/p>\n<ul>\n<li>Apply the product to dry and cool varnish<\/li>\n<li>Thoroughly cover the surface to be cleaned with the product<\/li>\n<li>Leave for 3-5 minutes and rinse thoroughly with high-pressure water<\/li>\n<\/ul>\n<p>Do not allow the product to dry out.<\/p>","protected":false},"excerpt":{"rendered":"<p>Citrus Pre Cleaner to pierwszy wyb\u00f3r do ci\u0119\u017ckich zabrudze\u0144. Formu\u0142a oparta na olejkach cytrusowych oraz odpowiednich zwi\u0105zkach zwil\u017caj\u0105cych powierzchni\u0119, gwarantuje niezr\u00f3wnan\u0105 si\u0142\u0119 mycia przy zachowaniu maksymalnego bezpiecze\u0144stwa dla delikatnych element\u00f3w karoserii i felg. Preparat nie zawiera wodorotlenku sodu\/potasu i jest \u0142atwo biodegradowalny. Produkt jest gotowy do u\u017cycia i charakteryzuje si\u0119 przyjemnym cytrusowym zapachem. Spos\u00f3b u\u017cycia:&hellip;&nbsp;<a href=\"https:\/\/liquidmaster.pl\/en\/shiny-garage-citrus-pre-cleaner-5l\/\" rel=\"bookmark\">Read More \u00bb<span class=\"screen-reader-text\">Shiny Garage Citrus Pre Cleaner 5L<\/span><\/a><\/p>","protected":false},"featured_media":1850026,"comment_status":"open","ping_status":"open","template":"","meta":{"neve_meta_sidebar":"","neve_meta_container":"","neve_meta_enable_content_width":"","neve_meta_content_width":0,"neve_meta_title_alignment":"","neve_meta_author_avatar":"","neve_post_elements_order":"","neve_meta_disable_header":"","neve_meta_disable_footer":"","neve_meta_disable_title":"","_themeisle_gutenberg_block_has_review":false},"product_brand":[],"product_cat":[734,733],"product_tag":[360],"class_list":{"0":"post-1807089","1":"product","2":"type-product","3":"status-publish","4":"has-post-thumbnail","6":"product_cat-mycie-i-osuszanie","7":"product_cat-na-zewnatrz","8":"product_tag-shiny-garage","10":"first","11":"instock","12":"taxable","13":"shipping-taxable","14":"purchasable","15":"product-type-simple"},"_links":{"self":[{"href":"https:\/\/liquidmaster.pl\/en\/wp-json\/wp\/v2\/product\/1807089","targetHints":{"allow":["GET"]}}],"collection":[{"href":"https:\/\/liquidmaster.pl\/en\/wp-json\/wp\/v2\/product"}],"about":[{"href":"https:\/\/liquidmaster.pl\/en\/wp-json\/wp\/v2\/types\/product"}],"replies":[{"embeddable":true,"href":"https:\/\/liquidmaster.pl\/en\/wp-json\/wp\/v2\/comments?post=1807089"}],"wp:featuredmedia":[{"embeddable":true,"href":"https:\/\/liquidmaster.pl\/en\/wp-json\/wp\/v2\/media\/1850026"}],"wp:attachment":[{"href":"https:\/\/liquidmaster.pl\/en\/wp-json\/wp\/v2\/media?parent=1807089"}],"wp:term":[{"taxonomy":"product_brand","embeddable":true,"href":"https:\/\/liquidmaster.pl\/en\/wp-json\/wp\/v2\/product_brand?post=1807089"},{"taxonomy":"product_cat","embeddable":true,"href":"https:\/\/liquidmaster.pl\/en\/wp-json\/wp\/v2\/product_cat?post=1807089"},{"taxonomy":"product_tag","embeddable":true,"href":"https:\/\/liquidmaster.pl\/en\/wp-json\/wp\/v2\/product_tag?post=1807089"}],"curies":[{"name":"wp","href":"https:\/\/api.w.org\/{rel}","templated":true}]}}