{"id":1807083,"date":"2025-03-28T17:42:38","date_gmt":"2025-03-28T15:42:38","guid":{"rendered":"https:\/\/liquidmaster.pl\/shiny-garage-fabric-cleaner-shampoo-5l\/"},"modified":"2026-04-18T04:39:26","modified_gmt":"2026-04-18T02:39:26","slug":"shiny-garage-fabric-cleaner-shampoo-5l","status":"publish","type":"product","link":"https:\/\/liquidmaster.pl\/en\/shiny-garage-fabric-cleaner-shampoo-5l\/","title":{"rendered":"Shiny Garage Fabric Cleaner Shampoo 5L"},"content":{"rendered":"<p>Fabric Cleaner Shampoo is an innovative, ready-to-use product intended for dry cleaning of upholstery elements sensitive to getting wet: headliners, door panels, delicate fabrics. Based on the technology of cross-linking dirt, it locks them into particles and allows them to be removed without the need to use extraction. Does not require rinsing.<\/p>\n<ul>\n<li>very high effectiveness<\/li>\n<li>neutral pH<\/li>\n<li>dirt cross-linking technology<\/li>\n<li>does not require rinsing<\/li>\n<\/ul>\n<p>pH: neutral<\/p>\n<p>Smell: apple<\/p>\n<p>Usage:<\/p>\n<li>Do not allow the product to dry before working it out.<\/li>\n<li>It is recommended to place the bottle in warm, but not hot, water before use.<\/li>\n<li>Spray the surface to be cleaned, work the product off with a brush and leave to dry.<\/li>\n<li>Remove dirt trapped in microparticles with a damp cloth or vacuum cleaner.<\/li>\n<li>Repeat if necessary.<\/li>\n<p>Available capacities: 500 ml, 1 L, 5 L<\/p>","protected":false},"excerpt":{"rendered":"<p>Fabric Cleaner Shampoo to innowacyjny, gotowy do u\u017cycia produkt przeznaczony do czyszczenia \u201ena sucho\u201d element\u00f3w tapicerki wra\u017cliwych na przemoczenie: podsufitek, boczk\u00f3w drzwi, delikatnych tkanin. Oparty na technologii sieciowania zabrudze\u0144, zamyka je w cz\u0105steczki i pozwala usun\u0105\u0107 bez konieczno\u015bci stosowania ekstrakcji. Nie wymaga wyp\u0142ukiwania. bardzo wysoka skuteczno\u015b\u0107 neutralne pH technologia sieciowania zabrudze\u0144 nie wymaga wyp\u0142ukiwania pH:&hellip;&nbsp;<a href=\"https:\/\/liquidmaster.pl\/en\/shiny-garage-fabric-cleaner-shampoo-5l\/\" rel=\"bookmark\">Read More \u00bb<span class=\"screen-reader-text\">Shiny Garage Fabric Cleaner Shampoo 5L<\/span><\/a><\/p>","protected":false},"featured_media":1850020,"comment_status":"open","ping_status":"open","template":"","meta":{"neve_meta_sidebar":"","neve_meta_container":"","neve_meta_enable_content_width":"","neve_meta_content_width":0,"neve_meta_title_alignment":"","neve_meta_author_avatar":"","neve_post_elements_order":"","neve_meta_disable_header":"","neve_meta_disable_footer":"","neve_meta_disable_title":"","_themeisle_gutenberg_block_has_review":false},"product_brand":[],"product_cat":[906,769,768],"product_tag":[360],"class_list":{"0":"post-1807083","1":"product","2":"type-product","3":"status-publish","4":"has-post-thumbnail","6":"product_cat-czyszczenie-miejscowe","7":"product_cat-tapicerka-i-dywaniki","8":"product_cat-wnetrze-auta","9":"product_tag-shiny-garage","11":"first","12":"instock","13":"taxable","14":"shipping-taxable","15":"purchasable","16":"product-type-simple"},"_links":{"self":[{"href":"https:\/\/liquidmaster.pl\/en\/wp-json\/wp\/v2\/product\/1807083","targetHints":{"allow":["GET"]}}],"collection":[{"href":"https:\/\/liquidmaster.pl\/en\/wp-json\/wp\/v2\/product"}],"about":[{"href":"https:\/\/liquidmaster.pl\/en\/wp-json\/wp\/v2\/types\/product"}],"replies":[{"embeddable":true,"href":"https:\/\/liquidmaster.pl\/en\/wp-json\/wp\/v2\/comments?post=1807083"}],"wp:featuredmedia":[{"embeddable":true,"href":"https:\/\/liquidmaster.pl\/en\/wp-json\/wp\/v2\/media\/1850020"}],"wp:attachment":[{"href":"https:\/\/liquidmaster.pl\/en\/wp-json\/wp\/v2\/media?parent=1807083"}],"wp:term":[{"taxonomy":"product_brand","embeddable":true,"href":"https:\/\/liquidmaster.pl\/en\/wp-json\/wp\/v2\/product_brand?post=1807083"},{"taxonomy":"product_cat","embeddable":true,"href":"https:\/\/liquidmaster.pl\/en\/wp-json\/wp\/v2\/product_cat?post=1807083"},{"taxonomy":"product_tag","embeddable":true,"href":"https:\/\/liquidmaster.pl\/en\/wp-json\/wp\/v2\/product_tag?post=1807083"}],"curies":[{"name":"wp","href":"https:\/\/api.w.org\/{rel}","templated":true}]}}