{"id":1807075,"date":"2025-03-28T17:42:05","date_gmt":"2025-03-28T15:42:05","guid":{"rendered":"https:\/\/liquidmaster.pl\/kovax-zestaw-tolecut-mini\/"},"modified":"2026-04-18T04:39:25","modified_gmt":"2026-04-18T02:39:25","slug":"kovax-zestaw-tolecut-mini","status":"publish","type":"product","link":"https:\/\/liquidmaster.pl\/en\/kovax-zestaw-tolecut-mini\/","title":{"rendered":"Kovax Tolecut Mini Kit"},"content":{"rendered":"<p>The Tolecut system is a revolutionary solution for painting professionals, combining speed with complete control. Dry operation ensures constant visibility, minimizing the risk of sanding through the topcoat. Its exceptional cutting power and flexibility allow for comfortable work on both concave and convex surfaces.<\/p>\n<p>Characteristics:<\/p>\n<ul>\n<li>Removes paint inclusions and streaks.<\/li>\n<li>Extremely shallow scratches.<\/li>\n<li>Effective on water-based and conventional varnishes.<\/li>\n<li>Dry running prevents clogging and facilitates control.<\/li>\n<li>A wide selection of gradations and tools for every surface.<\/li>\n<li>Tolecut is reliability that will allow you to achieve a perfect finish in every detail.<\/li>\n<\/ul>\n<p>Set contains:<\/p>\n<ul>\n<li>1x Toleblock S<\/li>\n<li>5 sheets of Kovax Tolecut Black K3000 self-adhesive abrasive 8 * 29 x 35mm (70 x 114mm)<\/li>\n<li>5 strips of Kovax Tolecut Green K2000 \u2013 self-adhesive abrasive 8 * 29 x 35mm (70 x 114mm)<\/li>\n<li>5 sheets of Kovax Tolecut Pink K1500 self-adhesive abrasive 8 * 29 x 35mm (70 x 114mm)<\/li>\n<\/ul>","protected":false},"excerpt":{"rendered":"<p>System Tolecut to rewolucyjne rozwi\u0105zanie dla profesjonalist\u00f3w w bran\u017cy lakierniczej, \u0142\u0105cz\u0105ce szybko\u015b\u0107 pracy z pe\u0142n\u0105 kontrol\u0105. Dzi\u0119ki pracy na sucho zapewnia sta\u0142\u0105 widoczno\u015b\u0107, minimalizuj\u0105c ryzyko przeszlifowania lakieru nawierzchniowego. Niezwyk\u0142a si\u0142a ci\u0119cia i elastyczno\u015b\u0107 pozwalaj\u0105 na wygodn\u0105 prac\u0119 zar\u00f3wno na powierzchniach wkl\u0119s\u0142ych, jak i wypuk\u0142ych. Cechy: Usuwa wtr\u0105cenia lakiernicze i zacieki. Ekstremalnie p\u0142ytkie zarysowania. Skuteczny na&hellip;&nbsp;<a href=\"https:\/\/liquidmaster.pl\/en\/kovax-zestaw-tolecut-mini\/\" rel=\"bookmark\">Read More \u00bb<span class=\"screen-reader-text\">Kovax Tolecut Mini Kit<\/span><\/a><\/p>","protected":false},"featured_media":1850010,"comment_status":"open","ping_status":"open","template":"","meta":{"neve_meta_sidebar":"","neve_meta_container":"","neve_meta_enable_content_width":"","neve_meta_content_width":0,"neve_meta_title_alignment":"","neve_meta_author_avatar":"","neve_post_elements_order":"","neve_meta_disable_header":"","neve_meta_disable_footer":"","neve_meta_disable_title":"","_themeisle_gutenberg_block_has_review":false},"product_brand":[],"product_cat":[876,748,874],"product_tag":[314],"class_list":{"0":"post-1807075","1":"product","2":"type-product","3":"status-publish","4":"has-post-thumbnail","6":"product_cat-papiery","7":"product_cat-polerowanie","8":"product_cat-wet-sanding","9":"product_tag-kovax","11":"first","12":"instock","13":"taxable","14":"shipping-taxable","15":"purchasable","16":"product-type-simple"},"_links":{"self":[{"href":"https:\/\/liquidmaster.pl\/en\/wp-json\/wp\/v2\/product\/1807075","targetHints":{"allow":["GET"]}}],"collection":[{"href":"https:\/\/liquidmaster.pl\/en\/wp-json\/wp\/v2\/product"}],"about":[{"href":"https:\/\/liquidmaster.pl\/en\/wp-json\/wp\/v2\/types\/product"}],"replies":[{"embeddable":true,"href":"https:\/\/liquidmaster.pl\/en\/wp-json\/wp\/v2\/comments?post=1807075"}],"wp:featuredmedia":[{"embeddable":true,"href":"https:\/\/liquidmaster.pl\/en\/wp-json\/wp\/v2\/media\/1850010"}],"wp:attachment":[{"href":"https:\/\/liquidmaster.pl\/en\/wp-json\/wp\/v2\/media?parent=1807075"}],"wp:term":[{"taxonomy":"product_brand","embeddable":true,"href":"https:\/\/liquidmaster.pl\/en\/wp-json\/wp\/v2\/product_brand?post=1807075"},{"taxonomy":"product_cat","embeddable":true,"href":"https:\/\/liquidmaster.pl\/en\/wp-json\/wp\/v2\/product_cat?post=1807075"},{"taxonomy":"product_tag","embeddable":true,"href":"https:\/\/liquidmaster.pl\/en\/wp-json\/wp\/v2\/product_tag?post=1807075"}],"curies":[{"name":"wp","href":"https:\/\/api.w.org\/{rel}","templated":true}]}}