{"id":1807044,"date":"2025-03-28T17:40:05","date_gmt":"2025-03-28T15:40:05","guid":{"rendered":"https:\/\/liquidmaster.pl\/sonax-ceramic-tyre-and-rim-detailer-750ml\/"},"modified":"2026-04-18T04:39:20","modified_gmt":"2026-04-18T02:39:20","slug":"sonax-ceramic-tyre-and-rim-detailer-750ml","status":"publish","type":"product","link":"https:\/\/liquidmaster.pl\/en\/sonax-ceramic-tyre-and-rim-detailer-750ml\/","title":{"rendered":"SONAX Ceramic Tire and Rim Detailer 750ml"},"content":{"rendered":"<p>Si-Carbon technology - penetrates deeply into the cleaned surfaces, leaving a protective layer without streaks and stains with an impressive hydrophobic effect. For all types of tires and rims.<\/p>\n<p>Tires\/rubber - restores the deep matte color, protects against re-soiling, cracking, aging of the rubber and weather conditions. Regular use prevents brown discoloration.<\/p>\n<p>Rims \u2013 protects the surface of the rims against scratching and the adhesion of small dirt. Provides extreme smoothness and high gloss, facilitates cleaning.<\/p>\n<p>Usage:<\/p>\n<p>Wash larger dirt from tires and rims. You can apply it to slightly dusty\/dirty wheels. Shake the bottle vigorously before use. Spray on a sponge or applicator and spread evenly over the tire and rim. Wipe off any remaining product residue with a dry microfiber cloth. If irregular colors appear on the tire\/rim, repeat the application. Do not apply the preparation to the tire tread or brake system components.<\/p>\n<p>Do not use on motorcycles and bicycles<\/p>","protected":false},"excerpt":{"rendered":"<p>Si-Carbon technologia &#8211; wnika g\u0142\u0119boko w czyszczone powierzchnie pozostawiaj\u0105c warstw\u0119 ochronn\u0105 bez smug i plam z imponuj\u0105cym efektem hydrofobowym. Do wszystkich typ\u00f3w opon i felg. Opony\/guma &#8211; przywraca g\u0142\u0119boki matowy kolor, chroni przed ponownym zabrudzeniem, p\u0119kaniem, starzeniem si\u0119 gumy oraz warunkami atmosferycznymi. Regularnie stosowanie przeciwdzia\u0142a powstawaniu br\u0105zowych przebarwie\u0144. Felgi &#8211; zabezpiecza powierzchni\u0119 felg przed zarysowaniem&hellip;&nbsp;<a href=\"https:\/\/liquidmaster.pl\/en\/sonax-ceramic-tyre-and-rim-detailer-750ml\/\" rel=\"bookmark\">Read More \u00bb<span class=\"screen-reader-text\">SONAX Ceramic Tire and Rim Detailer 750ml<\/span><\/a><\/p>","protected":false},"featured_media":1849980,"comment_status":"open","ping_status":"open","template":"","meta":{"neve_meta_sidebar":"","neve_meta_container":"","neve_meta_enable_content_width":"","neve_meta_content_width":0,"neve_meta_title_alignment":"","neve_meta_author_avatar":"","neve_post_elements_order":"","neve_meta_disable_header":"","neve_meta_disable_footer":"","neve_meta_disable_title":"","_themeisle_gutenberg_block_has_review":false},"product_brand":[],"product_cat":[745,733,776],"product_tag":[363],"class_list":{"0":"post-1807044","1":"product","2":"type-product","3":"status-publish","4":"has-post-thumbnail","6":"product_cat-kola-i-opony","7":"product_cat-na-zewnatrz","8":"product_cat-zabezpieczanie-felg","9":"product_tag-sonax","11":"first","12":"instock","13":"taxable","14":"shipping-taxable","15":"purchasable","16":"product-type-simple"},"_links":{"self":[{"href":"https:\/\/liquidmaster.pl\/en\/wp-json\/wp\/v2\/product\/1807044","targetHints":{"allow":["GET"]}}],"collection":[{"href":"https:\/\/liquidmaster.pl\/en\/wp-json\/wp\/v2\/product"}],"about":[{"href":"https:\/\/liquidmaster.pl\/en\/wp-json\/wp\/v2\/types\/product"}],"replies":[{"embeddable":true,"href":"https:\/\/liquidmaster.pl\/en\/wp-json\/wp\/v2\/comments?post=1807044"}],"wp:featuredmedia":[{"embeddable":true,"href":"https:\/\/liquidmaster.pl\/en\/wp-json\/wp\/v2\/media\/1849980"}],"wp:attachment":[{"href":"https:\/\/liquidmaster.pl\/en\/wp-json\/wp\/v2\/media?parent=1807044"}],"wp:term":[{"taxonomy":"product_brand","embeddable":true,"href":"https:\/\/liquidmaster.pl\/en\/wp-json\/wp\/v2\/product_brand?post=1807044"},{"taxonomy":"product_cat","embeddable":true,"href":"https:\/\/liquidmaster.pl\/en\/wp-json\/wp\/v2\/product_cat?post=1807044"},{"taxonomy":"product_tag","embeddable":true,"href":"https:\/\/liquidmaster.pl\/en\/wp-json\/wp\/v2\/product_tag?post=1807044"}],"curies":[{"name":"wp","href":"https:\/\/api.w.org\/{rel}","templated":true}]}}