{"id":1807039,"date":"2025-03-28T17:38:49","date_gmt":"2025-03-28T15:38:49","guid":{"rendered":"https:\/\/liquidmaster.pl\/soft99-glass-cleaning-wipe-anti-fog\/"},"modified":"2026-02-13T07:59:57","modified_gmt":"2026-02-13T05:59:57","slug":"soft99-glass-cleaning-wipe-anti-fog","status":"publish","type":"product","link":"https:\/\/liquidmaster.pl\/en\/soft99-glass-cleaning-wipe-anti-fog\/","title":{"rendered":"Soft99 Glass Cleaning Wipe (Anti-Fog)"},"content":{"rendered":"<p>Glass Cleaning Wipes (Anti-Fog) are three-layer wipes soaked in a glass cleaning agent that also protects them against fogging. The product is ideal for use on the inside and outside of windows.<\/p>\n<p class=\"dpr-spec-tabels-col-title\">Usage<\/p>\n<tr>\n\t\t\t1<br \/>\n\t\t\tMake sure the engine is turned off and the components you will be working on are not at high temperature.<br \/>\n\t\t<\/tr>\n<tr>\n\t\t\t2<br \/>\n\t\t\tTake the cloth out of the packaging and wipe the dirty elements.<br \/>\n\t\t<\/tr>\n<tr>\n\t\t\t3<br \/>\n\t\t\tIf the wipe becomes dirty, fold it again and use the clean side if necessary.<br \/>\n\t\t<\/tr>","protected":false},"excerpt":{"rendered":"<p>Glass Cleaning Wipes (Anti-Fog) to tr\u00f3jwarstwowe chusteczek nas\u0105czonych \u015brodkiem do czyszczenia szyb, kt\u00f3ry r\u00f3wnocze\u015bnie chroni je przed zaparowaniem. Produkt idealnie sprawdza si\u0119 do stosowania na wewn\u0119trzn\u0105 i zewn\u0119trzn\u0105 stron\u0119 szyb. Spos\u00f3b u\u017cycia 1 Upewnij si\u0119, \u017ce silnik jest wy\u0142\u0105czony, a elementy, na kt\u00f3rych b\u0119dziesz pracowa\u0107, nie maj\u0105 wysokiej temperatury. 2 Wyjmij \u015bciereczk\u0119 z opakowania i&hellip;&nbsp;<a href=\"https:\/\/liquidmaster.pl\/en\/soft99-glass-cleaning-wipe-anti-fog\/\" rel=\"bookmark\">Read More \u00bb<span class=\"screen-reader-text\">Soft99 Glass Cleaning Wipe (Anti-Fog)<\/span><\/a><\/p>","protected":false},"featured_media":1849972,"comment_status":"open","ping_status":"open","template":"","meta":{"neve_meta_sidebar":"","neve_meta_container":"","neve_meta_enable_content_width":"","neve_meta_content_width":0,"neve_meta_title_alignment":"","neve_meta_author_avatar":"","neve_post_elements_order":"","neve_meta_disable_header":"","neve_meta_disable_footer":"","neve_meta_disable_title":"","_themeisle_gutenberg_block_has_review":false},"product_brand":[],"product_cat":[885,733,773,768],"product_tag":[362],"class_list":{"0":"post-1807039","1":"product","2":"type-product","3":"status-publish","4":"has-post-thumbnail","6":"product_cat-antypara","7":"product_cat-na-zewnatrz","8":"product_cat-szyby","9":"product_cat-wnetrze-auta","10":"product_tag-soft99","12":"first","13":"outofstock","14":"taxable","15":"shipping-taxable","16":"purchasable","17":"product-type-simple"},"_links":{"self":[{"href":"https:\/\/liquidmaster.pl\/en\/wp-json\/wp\/v2\/product\/1807039","targetHints":{"allow":["GET"]}}],"collection":[{"href":"https:\/\/liquidmaster.pl\/en\/wp-json\/wp\/v2\/product"}],"about":[{"href":"https:\/\/liquidmaster.pl\/en\/wp-json\/wp\/v2\/types\/product"}],"replies":[{"embeddable":true,"href":"https:\/\/liquidmaster.pl\/en\/wp-json\/wp\/v2\/comments?post=1807039"}],"wp:featuredmedia":[{"embeddable":true,"href":"https:\/\/liquidmaster.pl\/en\/wp-json\/wp\/v2\/media\/1849972"}],"wp:attachment":[{"href":"https:\/\/liquidmaster.pl\/en\/wp-json\/wp\/v2\/media?parent=1807039"}],"wp:term":[{"taxonomy":"product_brand","embeddable":true,"href":"https:\/\/liquidmaster.pl\/en\/wp-json\/wp\/v2\/product_brand?post=1807039"},{"taxonomy":"product_cat","embeddable":true,"href":"https:\/\/liquidmaster.pl\/en\/wp-json\/wp\/v2\/product_cat?post=1807039"},{"taxonomy":"product_tag","embeddable":true,"href":"https:\/\/liquidmaster.pl\/en\/wp-json\/wp\/v2\/product_tag?post=1807039"}],"curies":[{"name":"wp","href":"https:\/\/api.w.org\/{rel}","templated":true}]}}