{"id":1807031,"date":"2025-03-28T17:38:26","date_gmt":"2025-03-28T15:38:26","guid":{"rendered":"https:\/\/liquidmaster.pl\/kwazar-orion-super-pro-3l-opryskiwacz-cisnieniowy\/"},"modified":"2026-04-18T04:39:18","modified_gmt":"2026-04-18T02:39:18","slug":"kwazar-orion-super-pro-3l-opryskiwacz-cisnieniowy","status":"publish","type":"product","link":"https:\/\/liquidmaster.pl\/en\/kwazar-orion-super-pro-5\/","title":{"rendered":"Kwazar Orion Super Pro+ 3L \u2013 pressure sprayer"},"content":{"rendered":"<p>The Orion Super Cleaning Pro+ sprayer works well in difficult conditions where precision and safety are important. A perfect tool for removing dirt and all treatments using strong and aggressive chemicals. It is suitable for car workshops, car washes, construction, as well as for DDD treatments.<\/p>\n<p>CHARACTERISTICS:<\/p>\n<ul>\n<li>flexible fiberglass lance \u2013 50 cm long, resistant to mechanical damage<\/li>\n<li>convenient funnel \u2013 pour liquids quickly and conveniently<\/li>\n<li>safety valve \u2013 pressure always under control<\/li>\n<li>liquid level indicator \u2013 easily dispense liquid and control its level in the tank<\/li>\n<li>comfortable carrying belt \u2013 work comfortably<\/li>\n<li>stabilizing ring \u2013 stabilization and protection of the tank against damage<\/li>\n<li>feet \u2013 easily inflate and quickly prepare the sprayer for work<\/li>\n<\/ul>","protected":false},"excerpt":{"rendered":"<p>Opryskiwacz Orion Super Cleaning Pro+ sprawdza si\u0119 w trudnych warunkach, gdzie wa\u017cna jest precyzja i bezpiecze\u0144stwo pracy. Doskona\u0142e narz\u0119dzie do usuwania zabrudze\u0144 i wszelkich zabieg\u00f3w z wykorzystaniem silnej i agresywnej chemii. Sprawdzi si\u0119 warsztatach samochodowych, myjniach, budownictwie, a tak\u017ce przy zabiegach DDD. CECHY: elastyczna lanca z w\u0142\u00f3kna szklanego \u2013 o d\u0142ugo\u015bci 50cm, odporna na uszkodzenia&hellip;&nbsp;<a href=\"https:\/\/liquidmaster.pl\/en\/kwazar-orion-super-pro-5\/\" rel=\"bookmark\">Read More \u00bb<span class=\"screen-reader-text\">Kwazar Orion Super Pro+ 3L \u2013 pressure sprayer<\/span><\/a><\/p>","protected":false},"featured_media":1849963,"comment_status":"open","ping_status":"open","template":"","meta":{"neve_meta_sidebar":"","neve_meta_container":"","neve_meta_enable_content_width":"","neve_meta_content_width":0,"neve_meta_title_alignment":"","neve_meta_author_avatar":"","neve_post_elements_order":"","neve_meta_disable_header":"","neve_meta_disable_footer":"","neve_meta_disable_title":"","_themeisle_gutenberg_block_has_review":false},"product_brand":[],"product_cat":[757,811],"product_tag":[315],"class_list":{"0":"post-1807031","1":"product","2":"type-product","3":"status-publish","4":"has-post-thumbnail","6":"product_cat-akcesoria","7":"product_cat-pozostale-akcesoria","8":"product_tag-kwazar","10":"first","11":"instock","12":"taxable","13":"shipping-taxable","14":"purchasable","15":"product-type-simple"},"_links":{"self":[{"href":"https:\/\/liquidmaster.pl\/en\/wp-json\/wp\/v2\/product\/1807031","targetHints":{"allow":["GET"]}}],"collection":[{"href":"https:\/\/liquidmaster.pl\/en\/wp-json\/wp\/v2\/product"}],"about":[{"href":"https:\/\/liquidmaster.pl\/en\/wp-json\/wp\/v2\/types\/product"}],"replies":[{"embeddable":true,"href":"https:\/\/liquidmaster.pl\/en\/wp-json\/wp\/v2\/comments?post=1807031"}],"wp:featuredmedia":[{"embeddable":true,"href":"https:\/\/liquidmaster.pl\/en\/wp-json\/wp\/v2\/media\/1849963"}],"wp:attachment":[{"href":"https:\/\/liquidmaster.pl\/en\/wp-json\/wp\/v2\/media?parent=1807031"}],"wp:term":[{"taxonomy":"product_brand","embeddable":true,"href":"https:\/\/liquidmaster.pl\/en\/wp-json\/wp\/v2\/product_brand?post=1807031"},{"taxonomy":"product_cat","embeddable":true,"href":"https:\/\/liquidmaster.pl\/en\/wp-json\/wp\/v2\/product_cat?post=1807031"},{"taxonomy":"product_tag","embeddable":true,"href":"https:\/\/liquidmaster.pl\/en\/wp-json\/wp\/v2\/product_tag?post=1807031"}],"curies":[{"name":"wp","href":"https:\/\/api.w.org\/{rel}","templated":true}]}}