{"id":1807029,"date":"2025-03-28T17:38:26","date_gmt":"2025-03-28T15:38:26","guid":{"rendered":"https:\/\/liquidmaster.pl\/kwazar-orion-super-alka-line-6l-opryskiwacz-cisnieniowy\/"},"modified":"2026-04-20T08:19:18","modified_gmt":"2026-04-20T06:19:18","slug":"kwazar-orion-super-alka-line-6l-opryskiwacz-cisnieniowy","status":"publish","type":"product","link":"https:\/\/liquidmaster.pl\/en\/kwazar-orion-super-alka-line-6l-opryskiwacz-cisnieniowy\/","title":{"rendered":"Kwazar Orion Super Alka Line 6L \u2013 pressure sprayer"},"content":{"rendered":"<p>Heavy Duty series sprayer with increased chemical resistance intended for the application of alkaline agents, widely used, among others: in workshops, industry, food processing. Perfect for cleaning, cleaning and disinfecting surfaces, cleaning sanitary and hospital rooms, cleaning steel structures on ships, aircraft components, washing floors, walls, facades in production halls, warehouses, industrial facilities, degreasing tools and engines, removing oils and grease , soot in industrial kitchens. It has EPDM seals.<\/p>\n<p>Characteristics:<\/p>\n<ul>\n<li>fiberglass lance \u2013 length 50 cm<\/li>\n<li>regulowana dysza &#8211; regulacja stopnia rozpylenia (mgie\u0142ka lub strumie\u0144)<\/li>\n<li>convenient funnel \u2013 convenient pouring of liquids<\/li>\n<li>safety valve \u2013 pressure control<\/li>\n<li>liquid level bar \u2013 easy dosing and controlling the liquid level<\/li>\n<li>comfortable carrying belt \u2013 comfort of use during long-term work<\/li>\n<li>stabilizing ring \u2013 stabilization and protection of the tank against damage<\/li>\n<\/ul>","protected":false},"excerpt":{"rendered":"<p>Opryskiwacz z serii Heavy Duty o podwy\u017cszonej odporno\u015bci chemicznej przeznaczony do aplikacji \u015brodk\u00f3w o odczynie zasadowym, szeroko stosowanych m.in. w warsztatach, w przemy\u015ble, w przetw\u00f3rstwie \u017cywno\u015bci. Doskonale sprawdzi si\u0119 przy sprz\u0105taniu, czyszczeniu i dezynfekcji powierzchni,\u00a0 czyszczeniu pomieszcze\u0144 sanitarnych i szpitalnych, czyszczeniu konstrukcji stalowych na statkach, element\u00f3w samolot\u00f3w, myciu pod\u0142\u00f3g, \u015bcian, elewacji w halach produkcyjnych, magazynach,&hellip;&nbsp;<a href=\"https:\/\/liquidmaster.pl\/en\/kwazar-orion-super-alka-line-6l-opryskiwacz-cisnieniowy\/\" rel=\"bookmark\">Read More \u00bb<span class=\"screen-reader-text\">Kwazar Orion Super Alka Line 6L \u2013 pressure sprayer<\/span><\/a><\/p>","protected":false},"featured_media":1849962,"comment_status":"open","ping_status":"open","template":"","meta":{"neve_meta_sidebar":"","neve_meta_container":"","neve_meta_enable_content_width":"","neve_meta_content_width":0,"neve_meta_title_alignment":"","neve_meta_author_avatar":"","neve_post_elements_order":"","neve_meta_disable_header":"","neve_meta_disable_footer":"","neve_meta_disable_title":"","_themeisle_gutenberg_block_has_review":false},"product_brand":[],"product_cat":[757,811],"product_tag":[315],"class_list":{"0":"post-1807029","1":"product","2":"type-product","3":"status-publish","4":"has-post-thumbnail","6":"product_cat-akcesoria","7":"product_cat-pozostale-akcesoria","8":"product_tag-kwazar","10":"first","11":"instock","12":"taxable","13":"shipping-taxable","14":"purchasable","15":"product-type-simple"},"_links":{"self":[{"href":"https:\/\/liquidmaster.pl\/en\/wp-json\/wp\/v2\/product\/1807029","targetHints":{"allow":["GET"]}}],"collection":[{"href":"https:\/\/liquidmaster.pl\/en\/wp-json\/wp\/v2\/product"}],"about":[{"href":"https:\/\/liquidmaster.pl\/en\/wp-json\/wp\/v2\/types\/product"}],"replies":[{"embeddable":true,"href":"https:\/\/liquidmaster.pl\/en\/wp-json\/wp\/v2\/comments?post=1807029"}],"wp:featuredmedia":[{"embeddable":true,"href":"https:\/\/liquidmaster.pl\/en\/wp-json\/wp\/v2\/media\/1849962"}],"wp:attachment":[{"href":"https:\/\/liquidmaster.pl\/en\/wp-json\/wp\/v2\/media?parent=1807029"}],"wp:term":[{"taxonomy":"product_brand","embeddable":true,"href":"https:\/\/liquidmaster.pl\/en\/wp-json\/wp\/v2\/product_brand?post=1807029"},{"taxonomy":"product_cat","embeddable":true,"href":"https:\/\/liquidmaster.pl\/en\/wp-json\/wp\/v2\/product_cat?post=1807029"},{"taxonomy":"product_tag","embeddable":true,"href":"https:\/\/liquidmaster.pl\/en\/wp-json\/wp\/v2\/product_tag?post=1807029"}],"curies":[{"name":"wp","href":"https:\/\/api.w.org\/{rel}","templated":true}]}}