{"id":1807027,"date":"2025-03-28T17:38:22","date_gmt":"2025-03-28T15:38:22","guid":{"rendered":"https:\/\/liquidmaster.pl\/odk-waxed-junkies-fruit-finisher-500ml-quick-detailer\/"},"modified":"2026-04-19T03:14:45","modified_gmt":"2026-04-19T01:14:45","slug":"odk-waxed-junkies-fruit-finisher-500ml-quick-detailer","status":"publish","type":"product","link":"https:\/\/liquidmaster.pl\/en\/odk-waxed-junkies-fruit-finisher-500ml-quick-detailer\/","title":{"rendered":"ODK Waxed Junkies Fruit Finisher 500ml - quick detailer"},"content":{"rendered":"<p>ODK Waxed Junkies Fruit Finisher \u2013 easy-to-use quick detailer, provides high gloss with several weeks of protection. Simply spray on the surface or on a microfiber cloth and spread over the surface, turn over to dry side or use a new, clean cloth and polish to a high shine. It can also be used to clean and refresh interior plastics.<\/p>\n<p>Capacity: 500 ml<\/p>","protected":false},"excerpt":{"rendered":"<p>ODK Waxed Junkies Fruit Finisher \u2013 \u0142atwy w u\u017cyciu quick detailer, zapewnia wysoki po\u0142ysk z kilkutygodniow\u0105 ochron\u0105. Po prostu spryskaj powierzchni\u0119 lub \u015bciereczk\u0119 z mikrofibry i rozprowad\u017a po powierzchni, odwr\u00f3\u0107 na such\u0105 stron\u0119 lub u\u017cyj nowej, czystej szmatki i wypoleruj na wysoki po\u0142ysk. Mo\u017ce by\u0107 r\u00f3wnie\u017c stosowany do czyszczenia i od\u015bwie\u017cania wewn\u0119trznych tworzyw sztucznych. Pojemno\u015b\u0107:&hellip;&nbsp;<a href=\"https:\/\/liquidmaster.pl\/en\/odk-waxed-junkies-fruit-finisher-500ml-quick-detailer\/\" rel=\"bookmark\">Read More \u00bb<span class=\"screen-reader-text\">ODK Waxed Junkies Fruit Finisher 500ml - quick detailer<\/span><\/a><\/p>","protected":false},"featured_media":1848360,"comment_status":"open","ping_status":"open","template":"","meta":{"neve_meta_sidebar":"","neve_meta_container":"","neve_meta_enable_content_width":"","neve_meta_content_width":0,"neve_meta_title_alignment":"","neve_meta_author_avatar":"","neve_post_elements_order":"","neve_meta_disable_header":"","neve_meta_disable_footer":"","neve_meta_disable_title":"","_themeisle_gutenberg_block_has_review":false},"product_brand":[],"product_cat":[733,766,767],"product_tag":[337],"class_list":{"0":"post-1807027","1":"product","2":"type-product","3":"status-publish","4":"has-post-thumbnail","6":"product_cat-na-zewnatrz","7":"product_cat-ochrona-lakieru","8":"product_cat-quick-detailery","9":"product_tag-odk","11":"first","12":"instock","13":"taxable","14":"shipping-taxable","15":"purchasable","16":"product-type-simple"},"_links":{"self":[{"href":"https:\/\/liquidmaster.pl\/en\/wp-json\/wp\/v2\/product\/1807027","targetHints":{"allow":["GET"]}}],"collection":[{"href":"https:\/\/liquidmaster.pl\/en\/wp-json\/wp\/v2\/product"}],"about":[{"href":"https:\/\/liquidmaster.pl\/en\/wp-json\/wp\/v2\/types\/product"}],"replies":[{"embeddable":true,"href":"https:\/\/liquidmaster.pl\/en\/wp-json\/wp\/v2\/comments?post=1807027"}],"wp:featuredmedia":[{"embeddable":true,"href":"https:\/\/liquidmaster.pl\/en\/wp-json\/wp\/v2\/media\/1848360"}],"wp:attachment":[{"href":"https:\/\/liquidmaster.pl\/en\/wp-json\/wp\/v2\/media?parent=1807027"}],"wp:term":[{"taxonomy":"product_brand","embeddable":true,"href":"https:\/\/liquidmaster.pl\/en\/wp-json\/wp\/v2\/product_brand?post=1807027"},{"taxonomy":"product_cat","embeddable":true,"href":"https:\/\/liquidmaster.pl\/en\/wp-json\/wp\/v2\/product_cat?post=1807027"},{"taxonomy":"product_tag","embeddable":true,"href":"https:\/\/liquidmaster.pl\/en\/wp-json\/wp\/v2\/product_tag?post=1807027"}],"curies":[{"name":"wp","href":"https:\/\/api.w.org\/{rel}","templated":true}]}}