{"id":1807025,"date":"2025-03-28T17:38:05","date_gmt":"2025-03-28T15:38:05","guid":{"rendered":"https:\/\/liquidmaster.pl\/kiurlab-mi-wash-20l-plyn-do-prania-mikrofibr\/"},"modified":"2026-04-18T04:39:17","modified_gmt":"2026-04-18T02:39:17","slug":"kiurlab-mi-wash-20l-plyn-do-prania-mikrofibr","status":"publish","type":"product","link":"https:\/\/liquidmaster.pl\/en\/kiurlab-mi-wash-20l-plyn-do-prania-mikrofibr\/","title":{"rendered":"Kiurlab MI-WASH 20L \u2013 microfiber washing liquid"},"content":{"rendered":"<p>Mi-Wash Kiurlab microfiber washing liquid<\/p>\n<p>Are your microfibers rough and hard? Or maybe they get dirty quickly and you want to restore their original cleanliness? Mi-Wash microfiber washing liquid by Kiurlab is a product suitable for your needs. Its specialized formula ensures full effectiveness in removing dirt typical for car care. Additionally, microfibers return to their original softness and elasticity. Find out how to effectively wash microfiber with our liquid!<\/p>\n<p>How to wash microfiber effectively?<\/p>\n<p>The key is to choose the right washing ingredients. Commonly available fabric washing liquids are effective for typical stains on clothes, towels and other home textiles. Microfibers used in car detailing, on the other hand, are exposed to a completely different type of dirt. Popular washing liquids or powders are ineffective at removing grease, residues of car waxes, specialized preservatives or quick detailers, they cause microfibers to lose their absorbency and become hard. To effectively remove this type of dirt from microfiber fibers, use our specialized Mi-Wash microfiber liquid.<\/p>\n<p>Advantages of Mi-Wash KiurLab microfiber washing liquid<\/p>\n<ul>\n<li>effective \u2013 our microfiber washing liquid effectively removes dirt typical for car care<\/li>\n<li>versatile - using our liquid you can wash not only microfibers, but also applicators and pads<\/li>\n<li>easy to use - the product is ready to use and complete, there is no need to use additional fabric softeners or fabric softeners when washing<\/li>\n<li>efficient - the concentrated formula is only 70 ml of liquid per 5 kg of laundry!<\/li>\n<\/ul>\n<p>How to use Mi-Wash KiurLab microfiber washing liquid?<\/p>\n<p>Many people believe that washing microfibers is an activity that does not require specialized detergents. This is a mistake! Mi-Wash by KiurLab ensures high efficiency of removing stains caused by, for example, grease, waxes and coatings, while restoring the softness and absorbency of microfibers.<\/p>\n<p>How to use Mi-Wash KiurLab microfiber washing liquid:<\/p>\n<li>In the case of heavily soiled microfibers, soak them in warm water for a few hours before washing, e.g<\/li>\n<li>Use 70 ml of liquid for 5 kg of laundry<\/li>\n<li>Do not add other detergents, fabric softeners or fabric softeners to the laundry<\/li>\n<li>Set your washing machine to a program for washing synthetic fabrics with a temperature range of min. 30\u00b0C \/ max. 60\u00b0C<\/li>\n<p>Composition:<\/p>\n<p>alcohols, C12-14, ethoxylated; C12-14 alcohols (even-numbered), ethoxylated<\/p>","protected":false},"excerpt":{"rendered":"<p>P\u0142yn do prania mikrofibr Mi-Wash Kiurlab Twoje mikrofibry s\u0105 szorstkie i twarde? A mo\u017ce szybko si\u0119 brudz\u0105 i chcesz przywr\u00f3ci\u0107 im pierwotn\u0105 czysto\u015b\u0107? P\u0142yn do prania mikrofibr Mi-Wash marki Kiurlab to produkt odpowiedni dla Twoich potrzeb. Jego specjalistyczna formu\u0142a zapewnia pe\u0142n\u0105 skuteczno\u015b\u0107 w usuwaniu zabrudze\u0144 typowych przy piel\u0119gnacji aut. Dodatkowo mikrofibry powracaj\u0105 do swojej pierwotnej&hellip;&nbsp;<a href=\"https:\/\/liquidmaster.pl\/en\/kiurlab-mi-wash-20l-plyn-do-prania-mikrofibr\/\" rel=\"bookmark\">Read More \u00bb<span class=\"screen-reader-text\">Kiurlab MI-WASH 20L \u2013 microfiber washing liquid<\/span><\/a><\/p>","protected":false},"featured_media":1849961,"comment_status":"open","ping_status":"open","template":"","meta":{"neve_meta_sidebar":"","neve_meta_container":"","neve_meta_enable_content_width":"","neve_meta_content_width":0,"neve_meta_title_alignment":"","neve_meta_author_avatar":"","neve_post_elements_order":"","neve_meta_disable_header":"","neve_meta_disable_footer":"","neve_meta_disable_title":"","_themeisle_gutenberg_block_has_review":false},"product_brand":[],"product_cat":[757,758,761],"product_tag":[917],"class_list":{"0":"post-1807025","1":"product","2":"type-product","3":"status-publish","4":"has-post-thumbnail","6":"product_cat-akcesoria","7":"product_cat-mikrofibry-i-reczniki","8":"product_cat-pranie-mikrofibr-mikrofibry-i-reczniki","9":"product_tag-kiurlab","11":"first","12":"instock","13":"taxable","14":"shipping-taxable","15":"purchasable","16":"product-type-simple"},"_links":{"self":[{"href":"https:\/\/liquidmaster.pl\/en\/wp-json\/wp\/v2\/product\/1807025","targetHints":{"allow":["GET"]}}],"collection":[{"href":"https:\/\/liquidmaster.pl\/en\/wp-json\/wp\/v2\/product"}],"about":[{"href":"https:\/\/liquidmaster.pl\/en\/wp-json\/wp\/v2\/types\/product"}],"replies":[{"embeddable":true,"href":"https:\/\/liquidmaster.pl\/en\/wp-json\/wp\/v2\/comments?post=1807025"}],"wp:featuredmedia":[{"embeddable":true,"href":"https:\/\/liquidmaster.pl\/en\/wp-json\/wp\/v2\/media\/1849961"}],"wp:attachment":[{"href":"https:\/\/liquidmaster.pl\/en\/wp-json\/wp\/v2\/media?parent=1807025"}],"wp:term":[{"taxonomy":"product_brand","embeddable":true,"href":"https:\/\/liquidmaster.pl\/en\/wp-json\/wp\/v2\/product_brand?post=1807025"},{"taxonomy":"product_cat","embeddable":true,"href":"https:\/\/liquidmaster.pl\/en\/wp-json\/wp\/v2\/product_cat?post=1807025"},{"taxonomy":"product_tag","embeddable":true,"href":"https:\/\/liquidmaster.pl\/en\/wp-json\/wp\/v2\/product_tag?post=1807025"}],"curies":[{"name":"wp","href":"https:\/\/api.w.org\/{rel}","templated":true}]}}