{"id":1807023,"date":"2025-03-28T17:38:05","date_gmt":"2025-03-28T15:38:05","guid":{"rendered":"https:\/\/liquidmaster.pl\/ik-multi-tr1l-black-360\/"},"modified":"2026-04-20T08:19:17","modified_gmt":"2026-04-20T06:19:17","slug":"ik-multi-tr1l-black-360","status":"publish","type":"product","link":"https:\/\/liquidmaster.pl\/en\/ik-multi-tr1l-black-360\/","title":{"rendered":"IK MULTI TR1L black 360"},"content":{"rendered":"<p>IK MULTI TR1 l black 360<\/p>\n<p>\nThe convenient and practical IK MULTI TR1l black sprayer tank is a product that allows you to work comfortably when cleaning your car.<\/p>\n<p>This high-class sprayer will perform well in various tasks, providing us with the best properties during use.<br \/>\n1 liter will allow us to prepare for various types of car cleaning projects.<\/p>\n<p>Thanks to the convenient IK MULTI TR1l black tank, we will be able to prepare appropriate liquids which we can then spray our car with.<\/p>\n<p>All with the help of a convenient device that will spray our car very well.<\/p>\n<p>\nLet&#039;s take care of professional tools that should be in every garage and workplace where cars are taken care of.<\/p>\n<p>Thanks to the IK MULTI TR1l black product, we will be able to take care of our car quickly and conveniently, without any major difficulties.<\/p>\n<p>This is a product that cannot be missing in any workplace or washing machine. Thanks to it, we can spray any car without any difficulties. We recommend!<\/p>","protected":false},"excerpt":{"rendered":"<p>IK MULTI TR1 l black 360 Wygodny i praktyczny zbiornik z opryskiwaczem IK MULTI TR1l black to produkt, dzi\u0119ki kt\u00f3remu zadbamy o wygodn\u0105 prac\u0119 podczas czyszczenia naszego auta. Ten wysokiej klasy opryskiwacz sprawdzi si\u0119 dobrze w r\u00f3\u017cnych zadaniach, daj\u0105c nam do dyspozycji najlepsze w\u0142a\u015bciwo\u015bci podczas u\u017cytkowania. 1 litr pozwoli nam przygotowa\u0107 si\u0119 na r\u00f3\u017cnego rodzaju&hellip;&nbsp;<a href=\"https:\/\/liquidmaster.pl\/en\/ik-multi-tr1l-black-360\/\" rel=\"bookmark\">Read More \u00bb<span class=\"screen-reader-text\">IK MULTI TR1L black 360<\/span><\/a><\/p>","protected":false},"featured_media":1849954,"comment_status":"open","ping_status":"open","template":"","meta":{"neve_meta_sidebar":"","neve_meta_container":"","neve_meta_enable_content_width":"","neve_meta_content_width":0,"neve_meta_title_alignment":"","neve_meta_author_avatar":"","neve_post_elements_order":"","neve_meta_disable_header":"","neve_meta_disable_footer":"","neve_meta_disable_title":"","_themeisle_gutenberg_block_has_review":false},"product_brand":[],"product_cat":[757,811],"product_tag":[306],"class_list":{"0":"post-1807023","1":"product","2":"type-product","3":"status-publish","4":"has-post-thumbnail","6":"product_cat-akcesoria","7":"product_cat-pozostale-akcesoria","8":"product_tag-ik-sprayers","10":"first","11":"instock","12":"taxable","13":"shipping-taxable","14":"purchasable","15":"product-type-simple"},"_links":{"self":[{"href":"https:\/\/liquidmaster.pl\/en\/wp-json\/wp\/v2\/product\/1807023","targetHints":{"allow":["GET"]}}],"collection":[{"href":"https:\/\/liquidmaster.pl\/en\/wp-json\/wp\/v2\/product"}],"about":[{"href":"https:\/\/liquidmaster.pl\/en\/wp-json\/wp\/v2\/types\/product"}],"replies":[{"embeddable":true,"href":"https:\/\/liquidmaster.pl\/en\/wp-json\/wp\/v2\/comments?post=1807023"}],"wp:featuredmedia":[{"embeddable":true,"href":"https:\/\/liquidmaster.pl\/en\/wp-json\/wp\/v2\/media\/1849954"}],"wp:attachment":[{"href":"https:\/\/liquidmaster.pl\/en\/wp-json\/wp\/v2\/media?parent=1807023"}],"wp:term":[{"taxonomy":"product_brand","embeddable":true,"href":"https:\/\/liquidmaster.pl\/en\/wp-json\/wp\/v2\/product_brand?post=1807023"},{"taxonomy":"product_cat","embeddable":true,"href":"https:\/\/liquidmaster.pl\/en\/wp-json\/wp\/v2\/product_cat?post=1807023"},{"taxonomy":"product_tag","embeddable":true,"href":"https:\/\/liquidmaster.pl\/en\/wp-json\/wp\/v2\/product_tag?post=1807023"}],"curies":[{"name":"wp","href":"https:\/\/api.w.org\/{rel}","templated":true}]}}