{"id":1807017,"date":"2025-03-28T17:36:59","date_gmt":"2025-03-28T15:36:59","guid":{"rendered":"https:\/\/liquidmaster.pl\/odk-waxed-junkies-bead-raver-100ml-hybrydowy-wosk-samochodowy\/"},"modified":"2026-03-14T05:41:56","modified_gmt":"2026-03-14T03:41:56","slug":"odk-waxed-junkies-bead-raver-100ml-hybrydowy-wosk-samochodowy","status":"publish","type":"product","link":"https:\/\/liquidmaster.pl\/en\/odk-waxed-junkies-bead-raver-100ml-hybrydowy-wosk-samochodowy\/","title":{"rendered":"ODK Waxed Junkies Bead Raver 100ml - hybrid car wax"},"content":{"rendered":"<p>ODK Waxed Junkies Bead Raver \u2013 if you are looking for pearls and a stunning shine, this is the perfect wax for you! Bead Raver is a mixture of synthetic, montan and carnauba waxes. It is easy to use, leaves exceptional shine and protection and crazy water beading thanks to three advanced polymers. Durability 4-5 months.<\/p>\n<p>Capacity: 100 ml<\/p>","protected":false},"excerpt":{"rendered":"<p>ODK Waxed Junkies Bead Raver \u2013 je\u015bli szukasz perlenia i osza\u0142amiaj\u0105cego blasku, jest to idealny wosk dla Ciebie! Bead Raver to mieszanka wosk\u00f3w syntetycznych, montanowego i carnauba. Jest \u0142atwy w u\u017cyciu, pozostawia wyj\u0105tkowy po\u0142ysk i ochron\u0119 oraz szalone kropelkowanie wody dzi\u0119ki trzem zaawansowanym polimerom. Trwa\u0142o\u015b\u0107 4-5 miesi\u0119cy. Pojemno\u015b\u0107: 100 ml<\/p>","protected":false},"featured_media":1848346,"comment_status":"open","ping_status":"open","template":"","meta":{"neve_meta_sidebar":"","neve_meta_container":"","neve_meta_enable_content_width":"","neve_meta_content_width":0,"neve_meta_title_alignment":"","neve_meta_author_avatar":"","neve_post_elements_order":"","neve_meta_disable_header":"","neve_meta_disable_footer":"","neve_meta_disable_title":"","_themeisle_gutenberg_block_has_review":false},"product_brand":[],"product_cat":[733,766,788],"product_tag":[337],"class_list":{"0":"post-1807017","1":"product","2":"type-product","3":"status-publish","4":"has-post-thumbnail","6":"product_cat-na-zewnatrz","7":"product_cat-ochrona-lakieru","8":"product_cat-woski","9":"product_tag-odk","11":"first","12":"outofstock","13":"taxable","14":"shipping-taxable","15":"purchasable","16":"product-type-simple"},"_links":{"self":[{"href":"https:\/\/liquidmaster.pl\/en\/wp-json\/wp\/v2\/product\/1807017","targetHints":{"allow":["GET"]}}],"collection":[{"href":"https:\/\/liquidmaster.pl\/en\/wp-json\/wp\/v2\/product"}],"about":[{"href":"https:\/\/liquidmaster.pl\/en\/wp-json\/wp\/v2\/types\/product"}],"replies":[{"embeddable":true,"href":"https:\/\/liquidmaster.pl\/en\/wp-json\/wp\/v2\/comments?post=1807017"}],"wp:featuredmedia":[{"embeddable":true,"href":"https:\/\/liquidmaster.pl\/en\/wp-json\/wp\/v2\/media\/1848346"}],"wp:attachment":[{"href":"https:\/\/liquidmaster.pl\/en\/wp-json\/wp\/v2\/media?parent=1807017"}],"wp:term":[{"taxonomy":"product_brand","embeddable":true,"href":"https:\/\/liquidmaster.pl\/en\/wp-json\/wp\/v2\/product_brand?post=1807017"},{"taxonomy":"product_cat","embeddable":true,"href":"https:\/\/liquidmaster.pl\/en\/wp-json\/wp\/v2\/product_cat?post=1807017"},{"taxonomy":"product_tag","embeddable":true,"href":"https:\/\/liquidmaster.pl\/en\/wp-json\/wp\/v2\/product_tag?post=1807017"}],"curies":[{"name":"wp","href":"https:\/\/api.w.org\/{rel}","templated":true}]}}