{"id":1807015,"date":"2025-03-28T17:36:49","date_gmt":"2025-03-28T15:36:49","guid":{"rendered":"https:\/\/liquidmaster.pl\/gyeon-q2-trim-evo-30ml-powloka-do-zabezpieczenia-tworzyw-sztucznych\/"},"modified":"2026-04-18T04:39:16","modified_gmt":"2026-04-18T02:39:16","slug":"gyeon-q2-trim-evo-30ml-powloka-do-zabezpieczenia-tworzyw-sztucznych","status":"publish","type":"product","link":"https:\/\/liquidmaster.pl\/en\/gyeon-q2-trim-evo-30ml-powloka-do-zabezpieczenia-tworzyw-sztucznych\/","title":{"rendered":"Gyeon Q2 Trim EVO 30ml \u2013 coating for protecting plastics"},"content":{"rendered":"<p>Gyeon Q\u00b2 Trim - has a composition that allows application to various body parts: unpainted plastic elements, plastics with a visible structure, &quot;piano black&quot; finishes - which are difficult to care for, on lamp and headlight shades after renovation. This unique feature is difficult to find in competing products.<\/p>\n<p>Q\u00b2 Trim is not only a protective coating, but also has strong renovation and color restoring properties.<\/p>\n<p>Tip: On porous, unvarnished surfaces you can apply the product without rubbing. Make sure you spread the product evenly and just leave it to dry. It will stay fresh for months! You can use the foam applicator on porous surfaces for a perfect finish.<\/p>\n<ul>\n<li>Consumption: 30 ml \/ 5-10 cars<\/li>\n<li>pH tolerance: 2-11<\/li>\n<li>Contact angle: &gt;80\u00b0<\/li>\n<li>Thickness: 0.2 \u2013 0.5 qm<\/li>\n<li>Durability: &gt;24 months<\/li>\n<\/ul>\n<p>Capacity: 30 ml<\/p>\n<p>\u00a0<\/p>","protected":false},"excerpt":{"rendered":"<p>Gyeon Q\u00b2 Trim \u2013 ma sk\u0142ad, kt\u00f3ry pozwala na aplikacj\u0119 na r\u00f3\u017cne cz\u0119\u015bci nadwozia: nielakierowane elementy z plastiku, plastiki z widoczn\u0105 struktur\u0105, wyko\u0144czenia &#8222;piano black&#8221; \u2013 kt\u00f3re s\u0105 trudne w piel\u0119gnacji, na kloszach lamp i reflektor\u00f3w po renowacji. Ta wyj\u0105tkowa cecha jest trudna do znalezienia w konkurencyjnych produktach. Q\u00b2\u00a0Trim jest nie tylko pow\u0142ok\u0105 ochronna, ale&hellip;&nbsp;<a href=\"https:\/\/liquidmaster.pl\/en\/gyeon-q2-trim-evo-30ml-powloka-do-zabezpieczenia-tworzyw-sztucznych\/\" rel=\"bookmark\">Read More \u00bb<span class=\"screen-reader-text\">Gyeon Q2 Trim EVO 30ml \u2013 coating for protecting plastics<\/span><\/a><\/p>","protected":false},"featured_media":1849946,"comment_status":"open","ping_status":"open","template":"","meta":{"neve_meta_sidebar":"","neve_meta_container":"","neve_meta_enable_content_width":"","neve_meta_content_width":0,"neve_meta_title_alignment":"","neve_meta_author_avatar":"","neve_post_elements_order":"","neve_meta_disable_header":"","neve_meta_disable_footer":"","neve_meta_disable_title":"","_themeisle_gutenberg_block_has_review":false},"product_brand":[],"product_cat":[814,733,815],"product_tag":[302],"class_list":{"0":"post-1807015","1":"product","2":"type-product","3":"status-publish","4":"has-post-thumbnail","6":"product_cat-elementy-gumowe-i-plastikowe","7":"product_cat-na-zewnatrz","8":"product_cat-ochrona-gumy-i-plastikow","9":"product_tag-gyeon","11":"first","12":"instock","13":"taxable","14":"shipping-taxable","15":"purchasable","16":"product-type-simple"},"_links":{"self":[{"href":"https:\/\/liquidmaster.pl\/en\/wp-json\/wp\/v2\/product\/1807015","targetHints":{"allow":["GET"]}}],"collection":[{"href":"https:\/\/liquidmaster.pl\/en\/wp-json\/wp\/v2\/product"}],"about":[{"href":"https:\/\/liquidmaster.pl\/en\/wp-json\/wp\/v2\/types\/product"}],"replies":[{"embeddable":true,"href":"https:\/\/liquidmaster.pl\/en\/wp-json\/wp\/v2\/comments?post=1807015"}],"wp:featuredmedia":[{"embeddable":true,"href":"https:\/\/liquidmaster.pl\/en\/wp-json\/wp\/v2\/media\/1849946"}],"wp:attachment":[{"href":"https:\/\/liquidmaster.pl\/en\/wp-json\/wp\/v2\/media?parent=1807015"}],"wp:term":[{"taxonomy":"product_brand","embeddable":true,"href":"https:\/\/liquidmaster.pl\/en\/wp-json\/wp\/v2\/product_brand?post=1807015"},{"taxonomy":"product_cat","embeddable":true,"href":"https:\/\/liquidmaster.pl\/en\/wp-json\/wp\/v2\/product_cat?post=1807015"},{"taxonomy":"product_tag","embeddable":true,"href":"https:\/\/liquidmaster.pl\/en\/wp-json\/wp\/v2\/product_tag?post=1807015"}],"curies":[{"name":"wp","href":"https:\/\/api.w.org\/{rel}","templated":true}]}}