{"id":1807013,"date":"2025-03-28T17:36:49","date_gmt":"2025-03-28T15:36:49","guid":{"rendered":"https:\/\/liquidmaster.pl\/gyeon-q2m-buggrime-4l-srodek-do-usuwania-owadow-i-brudu\/"},"modified":"2026-04-20T08:19:15","modified_gmt":"2026-04-20T06:19:15","slug":"gyeon-q2m-buggrime-4l-srodek-do-usuwania-owadow-i-brudu","status":"publish","type":"product","link":"https:\/\/liquidmaster.pl\/en\/gyeon-q2m-buggrime-4l-srodek-do-usuwania-owadow-i-brudu\/","title":{"rendered":"GYEON Q2M Bug&amp;Grime 4L \u2013 insect and dirt remover"},"content":{"rendered":"<p>Q\u00b2M Bug&amp;Grime now in new packaging! It is a powerful and very efficient pre-wash product designed specifically to remove broken insects and greasy road grime. Dissolves dirt and ensures safe and scratch-free subsequent washing. A first-need product after summer road trips outside the city. Q\u00b2M Bug&amp;Grime works quickly and effectively, while remaining safe for protective coatings.<\/p>\n<p>THE BEST PRODUCT FOR REMOVING INSECTS AND ROAD DIRT and STRONG AND READY TO USE<\/p>\n<p>Q\u00b2M Bug&amp;Grime is a powerful, ready-to-use product, designed to remove crushed insects and greasy road grime safely. Applying it to the paint and rinsing with a pressure washer will remove most visible dirt, even in the form of old and stubborn stains. Despite its power, Q\u00b2M Bug&amp;Grime is safe for all types of paint, protective coatings and most waxes!<\/p>\n<p>Q\u00b2M Bug&amp;Grime can be used as a strong and effective pre-spray during the first stages of thorough cleaning. Just let it work on the surface and rinse off. It is also a great help during more thorough cleaning processes because it can deal with tightly bound dirt. It is perfect for working with delicate brushes.<\/p>\n<p>\u00a0<\/p>","protected":false},"excerpt":{"rendered":"<p>Q\u00b2M Bug&#038;Grime teraz w nowym opakowaniu! Jest to silny i bardzo wydajny produkt do mycia wst\u0119pnego zaprojektowany specjalnie do usuwania rozbitych owad\u00f3w i t\u0142ustego brudu drogowego. Rozpuszcza zabrudzenia i zapewnia bezpieczne i wolne od rys p\u00f3\u017aniejsze mycie. Produkt pierwszej potrzeby po letnich wycieczkach drogami za miastem. Q\u00b2M Bug&#038;Grime dzia\u0142a szybko i skutecznie, pozostaj\u0105c bezpiecznym dla&hellip;&nbsp;<a href=\"https:\/\/liquidmaster.pl\/en\/gyeon-q2m-buggrime-4l-srodek-do-usuwania-owadow-i-brudu\/\" rel=\"bookmark\">Read More \u00bb<span class=\"screen-reader-text\">GYEON Q2M Bug&amp;Grime 4L \u2013 insect and dirt remover<\/span><\/a><\/p>","protected":false},"featured_media":1849945,"comment_status":"open","ping_status":"open","template":"","meta":{"neve_meta_sidebar":"","neve_meta_container":"","neve_meta_enable_content_width":"","neve_meta_content_width":0,"neve_meta_title_alignment":"","neve_meta_author_avatar":"","neve_post_elements_order":"","neve_meta_disable_header":"","neve_meta_disable_footer":"","neve_meta_disable_title":"","_themeisle_gutenberg_block_has_review":false},"product_brand":[],"product_cat":[743,733,754],"product_tag":[302],"class_list":{"0":"post-1807013","1":"product","2":"type-product","3":"status-publish","4":"has-post-thumbnail","6":"product_cat-dekontaminacja","7":"product_cat-na-zewnatrz","8":"product_cat-usuwanie-owadow","9":"product_tag-gyeon","11":"first","12":"instock","13":"taxable","14":"shipping-taxable","15":"purchasable","16":"product-type-simple"},"_links":{"self":[{"href":"https:\/\/liquidmaster.pl\/en\/wp-json\/wp\/v2\/product\/1807013","targetHints":{"allow":["GET"]}}],"collection":[{"href":"https:\/\/liquidmaster.pl\/en\/wp-json\/wp\/v2\/product"}],"about":[{"href":"https:\/\/liquidmaster.pl\/en\/wp-json\/wp\/v2\/types\/product"}],"replies":[{"embeddable":true,"href":"https:\/\/liquidmaster.pl\/en\/wp-json\/wp\/v2\/comments?post=1807013"}],"wp:featuredmedia":[{"embeddable":true,"href":"https:\/\/liquidmaster.pl\/en\/wp-json\/wp\/v2\/media\/1849945"}],"wp:attachment":[{"href":"https:\/\/liquidmaster.pl\/en\/wp-json\/wp\/v2\/media?parent=1807013"}],"wp:term":[{"taxonomy":"product_brand","embeddable":true,"href":"https:\/\/liquidmaster.pl\/en\/wp-json\/wp\/v2\/product_brand?post=1807013"},{"taxonomy":"product_cat","embeddable":true,"href":"https:\/\/liquidmaster.pl\/en\/wp-json\/wp\/v2\/product_cat?post=1807013"},{"taxonomy":"product_tag","embeddable":true,"href":"https:\/\/liquidmaster.pl\/en\/wp-json\/wp\/v2\/product_tag?post=1807013"}],"curies":[{"name":"wp","href":"https:\/\/api.w.org\/{rel}","templated":true}]}}