{"id":1807003,"date":"2025-03-28T17:36:26","date_gmt":"2025-03-28T15:36:26","guid":{"rendered":"https:\/\/liquidmaster.pl\/fx-protect-mikrofibra-suede-10szt-biala\/"},"modified":"2026-04-20T08:19:13","modified_gmt":"2026-04-20T06:19:13","slug":"fx-protect-mikrofibra-suede-10szt-biala","status":"publish","type":"product","link":"https:\/\/liquidmaster.pl\/en\/fx-protect-mikrofibra-suede-10szt-biala\/","title":{"rendered":"FX Protect microfiber suede 10 pcs. White"},"content":{"rendered":"<p>The product was created for the application of protective coatings. Suede microfiber is the highest quality seamless cloth intended for applying protective coatings. The soft, smooth and delicate structure of microfiber makes working with it a pleasure.<\/p>\n<p>Dimensions: 10 cm x 10 cm<\/p>\n<p>10 pieces<\/p>","protected":false},"excerpt":{"rendered":"<p>Produkt stworzony do aplikacji pow\u0142ok ochronnych. Mikrofibra suede to najwy\u017cszej jako\u015bci bezszwowa \u015bciereczka przeznaczona do aplikacji pow\u0142ok ochronnych. Mi\u0119kka, g\u0142adka oraz delikatna struktura mikrofibry sprawia, \u017ce praca z ni\u0105 to sama przyjemno\u015b\u0107. Wymiary: 10 cm x 10 cm 10 sztuk<\/p>","protected":false},"featured_media":1849936,"comment_status":"open","ping_status":"open","template":"","meta":{"neve_meta_sidebar":"","neve_meta_container":"","neve_meta_enable_content_width":"","neve_meta_content_width":0,"neve_meta_title_alignment":"","neve_meta_author_avatar":"","neve_post_elements_order":"","neve_meta_disable_header":"","neve_meta_disable_footer":"","neve_meta_disable_title":"","_themeisle_gutenberg_block_has_review":false},"product_brand":[],"product_cat":[757,786,787],"product_tag":[299],"class_list":{"0":"post-1807003","1":"product","2":"type-product","3":"status-publish","4":"has-post-thumbnail","6":"product_cat-akcesoria","7":"product_cat-aplikatory","8":"product_cat-aplikatory-do-ceramiki","9":"product_tag-fx-protect","11":"first","12":"instock","13":"taxable","14":"shipping-taxable","15":"purchasable","16":"product-type-simple"},"_links":{"self":[{"href":"https:\/\/liquidmaster.pl\/en\/wp-json\/wp\/v2\/product\/1807003","targetHints":{"allow":["GET"]}}],"collection":[{"href":"https:\/\/liquidmaster.pl\/en\/wp-json\/wp\/v2\/product"}],"about":[{"href":"https:\/\/liquidmaster.pl\/en\/wp-json\/wp\/v2\/types\/product"}],"replies":[{"embeddable":true,"href":"https:\/\/liquidmaster.pl\/en\/wp-json\/wp\/v2\/comments?post=1807003"}],"wp:featuredmedia":[{"embeddable":true,"href":"https:\/\/liquidmaster.pl\/en\/wp-json\/wp\/v2\/media\/1849936"}],"wp:attachment":[{"href":"https:\/\/liquidmaster.pl\/en\/wp-json\/wp\/v2\/media?parent=1807003"}],"wp:term":[{"taxonomy":"product_brand","embeddable":true,"href":"https:\/\/liquidmaster.pl\/en\/wp-json\/wp\/v2\/product_brand?post=1807003"},{"taxonomy":"product_cat","embeddable":true,"href":"https:\/\/liquidmaster.pl\/en\/wp-json\/wp\/v2\/product_cat?post=1807003"},{"taxonomy":"product_tag","embeddable":true,"href":"https:\/\/liquidmaster.pl\/en\/wp-json\/wp\/v2\/product_tag?post=1807003"}],"curies":[{"name":"wp","href":"https:\/\/api.w.org\/{rel}","templated":true}]}}